{"id":6620,"date":"2019-11-19T13:13:53","date_gmt":"2019-11-19T12:13:53","guid":{"rendered":"https:\/\/ail-echalote-certifie.org\/?page_id=6620"},"modified":"2019-11-19T13:13:54","modified_gmt":"2019-11-19T12:13:54","slug":"traditional-shallot","status":"publish","type":"page","link":"https:\/\/ail-echalote-certifie.org\/en\/traditional-shallot\/","title":{"rendered":"Traditional shallot"},"content":{"rendered":"<p>[vc_row equal_height=&#8221;yes&#8221; rtl_reverse=&#8221;yes&#8221; content_placement=&#8221;top&#8221; css_animation=&#8221;none&#8221; css=&#8221;.vc_custom_1567694788035{background-color: #f6f6f6 !important;}&#8221;][vc_column][vc_custom_heading text=&#8221;<strong><em>Gardeners that purchase certified shallot plants have a guarantee that they will be growing and enjoying the genuine taste of: Traditional shallots.<\/em><\/strong>&#8221; font_container=&#8221;tag:div|font_size:18|text_align:left&#8221; use_theme_fonts=&#8221;yes&#8221; css=&#8221;.vc_custom_1574162617696{margin-bottom: 20px !important;}&#8221;][\/vc_column][\/vc_row][vc_row][vc_column width=&#8221;1\/2&#8243;][vc_column_text]The term<span>\u00a0<\/span><b><i>shallot<\/i><\/b><span>\u00a0<\/span>is often erroneously used to market other closely-related vegetables from the onion family, which are very similar in taste and appearance, but which are in fact just<span>\u00a0<\/span><b><i>plain onions.<\/i><\/b><\/p>\n<p>In 2006, the European court of Justice ruled that the term shallot &#8212; which was only used up until then to market<span>\u00a0<\/span><b>plants propagated from bulbs<\/b><span>\u00a0<\/span>(vegetative propagation) &#8212; could also be used to market<span>\u00a0<\/span><b>new varieties grown from seed<\/b><span>\u00a0<\/span>(provided they are sufficiently \u2018aggregatum\u2019, meaning they have a \u2018strong ability to division\u2019, something which must be verified on a scientific basis (2-year protocol) before the variety in question can be included in the European Catalogue).<\/p>\n<p>These new varieties are marketed as<span>\u00a0<\/span><b>\u2018shallot grown from seed\u2019<\/b>, so consumers can make the distinction with planted varieties, which are now marketed as<span>\u00a0<\/span><b><i>\u2018traditional shallots&#8217;<\/i><\/b>.[\/vc_column_text][\/vc_column][vc_column width=&#8221;1\/2&#8243;][vc_single_image image=&#8221;6623&#8243; img_size=&#8221;600&#215;450&#8243; add_caption=&#8221;yes&#8221; alignment=&#8221;right&#8221;][\/vc_column][\/vc_row][vc_row][vc_column][vc_column_text]The Latin botanical name of the ancestral shallot plant (<i>Allium ascalonicum<\/i>) has now been officially changed to:<span>\u00a0<\/span><i>Allium cepa<\/i><span>\u00a0<\/span>gr.<i>aggregatum<\/i>. This applies to traditional shallot, and to a lesser extent to shallot grown from seed. As for onions, they are now officially referred to as:<span>\u00a0<\/span><i>Allium cepa<\/i><span>\u00a0<\/span>gr.<i>cepa<\/i>.<\/p>\n<p>It is important that the consumer should be able to easily identify these different varieties as they have a very distinctive flavour.<span>\u00a0<\/span><b><i>Traditional shallot<\/i><\/b><span>\u00a0<\/span>has a pronounced flavour (which gastronomes also describe as more subtle) and is often used in Haute Cuisine. In France, traditional shallots are marketed under the name of<span>\u00a0<\/span><b><i>\u2018Traditional Shallot\u2019<\/i><\/b>.<\/p>\n<p>By purchasing<span>\u00a0<\/span><b>certified plants,<\/b><span>\u00a0<\/span>gardeners are sure to be growing<span>\u00a0<\/span><b><i>traditional shallot<\/i><\/b><span>\u00a0<\/span>with an intense and refined flavour. These plants can easily be propagated by replanting the bulbs (unlike varieties grown from seed, which produce seeds when bulbs are replanted), however we strongly recommend that new plants be purchased on a regular basis in order to maintain the highest level of phytosanitary safety.[\/vc_column_text][\/vc_column][\/vc_row][vc_row][vc_column width=&#8221;1\/2&#8243;][vc_single_image image=&#8221;6629&#8243; img_size=&#8221;full&#8221; add_caption=&#8221;yes&#8221;][\/vc_column][vc_column width=&#8221;1\/2&#8243;][vc_column_text]<span>If you wish additional information on this topic, please click on this link to visit the\u00a0<\/span><b><i>traditional shallot<\/i><\/b><span>\u00a0website\u00a0<\/span><span style=\"color: #b7190e;\"><strong><a href=\"http:\/\/www.echalotetraditionnelle.com\/\" title=\"traditional shallot website\" target=\"_blanck\" style=\"color: #b7190e;\" rel=\"noopener noreferrer\">www.echalotetraditionnelle.com<\/a><\/strong><\/span>[\/vc_column_text][\/vc_column][\/vc_row][vc_row][vc_column][vc_empty_space height=&#8221;5px&#8221;][\/vc_column][\/vc_row][vc_row][vc_column][vc_btn title=&#8221;History and Health Benefits of Shallot&#8221; color=&#8221;juicy-pink&#8221; align=&#8221;center&#8221; link=&#8221;url:https%3A%2F%2Fail-echalote-certifie.org%2Fen%2Fhistory-and-properties-of-shallots%2F|title:Health%20Benefits%20of%20Sallot|&#8221; el_class=&#8221;btn-toutes-varietes-echalotes&#8221; css=&#8221;.vc_custom_1568898409943{border-radius: 35px !important;}&#8221;][\/vc_column][\/vc_row]<\/p>\n","protected":false},"excerpt":{"rendered":"<p>[vc_row equal_height=&#8221;yes&#8221; rtl_reverse=&#8221;yes&#8221; content_placement=&#8221;top&#8221; css_animation=&#8221;none&#8221; css=&#8221;.vc_custom_1567694788035{background-color: #f6f6f6 !important;}&#8221;][vc_column][vc_custom_heading text=&#8221;Gardeners that purchase certified shallot plants have a guarantee that they will be growing and enjoying the genuine taste of: Traditional shallots.&#8221; [&hellip;]<\/p>\n","protected":false},"author":3,"featured_media":0,"parent":0,"menu_order":0,"comment_status":"closed","ping_status":"closed","template":"","meta":{"_acf_changed":false,"footnotes":""},"categories":[],"class_list":["post-6620","page","type-page","status-publish","hentry"],"acf":[],"yoast_head":"<!-- This site is optimized with the Yoast SEO plugin v27.5 - https:\/\/yoast.com\/product\/yoast-seo-wordpress\/ -->\n<title>Traditional shallot - Le plant certifi\u00e9 d&#039;ail et d&#039;\u00e9chalote<\/title>\n<meta name=\"robots\" content=\"index, follow, max-snippet:-1, max-image-preview:large, max-video-preview:-1\" \/>\n<link rel=\"canonical\" href=\"https:\/\/ail-echalote-certifie.org\/en\/traditional-shallot\/\" \/>\n<meta property=\"og:locale\" content=\"en_US\" \/>\n<meta property=\"og:type\" content=\"article\" \/>\n<meta property=\"og:title\" content=\"Traditional shallot - Le plant certifi\u00e9 d&#039;ail et d&#039;\u00e9chalote\" \/>\n<meta property=\"og:description\" content=\"[vc_row equal_height=&#8221;yes&#8221; rtl_reverse=&#8221;yes&#8221; content_placement=&#8221;top&#8221; css_animation=&#8221;none&#8221; css=&#8221;.vc_custom_1567694788035{background-color: #f6f6f6 !important;}&#8221;][vc_column][vc_custom_heading text=&#8221;Gardeners that purchase certified shallot plants have a guarantee that they will be growing and enjoying the genuine taste of: Traditional shallots.&#8221; [&hellip;]\" \/>\n<meta property=\"og:url\" content=\"https:\/\/ail-echalote-certifie.org\/en\/traditional-shallot\/\" \/>\n<meta property=\"og:site_name\" content=\"Le plant certifi\u00e9 d&#039;ail et d&#039;\u00e9chalote\" \/>\n<meta property=\"article:modified_time\" content=\"2019-11-19T12:13:54+00:00\" \/>\n<meta name=\"twitter:card\" content=\"summary_large_image\" \/>\n<meta name=\"twitter:label1\" content=\"Est. reading time\" \/>\n\t<meta name=\"twitter:data1\" content=\"3 minutes\" \/>\n<script type=\"application\/ld+json\" class=\"yoast-schema-graph\">{\"@context\":\"https:\\\/\\\/schema.org\",\"@graph\":[{\"@type\":\"WebPage\",\"@id\":\"https:\\\/\\\/ail-echalote-certifie.org\\\/en\\\/traditional-shallot\\\/\",\"url\":\"https:\\\/\\\/ail-echalote-certifie.org\\\/en\\\/traditional-shallot\\\/\",\"name\":\"Traditional shallot - Le plant certifi\u00e9 d&#039;ail et d&#039;\u00e9chalote\",\"isPartOf\":{\"@id\":\"https:\\\/\\\/ail-echalote-certifie.org\\\/en\\\/#website\"},\"datePublished\":\"2019-11-19T12:13:53+00:00\",\"dateModified\":\"2019-11-19T12:13:54+00:00\",\"breadcrumb\":{\"@id\":\"https:\\\/\\\/ail-echalote-certifie.org\\\/en\\\/traditional-shallot\\\/#breadcrumb\"},\"inLanguage\":\"en-US\",\"potentialAction\":[{\"@type\":\"ReadAction\",\"target\":[\"https:\\\/\\\/ail-echalote-certifie.org\\\/en\\\/traditional-shallot\\\/\"]}]},{\"@type\":\"BreadcrumbList\",\"@id\":\"https:\\\/\\\/ail-echalote-certifie.org\\\/en\\\/traditional-shallot\\\/#breadcrumb\",\"itemListElement\":[{\"@type\":\"ListItem\",\"position\":1,\"name\":\"Accueil\",\"item\":\"https:\\\/\\\/ail-echalote-certifie.org\\\/en\\\/\"},{\"@type\":\"ListItem\",\"position\":2,\"name\":\"Traditional shallot\"}]},{\"@type\":\"WebSite\",\"@id\":\"https:\\\/\\\/ail-echalote-certifie.org\\\/en\\\/#website\",\"url\":\"https:\\\/\\\/ail-echalote-certifie.org\\\/en\\\/\",\"name\":\"Le plant certifi\u00e9 d\u2019ail et d\u2019\u00e9chalote\",\"description\":\"Avec le plant certifi\u00e9, vous mettez toutes les chances de votre c\u00f4t\u00e9 !\",\"publisher\":{\"@id\":\"https:\\\/\\\/ail-echalote-certifie.org\\\/en\\\/#organization\"},\"potentialAction\":[{\"@type\":\"SearchAction\",\"target\":{\"@type\":\"EntryPoint\",\"urlTemplate\":\"https:\\\/\\\/ail-echalote-certifie.org\\\/en\\\/?s={search_term_string}\"},\"query-input\":{\"@type\":\"PropertyValueSpecification\",\"valueRequired\":true,\"valueName\":\"search_term_string\"}}],\"inLanguage\":\"en-US\"},{\"@type\":\"Organization\",\"@id\":\"https:\\\/\\\/ail-echalote-certifie.org\\\/en\\\/#organization\",\"name\":\"Le plant certifi\u00e9 d\u2019ail et d\u2019\u00e9chalote\",\"url\":\"https:\\\/\\\/ail-echalote-certifie.org\\\/en\\\/\",\"logo\":{\"@type\":\"ImageObject\",\"inLanguage\":\"en-US\",\"@id\":\"https:\\\/\\\/ail-echalote-certifie.org\\\/en\\\/#\\\/schema\\\/logo\\\/image\\\/\",\"url\":\"https:\\\/\\\/ail-echalote-certifie.org\\\/wp-content\\\/uploads\\\/2020\\\/12\\\/PROSEMAIL-RVB.png\",\"contentUrl\":\"https:\\\/\\\/ail-echalote-certifie.org\\\/wp-content\\\/uploads\\\/2020\\\/12\\\/PROSEMAIL-RVB.png\",\"width\":219,\"height\":174,\"caption\":\"Le plant certifi\u00e9 d\u2019ail et d\u2019\u00e9chalote\"},\"image\":{\"@id\":\"https:\\\/\\\/ail-echalote-certifie.org\\\/en\\\/#\\\/schema\\\/logo\\\/image\\\/\"}}]}<\/script>\n<!-- \/ Yoast SEO plugin. -->","yoast_head_json":{"title":"Traditional shallot - Le plant certifi\u00e9 d&#039;ail et d&#039;\u00e9chalote","robots":{"index":"index","follow":"follow","max-snippet":"max-snippet:-1","max-image-preview":"max-image-preview:large","max-video-preview":"max-video-preview:-1"},"canonical":"https:\/\/ail-echalote-certifie.org\/en\/traditional-shallot\/","og_locale":"en_US","og_type":"article","og_title":"Traditional shallot - Le plant certifi\u00e9 d&#039;ail et d&#039;\u00e9chalote","og_description":"[vc_row equal_height=&#8221;yes&#8221; rtl_reverse=&#8221;yes&#8221; content_placement=&#8221;top&#8221; css_animation=&#8221;none&#8221; css=&#8221;.vc_custom_1567694788035{background-color: #f6f6f6 !important;}&#8221;][vc_column][vc_custom_heading text=&#8221;Gardeners that purchase certified shallot plants have a guarantee that they will be growing and enjoying the genuine taste of: Traditional shallots.&#8221; [&hellip;]","og_url":"https:\/\/ail-echalote-certifie.org\/en\/traditional-shallot\/","og_site_name":"Le plant certifi\u00e9 d&#039;ail et d&#039;\u00e9chalote","article_modified_time":"2019-11-19T12:13:54+00:00","twitter_card":"summary_large_image","twitter_misc":{"Est. reading time":"3 minutes"},"schema":{"@context":"https:\/\/schema.org","@graph":[{"@type":"WebPage","@id":"https:\/\/ail-echalote-certifie.org\/en\/traditional-shallot\/","url":"https:\/\/ail-echalote-certifie.org\/en\/traditional-shallot\/","name":"Traditional shallot - Le plant certifi\u00e9 d&#039;ail et d&#039;\u00e9chalote","isPartOf":{"@id":"https:\/\/ail-echalote-certifie.org\/en\/#website"},"datePublished":"2019-11-19T12:13:53+00:00","dateModified":"2019-11-19T12:13:54+00:00","breadcrumb":{"@id":"https:\/\/ail-echalote-certifie.org\/en\/traditional-shallot\/#breadcrumb"},"inLanguage":"en-US","potentialAction":[{"@type":"ReadAction","target":["https:\/\/ail-echalote-certifie.org\/en\/traditional-shallot\/"]}]},{"@type":"BreadcrumbList","@id":"https:\/\/ail-echalote-certifie.org\/en\/traditional-shallot\/#breadcrumb","itemListElement":[{"@type":"ListItem","position":1,"name":"Accueil","item":"https:\/\/ail-echalote-certifie.org\/en\/"},{"@type":"ListItem","position":2,"name":"Traditional shallot"}]},{"@type":"WebSite","@id":"https:\/\/ail-echalote-certifie.org\/en\/#website","url":"https:\/\/ail-echalote-certifie.org\/en\/","name":"Le plant certifi\u00e9 d\u2019ail et d\u2019\u00e9chalote","description":"Avec le plant certifi\u00e9, vous mettez toutes les chances de votre c\u00f4t\u00e9 !","publisher":{"@id":"https:\/\/ail-echalote-certifie.org\/en\/#organization"},"potentialAction":[{"@type":"SearchAction","target":{"@type":"EntryPoint","urlTemplate":"https:\/\/ail-echalote-certifie.org\/en\/?s={search_term_string}"},"query-input":{"@type":"PropertyValueSpecification","valueRequired":true,"valueName":"search_term_string"}}],"inLanguage":"en-US"},{"@type":"Organization","@id":"https:\/\/ail-echalote-certifie.org\/en\/#organization","name":"Le plant certifi\u00e9 d\u2019ail et d\u2019\u00e9chalote","url":"https:\/\/ail-echalote-certifie.org\/en\/","logo":{"@type":"ImageObject","inLanguage":"en-US","@id":"https:\/\/ail-echalote-certifie.org\/en\/#\/schema\/logo\/image\/","url":"https:\/\/ail-echalote-certifie.org\/wp-content\/uploads\/2020\/12\/PROSEMAIL-RVB.png","contentUrl":"https:\/\/ail-echalote-certifie.org\/wp-content\/uploads\/2020\/12\/PROSEMAIL-RVB.png","width":219,"height":174,"caption":"Le plant certifi\u00e9 d\u2019ail et d\u2019\u00e9chalote"},"image":{"@id":"https:\/\/ail-echalote-certifie.org\/en\/#\/schema\/logo\/image\/"}}]}},"_links":{"self":[{"href":"https:\/\/ail-echalote-certifie.org\/en\/wp-json\/wp\/v2\/pages\/6620","targetHints":{"allow":["GET"]}}],"collection":[{"href":"https:\/\/ail-echalote-certifie.org\/en\/wp-json\/wp\/v2\/pages"}],"about":[{"href":"https:\/\/ail-echalote-certifie.org\/en\/wp-json\/wp\/v2\/types\/page"}],"author":[{"embeddable":true,"href":"https:\/\/ail-echalote-certifie.org\/en\/wp-json\/wp\/v2\/users\/3"}],"replies":[{"embeddable":true,"href":"https:\/\/ail-echalote-certifie.org\/en\/wp-json\/wp\/v2\/comments?post=6620"}],"version-history":[{"count":4,"href":"https:\/\/ail-echalote-certifie.org\/en\/wp-json\/wp\/v2\/pages\/6620\/revisions"}],"predecessor-version":[{"id":6639,"href":"https:\/\/ail-echalote-certifie.org\/en\/wp-json\/wp\/v2\/pages\/6620\/revisions\/6639"}],"wp:attachment":[{"href":"https:\/\/ail-echalote-certifie.org\/en\/wp-json\/wp\/v2\/media?parent=6620"}],"wp:term":[{"taxonomy":"category","embeddable":true,"href":"https:\/\/ail-echalote-certifie.org\/en\/wp-json\/wp\/v2\/categories?post=6620"}],"curies":[{"name":"wp","href":"https:\/\/api.w.org\/{rel}","templated":true}]}}