{"id":4855,"date":"2017-05-16T14:21:33","date_gmt":"2017-05-16T14:21:33","guid":{"rendered":"https:\/\/ail-echalote-certifie.org\/home-6\/"},"modified":"2020-11-25T11:25:23","modified_gmt":"2020-11-25T10:25:23","slug":"home-6","status":"publish","type":"page","link":"https:\/\/ail-echalote-certifie.org\/en\/","title":{"rendered":"Home"},"content":{"rendered":"<p>[vc_row][vc_column][rev_slider_vc alias=&#8221;home-6-en&#8221;][\/vc_column][\/vc_row][vc_row wrap_container=&#8221;yes&#8221; equal_height=&#8221;yes&#8221; content_placement=&#8221;bottom&#8221; css=&#8221;.vc_custom_1557390386888{padding-top: 30px !important;padding-bottom: 40px !important;background-position: 0 0 !important;background-repeat: repeat !important;}&#8221;][vc_column][vc_custom_heading text=&#8221;With French Certified Plant,<br \/>\nyou stack all the odds in your favour !&#8221; font_container=&#8221;tag:h2|font_size:38|text_align:center|color:%23ffffff&#8221; google_fonts=&#8221;font_family:Poppins%3Aregular%2Citalic%2C700%2C700italic|font_style:700%20bold%20regular%3A700%3Anormal&#8221; css=&#8221;.vc_custom_1567601060847{margin-top: -86px !important;margin-right: 0px !important;margin-bottom: 0px !important;margin-left: 0px !important;padding-top: 20px !important;padding-right: 30px !important;padding-bottom: 20px !important;padding-left: 30px !important;background-color: #50a839 !important;}&#8221;]<div class=\"arrowpress-container container-fluid  no-padding\">[vc_row_inner equal_height=&#8221;yes&#8221; content_placement=&#8221;bottom&#8221; gap=&#8221;20&#8243; css=&#8221;.vc_custom_1557396542807{margin-right: -10px !important;margin-bottom: 0px !important;margin-left: -10px !important;padding-top: 40px !important;background-position: 0 0 !important;background-repeat: repeat !important;}&#8221;][vc_column_inner el_class=&#8221;zoom-image-accueil&#8221; width=&#8221;1\/4&#8243; css=&#8221;.vc_custom_1569419417070{padding-top: 200px !important;padding-right: 0px !important;padding-left: 0px !important;background: #9bdb2b url(https:\/\/ail-echalote-certifie.org\/wp-content\/uploads\/2019\/09\/echalote_germination-1-e1569418793771.jpg?id=6046) !important;background-position: center !important;background-repeat: no-repeat !important;background-size: cover !important;}&#8221;][vc_raw_html]JTNDaDMlMjBpZCUzRCUyMmgzLTMlMjIlM0UlM0NzcGFuJTIwY2xhc3MlM0QlMjJ0ZXh0ZS0yJTIyJTNFdHJvdWJsZS1mcmVlJTNDJTJGc3BhbiUzRSUzQ3NwYW4lMjBjbGFzcyUzRCUyMnRleHRlLTElMjIlM0VHcm93dGglM0NzcGFuJTNFJTNDJTJGaDMlM0U=[\/vc_raw_html][\/vc_column_inner][vc_column_inner el_class=&#8221;zoom-image-accueil&#8221; width=&#8221;1\/4&#8243; css=&#8221;.vc_custom_1568324627194{padding-top: 200px !important;padding-right: 0px !important;padding-left: 0px !important;background: #5fdcab url(https:\/\/ail-echalote-certifie.org\/wp-content\/uploads\/2019\/09\/carre_2-1.jpg?id=5568) !important;background-position: center !important;background-repeat: no-repeat !important;background-size: cover !important;}&#8221;][vc_raw_html]JTNDaDMlMjBpZCUzRCUyMmgzLTQlMjIlM0UlM0NzcGFuJTIwY2xhc3MlM0QlMjJ0ZXh0ZS0yJTIyJTNFdmlnb3JvdXMlMjBhbmQlMjB2ZXJ5JTIwZ3JlZW4lM0MlMkZzcGFuJTNFJTNDc3BhbiUyMGNsYXNzJTNEJTIydGV4dGUtMSUyMiUzRVBsYW50cyUzQ3NwYW4lM0UlM0MlMkZoMyUzRQ==[\/vc_raw_html][\/vc_column_inner][vc_column_inner el_class=&#8221;zoom-image-accueil&#8221; width=&#8221;1\/4&#8243; css=&#8221;.vc_custom_1568324640560{padding-top: 200px !important;padding-right: 0px !important;padding-left: 0px !important;background-image: url(https:\/\/ail-echalote-certifie.org\/wp-content\/uploads\/2019\/09\/carre_3-1.jpg?id=5571) !important;background-position: center !important;background-repeat: no-repeat !important;background-size: cover !important;}&#8221;][vc_raw_html]JTNDaDMlMjBpZCUzRCUyMmgzLTIlMjIlM0UlM0NzcGFuJTIwY2xhc3MlM0QlMjJ0ZXh0ZS0yJTIyJTNFbW9yZSUyMGhvbW9nZW5lb3VzJTIwYW5kJTIwYmlnZ2VyJTNDJTJGc3BhbiUzRSUzQ3NwYW4lMjBjbGFzcyUzRCUyMnRleHRlLTElMjIlM0VCdWxicyUzQ3NwYW4lM0UlM0MlMkZoMyUzRQ==[\/vc_raw_html][\/vc_column_inner][vc_column_inner el_class=&#8221;zoom-image-accueil&#8221; width=&#8221;1\/4&#8243; css=&#8221;.vc_custom_1568321693120{margin-top: 0px !important;margin-right: 0px !important;margin-bottom: 0px !important;margin-left: 0px !important;padding-top: 200px !important;padding-right: 0px !important;padding-left: 0px !important;background: #ff8f3c url(https:\/\/ail-echalote-certifie.org\/wp-content\/uploads\/2019\/09\/carre_4_b.jpg?id=5555) !important;background-position: center !important;background-repeat: no-repeat !important;background-size: cover !important;}&#8221;][vc_raw_html]JTNDaDMlMjBpZCUzRCUyMmgzLTElMjIlM0UlM0NzcGFuJTIwY2xhc3MlM0QlMjJ0ZXh0ZS0yJTIyJTNFcGxlbnRpZnVsJTIwYW5kJTIwcXVhbGl0eSUzQyUyRnNwYW4lM0UlM0NzcGFuJTIwY2xhc3MlM0QlMjJ0ZXh0ZS0xJTIyJTNFSGFydmVzdCUzQ3NwYW4lM0UlM0MlMkZoMyUzRQ==[\/vc_raw_html][\/vc_column_inner][\/vc_row_inner]<\/div>\n[\/vc_column][\/vc_row][vc_row wrap_container=&#8221;yes&#8221; equal_height=&#8221;yes&#8221; bg_type=&#8221;image&#8221; parallax_style=&#8221;vcpb-vz-jquery&#8221; bg_image_new=&#8221;id^5574|url^https:\/\/ail-echalote-certifie.org\/wp-content\/uploads\/2019\/09\/font_ail_echalote.jpg|caption^null|alt^null|title^font_ail_echalote|description^null&#8221; bg_image_repeat=&#8221;no-repeat&#8221; bg_override=&#8221;ex-full&#8221; el_id=&#8221;ccccccccccc&#8221; css=&#8221;.vc_custom_1568329136395{padding-top: 30px !important;padding-bottom: 30px !important;background-color: rgba(0,0,0,0.31) !important;background-position: center !important;background-repeat: no-repeat !important;background-size: cover !important;*background-color: rgb(0,0,0) !important;}&#8221;][vc_column center_element=&#8221;yes&#8221; offset=&#8221;vc_col-lg-6 vc_col-md-6&#8243;]<div class=\"ult-content-box-container box-left\" >\t\t<div class=\"ult-content-box\" style=\"background-image:url(&#039;https:\/\/ail-echalote-certifie.org\/wp-content\/uploads\/2019\/09\/ail-cadre-gauche-2.png&#039;);background-size: contain;background-repeat: no-repeat;background-position: top right;background-color: rgba(0, 0, 0, 0);box-shadow: px px px px #f7f7f7 none;margin-right:0px;margin-left:0px;min-height:398px;-webkit-transition: all 0ms ease;-moz-transition: all 0ms ease;-ms-transition: all 0ms ease;-o-transition: all 0ms ease;transition: all 0ms ease;\"  data-hover_box_shadow=\"none\"   data-responsive_margins=\"margin-left:15px;\"   data-normal_margins=\"margin-right:0px;margin-left:0px;\"  >[vc_column_text]<\/p>\n<div class=\"text-content-banner text-left\">\n<h4><a href=\"\/en\/the-official-french-catalogue-of-garlic-varieties\/\" class=\"h4-a\">Discover the varieties of garlic<\/a><\/h4>\n<\/div>\n<p>[\/vc_column_text]\t\t<\/div><\/div><div class=\"ult-spacer spacer-69f1bba71dd88\" data-id=\"69f1bba71dd88\" data-height=\"0\" data-height-mobile=\"80\" data-height-tab=\"0\" data-height-tab-portrait=\"80\" data-height-mobile-landscape=\"80\" style=\"clear:both;display:block;\"><\/div>[\/vc_column][vc_column offset=&#8221;vc_col-lg-6 vc_col-md-6&#8243;]<div class=\"ult-content-box-container box-right\" >\t<a class=\"ult-content-box-anchor\" href=\"\/bien-choisir-les-varietes-d-echalote\/\"   >\t\t<div class=\"ult-content-box\" style=\"background-image:url(&#039;https:\/\/ail-echalote-certifie.org\/wp-content\/uploads\/2019\/09\/echalote-cadre.png&#039;);background-size: contain;background-repeat: no-repeat;background-position: top left;background-color: rgba(0, 0, 0, 0);box-shadow: px px px px #f7f7f7 none;margin-right:0px;margin-left:0px;min-height:398px;-webkit-transition: all 700ms ease;-moz-transition: all 700ms ease;-ms-transition: all 700ms ease;-o-transition: all 700ms ease;transition: all 700ms ease;\"  data-hover_box_shadow=\"none\"   data-responsive_margins=\"margin-right:15px;\"   data-normal_margins=\"margin-right:0px;margin-left:0px;\"  >[vc_column_text]<\/p>\n<div class=\"text-content-banner text-right\">\n<h4><a href=\"\/en\/the-official-french-catalogue-of-shallot-varieties\/\" class=\"h4-a\">Discover the varieties of shallot<\/a><\/h4>\n<\/div>\n<p>[\/vc_column_text]\t\t<\/div>\t<\/a><\/div>[\/vc_column][\/vc_row][vc_row css=&#8221;.vc_custom_1557751040269{margin-top: 15px !important;background-position: 0 0 !important;background-repeat: repeat !important;}&#8221;][vc_column]<div class=\"arrowpress-container container \"><div class=\"blog-container actus-accueil\">\t\t\t\t\t<div class=\"row blog-home grid_style_4 blog-grid  show-space \">\r\n\t\t\t\t\t\t\t\t\t\t\t\t\t\t<div class=\"news col-lg-4 col-md-4 col-sm-6 col-xs-12 grid-item\">\r\n\t\t\t\t\t\t<div class=\"blog-content\">\r\n\t\t\t\t\t\t\t<div class=\"blog-item\">\r\n\t\t\t\t\t\t\t\t<div class=\"blog-img blog-media\">\r\n\t\t\t\t\t\t\t\t\t\t\t\t\t\t\t\t\t\t\t\t\t\t\t\t\t\t\t\t\t\t\t\t\t\t\t\t\t\t\t\t<a href=\"https:\/\/ail-echalote-certifie.org\/en\/assess-detect-protect-avenues-to-be-explored-to-control-garlic-dry-rot-caused-by-fusarium\/\"><img fetchpriority=\"high\" decoding=\"async\" width=\"540\" height=\"318\" src=\"https:\/\/ail-echalote-certifie.org\/wp-content\/uploads\/2022\/07\/results-detection-method-lamp-fusarium-proliferatum-540x318.jpg\" alt=\"Example of a detection result with the LAMP method with DNA of Fusarium proliferatum (yellow: positive; pink: negative). The objective of the development is to obtain such clear results for Fp in garlic tissue. (\u00a9INRAE)\" \/><\/a>\r\n\t\t\t\t\t\t\t\t\t\t\t\t\t\t\t\t\t\t\t\t\t\t\t\t\t\t\t<\/div>\r\n\t\t\t\t\t\t\t\t<div class=\"blog-post-info \">\r\n\t\t\t\t\t\t\t\t\t\t\t\t\t\t\t\t\t\t\t\t\t\t\t\t\t\t\t\t<div class=\"blog-post-title\">\r\n\t\t\t\t\t\t\t\t\t\t\t<div class=\"post-name\">\r\n\t\t\t\t\t\t\t\t\t\t\t\t<a  href=\"https:\/\/ail-echalote-certifie.org\/en\/assess-detect-protect-avenues-to-be-explored-to-control-garlic-dry-rot-caused-by-fusarium\/\">Assess, detect, protect: avenues to be explored to control garlic dry rot caused by fusarium        \r\n\t\t\t\t\t\t\t\t\t\t\t\t<\/a>                                     \r\n\t\t\t\t\t\t\t\t\t\t\t<\/div>\t\t\t\t\t\r\n\t\t\t\t\t\t\t\t\t\t<\/div>\r\n\t\t\t\t\t\t\t\t\t\t\t\t\t\t\t\t\t\t\t\t\t\t\t\t\t\t\t\t<div class=\"blog_post_desc\" >\r\n\t\t\t\t\t\t\t\t\t\t\t\t\t\t\t\t\t\t\t\t\t\t\t<div class=\"entry-content\"><\/div>\t\t\t\t\t\t\t\t\t\t\t\t\t\t\t\t\t\t\t\t\t<\/div>\r\n\t\t\t\t\t\t\t\t\t\t\t\t\t\t\t\t\t\t\t\t\t\t\t\t\t\t\t\t<div class=\"blog-bottom\">\r\n\t\t\t\t\t\t\t\t\t\t\t<div class=\"read-more\">\r\n\t\t\t\t\t\t\t\t\t\t\t\t<a href=\"https:\/\/ail-echalote-certifie.org\/en\/assess-detect-protect-avenues-to-be-explored-to-control-garlic-dry-rot-caused-by-fusarium\/\">Read more <i class=\"lnr lnr-arrow-right\"><\/i><\/a>\r\n\t\t\t\t\t\t\t\t\t\t\t<\/div>\r\n\t\t\t\t\t\t\t\t\t\t\t<div class=\"info blog-date\">\r\n\t\t\t\t\t\t\t\t\t\t\t\t<p class=\"date\">\r\n\t\t\t\t\t\t\t\t\t\t\t\t\t<a  href=\"https:\/\/ail-echalote-certifie.org\/en\/assess-detect-protect-avenues-to-be-explored-to-control-garlic-dry-rot-caused-by-fusarium\/\"><i class=\"fa fa-calendar\"><\/i> 11 July 2022<\/a>\r\n\t\t\t\t\t\t\t\t\t\t\t\t<\/p>\r\n\t\t\t\t\t\t\t\t\t\t\t<\/div>\r\n\t\t\t\t\t\t\t\t\t\t<\/div>\r\n\t\t\t\t\t\t\t\t\t\t\t\t\t\t\t\t\t\t\t\t\t\t\t\t\t\t<\/div>\r\n\t\t\t\t\t\t\t<\/div>\r\n\t\t\t\t\t\t<\/div>\r\n\t\t\t\t\t<\/div>\r\n\t\t\t\t\t\t\t\t\t\t\t\t\t\t<div class=\"news col-lg-4 col-md-4 col-sm-6 col-xs-12 grid-item\">\r\n\t\t\t\t\t\t<div class=\"blog-content\">\r\n\t\t\t\t\t\t\t<div class=\"blog-item\">\r\n\t\t\t\t\t\t\t\t<div class=\"blog-img blog-media\">\r\n\t\t\t\t\t\t\t\t\t\t\t\t\t\t\t\t\t\t\t\t\t\t\t\t\t\t\t\t\t\t\t\t\t\t\t\t\t\t\t\t<a href=\"https:\/\/ail-echalote-certifie.org\/en\/garlic-rot-research-advances\/\"><img decoding=\"async\" width=\"540\" height=\"318\" src=\"https:\/\/ail-echalote-certifie.org\/wp-content\/uploads\/2021\/07\/fusariose-les-recherches-progressent-540x318.jpg\" alt=\"Isolements de souches fongiques \u00e0 partir de tissus symptomatiques d\u2019ail. En 3 ans, 2700 souches ont \u00e9t\u00e9 isol\u00e9es permettant ainsi d\u2019identifier formellement F. proliferatum et F. oxysporum comme responsables des sympt\u00f4mes de l\u2019ail en France (cr\u00e9dit photo : INRAE).\" \/><\/a>\r\n\t\t\t\t\t\t\t\t\t\t\t\t\t\t\t\t\t\t\t\t\t\t\t\t\t\t\t<\/div>\r\n\t\t\t\t\t\t\t\t<div class=\"blog-post-info \">\r\n\t\t\t\t\t\t\t\t\t\t\t\t\t\t\t\t\t\t\t\t\t\t\t\t\t\t\t\t<div class=\"blog-post-title\">\r\n\t\t\t\t\t\t\t\t\t\t\t<div class=\"post-name\">\r\n\t\t\t\t\t\t\t\t\t\t\t\t<a  href=\"https:\/\/ail-echalote-certifie.org\/en\/garlic-rot-research-advances\/\">Garlic rot: research advances        \r\n\t\t\t\t\t\t\t\t\t\t\t\t<\/a>                                     \r\n\t\t\t\t\t\t\t\t\t\t\t<\/div>\t\t\t\t\t\r\n\t\t\t\t\t\t\t\t\t\t<\/div>\r\n\t\t\t\t\t\t\t\t\t\t\t\t\t\t\t\t\t\t\t\t\t\t\t\t\t\t\t\t<div class=\"blog_post_desc\" >\r\n\t\t\t\t\t\t\t\t\t\t\t\t\t\t\t\t\t\t\t\t\t\t\t<div class=\"entry-content\"><\/div>\t\t\t\t\t\t\t\t\t\t\t\t\t\t\t\t\t\t\t\t\t<\/div>\r\n\t\t\t\t\t\t\t\t\t\t\t\t\t\t\t\t\t\t\t\t\t\t\t\t\t\t\t\t<div class=\"blog-bottom\">\r\n\t\t\t\t\t\t\t\t\t\t\t<div class=\"read-more\">\r\n\t\t\t\t\t\t\t\t\t\t\t\t<a href=\"https:\/\/ail-echalote-certifie.org\/en\/garlic-rot-research-advances\/\">Read more <i class=\"lnr lnr-arrow-right\"><\/i><\/a>\r\n\t\t\t\t\t\t\t\t\t\t\t<\/div>\r\n\t\t\t\t\t\t\t\t\t\t\t<div class=\"info blog-date\">\r\n\t\t\t\t\t\t\t\t\t\t\t\t<p class=\"date\">\r\n\t\t\t\t\t\t\t\t\t\t\t\t\t<a  href=\"https:\/\/ail-echalote-certifie.org\/en\/garlic-rot-research-advances\/\"><i class=\"fa fa-calendar\"><\/i> 6 July 2021<\/a>\r\n\t\t\t\t\t\t\t\t\t\t\t\t<\/p>\r\n\t\t\t\t\t\t\t\t\t\t\t<\/div>\r\n\t\t\t\t\t\t\t\t\t\t<\/div>\r\n\t\t\t\t\t\t\t\t\t\t\t\t\t\t\t\t\t\t\t\t\t\t\t\t\t\t<\/div>\r\n\t\t\t\t\t\t\t<\/div>\r\n\t\t\t\t\t\t<\/div>\r\n\t\t\t\t\t<\/div>\r\n\t\t\t\t\t\t\t\t\t\t\t\t\t\t<div class=\"news col-lg-4 col-md-4 col-sm-6 col-xs-12 grid-item\">\r\n\t\t\t\t\t\t<div class=\"blog-content\">\r\n\t\t\t\t\t\t\t<div class=\"blog-item\">\r\n\t\t\t\t\t\t\t\t<div class=\"blog-img blog-media\">\r\n\t\t\t\t\t\t\t\t\t\t\t\t\t\t\t\t\t\t\t\t\t\t\t\t\t\t\t\t\t\t\t\t\t\t\t\t\t\t\t\t<a href=\"https:\/\/ail-echalote-certifie.org\/en\/fusarium-of-garlic-project\/\"><img decoding=\"async\" width=\"540\" height=\"318\" src=\"https:\/\/ail-echalote-certifie.org\/wp-content\/uploads\/2020\/12\/P1040530-540x318.jpg\" alt=\"\" \/><\/a>\r\n\t\t\t\t\t\t\t\t\t\t\t\t\t\t\t\t\t\t\t\t\t\t\t\t\t\t\t<\/div>\r\n\t\t\t\t\t\t\t\t<div class=\"blog-post-info \">\r\n\t\t\t\t\t\t\t\t\t\t\t\t\t\t\t\t\t\t\t\t\t\t\t\t\t\t\t\t<div class=\"blog-post-title\">\r\n\t\t\t\t\t\t\t\t\t\t\t<div class=\"post-name\">\r\n\t\t\t\t\t\t\t\t\t\t\t\t<a  href=\"https:\/\/ail-echalote-certifie.org\/en\/fusarium-of-garlic-project\/\">Fusarium of garlic project        \r\n\t\t\t\t\t\t\t\t\t\t\t\t<\/a>                                     \r\n\t\t\t\t\t\t\t\t\t\t\t<\/div>\t\t\t\t\t\r\n\t\t\t\t\t\t\t\t\t\t<\/div>\r\n\t\t\t\t\t\t\t\t\t\t\t\t\t\t\t\t\t\t\t\t\t\t\t\t\t\t\t\t<div class=\"blog_post_desc\" >\r\n\t\t\t\t\t\t\t\t\t\t\t\t\t\t\t\t\t\t\t\t\t\t\t<div class=\"entry-content\"><\/div>\t\t\t\t\t\t\t\t\t\t\t\t\t\t\t\t\t\t\t\t\t<\/div>\r\n\t\t\t\t\t\t\t\t\t\t\t\t\t\t\t\t\t\t\t\t\t\t\t\t\t\t\t\t<div class=\"blog-bottom\">\r\n\t\t\t\t\t\t\t\t\t\t\t<div class=\"read-more\">\r\n\t\t\t\t\t\t\t\t\t\t\t\t<a href=\"https:\/\/ail-echalote-certifie.org\/en\/fusarium-of-garlic-project\/\">Read more <i class=\"lnr lnr-arrow-right\"><\/i><\/a>\r\n\t\t\t\t\t\t\t\t\t\t\t<\/div>\r\n\t\t\t\t\t\t\t\t\t\t\t<div class=\"info blog-date\">\r\n\t\t\t\t\t\t\t\t\t\t\t\t<p class=\"date\">\r\n\t\t\t\t\t\t\t\t\t\t\t\t\t<a  href=\"https:\/\/ail-echalote-certifie.org\/en\/fusarium-of-garlic-project\/\"><i class=\"fa fa-calendar\"><\/i> 18 December 2020<\/a>\r\n\t\t\t\t\t\t\t\t\t\t\t\t<\/p>\r\n\t\t\t\t\t\t\t\t\t\t\t<\/div>\r\n\t\t\t\t\t\t\t\t\t\t<\/div>\r\n\t\t\t\t\t\t\t\t\t\t\t\t\t\t\t\t\t\t\t\t\t\t\t\t\t\t<\/div>\r\n\t\t\t\t\t\t\t<\/div>\r\n\t\t\t\t\t\t<\/div>\r\n\t\t\t\t\t<\/div>\r\n\t\t\t\t\t\t\t<\/div>\r\n\t\t\t\t\t\t\t<div class=\"row\">\r\n\t\t\t\t\t<div class=\"col-md-12 col-sm-12 col-xs-12 static\">\r\n\t\t\t\t\t\t<div class=\"btn-viewmore text-center\">\r\n\t\t\t\t\t\t\t\t\t\t\t\t\t\t\t<a class=\"view_more btn btn-primary\" href=\"https:\/\/ail-echalote-certifie.org\/en\/category\/news\/\">More News<\/a>\r\n\t\t\t\t\t\t\t\t\t\t\t\t\t<\/div>\r\n\t\t\t\t\t<\/div>\r\n\t\t\t\t<\/div>\r\n\t\t\t\t\t\t  \r\n\t\t    <\/div>\n<div class=\"ult-spacer spacer-69f1bba727f9b\" data-id=\"69f1bba727f9b\" data-height=\"20\" data-height-mobile=\"10\" data-height-tab=\"20\" data-height-tab-portrait=\"20\" data-height-mobile-landscape=\"10\" style=\"clear:both;display:block;\"><\/div><\/div>\n[\/vc_column][\/vc_row]<\/p>\n","protected":false},"excerpt":{"rendered":"<p>[vc_row][vc_column][rev_slider_vc alias=&#8221;home-6-en&#8221;][\/vc_column][\/vc_row][vc_row wrap_container=&#8221;yes&#8221; equal_height=&#8221;yes&#8221; content_placement=&#8221;bottom&#8221; css=&#8221;.vc_custom_1557390386888{padding-top: 30px !important;padding-bottom: 40px !important;background-position: 0 0 !important;background-repeat: repeat !important;}&#8221;][vc_column][vc_custom_heading text=&#8221;With French Certified Plant, you stack all the odds in your favour !&#8221; font_container=&#8221;tag:h2|font_size:38|text_align:center|color:%23ffffff&#8221; google_fonts=&#8221;font_family:Poppins%3Aregular%2Citalic%2C700%2C700italic|font_style:700%20bold%20regular%3A700%3Anormal&#8221; [&hellip;]<\/p>\n","protected":false},"author":3,"featured_media":0,"parent":0,"menu_order":0,"comment_status":"closed","ping_status":"closed","template":"","meta":{"_acf_changed":false,"footnotes":""},"categories":[],"class_list":["post-4855","page","type-page","status-publish","hentry"],"acf":[],"yoast_head":"<!-- This site is optimized with the Yoast SEO plugin v27.5 - https:\/\/yoast.com\/product\/yoast-seo-wordpress\/ -->\n<title>Home - Le plant certifi\u00e9 d&#039;ail et d&#039;\u00e9chalote<\/title>\n<meta name=\"robots\" content=\"index, follow, max-snippet:-1, max-image-preview:large, max-video-preview:-1\" \/>\n<link rel=\"canonical\" href=\"https:\/\/ail-echalote-certifie.org\/en\/\" \/>\n<meta property=\"og:locale\" content=\"en_US\" \/>\n<meta property=\"og:type\" content=\"article\" \/>\n<meta property=\"og:title\" content=\"Home - Le plant certifi\u00e9 d&#039;ail et d&#039;\u00e9chalote\" \/>\n<meta property=\"og:description\" content=\"[vc_row][vc_column][rev_slider_vc alias=&#8221;home-6-en&#8221;][\/vc_column][\/vc_row][vc_row wrap_container=&#8221;yes&#8221; equal_height=&#8221;yes&#8221; content_placement=&#8221;bottom&#8221; css=&#8221;.vc_custom_1557390386888{padding-top: 30px !important;padding-bottom: 40px !important;background-position: 0 0 !important;background-repeat: repeat !important;}&#8221;][vc_column][vc_custom_heading text=&#8221;With French Certified Plant, you stack all the odds in your favour !&#8221; font_container=&#8221;tag:h2|font_size:38|text_align:center|color:%23ffffff&#8221; google_fonts=&#8221;font_family:Poppins%3Aregular%2Citalic%2C700%2C700italic|font_style:700%20bold%20regular%3A700%3Anormal&#8221; [&hellip;]\" \/>\n<meta property=\"og:url\" content=\"https:\/\/ail-echalote-certifie.org\/en\/\" \/>\n<meta property=\"og:site_name\" content=\"Le plant certifi\u00e9 d&#039;ail et d&#039;\u00e9chalote\" \/>\n<meta property=\"article:modified_time\" content=\"2020-11-25T10:25:23+00:00\" \/>\n<meta name=\"twitter:card\" content=\"summary_large_image\" \/>\n<meta name=\"twitter:label1\" content=\"Est. reading time\" \/>\n\t<meta name=\"twitter:data1\" content=\"4 minutes\" \/>\n<script type=\"application\/ld+json\" class=\"yoast-schema-graph\">{\"@context\":\"https:\\\/\\\/schema.org\",\"@graph\":[{\"@type\":\"WebPage\",\"@id\":\"https:\\\/\\\/ail-echalote-certifie.org\\\/en\\\/\",\"url\":\"https:\\\/\\\/ail-echalote-certifie.org\\\/en\\\/\",\"name\":\"Home - Le plant certifi\u00e9 d&#039;ail et d&#039;\u00e9chalote\",\"isPartOf\":{\"@id\":\"https:\\\/\\\/ail-echalote-certifie.org\\\/en\\\/#website\"},\"datePublished\":\"2017-05-16T14:21:33+00:00\",\"dateModified\":\"2020-11-25T10:25:23+00:00\",\"breadcrumb\":{\"@id\":\"https:\\\/\\\/ail-echalote-certifie.org\\\/en\\\/#breadcrumb\"},\"inLanguage\":\"en-US\",\"potentialAction\":[{\"@type\":\"ReadAction\",\"target\":[\"https:\\\/\\\/ail-echalote-certifie.org\\\/en\\\/\"]}]},{\"@type\":\"BreadcrumbList\",\"@id\":\"https:\\\/\\\/ail-echalote-certifie.org\\\/en\\\/#breadcrumb\",\"itemListElement\":[{\"@type\":\"ListItem\",\"position\":1,\"name\":\"Accueil\",\"item\":\"https:\\\/\\\/ail-echalote-certifie.org\\\/en\\\/\"},{\"@type\":\"ListItem\",\"position\":2,\"name\":\"Home\"}]},{\"@type\":\"WebSite\",\"@id\":\"https:\\\/\\\/ail-echalote-certifie.org\\\/en\\\/#website\",\"url\":\"https:\\\/\\\/ail-echalote-certifie.org\\\/en\\\/\",\"name\":\"Le plant certifi\u00e9 d\u2019ail et d\u2019\u00e9chalote\",\"description\":\"Avec le plant certifi\u00e9, vous mettez toutes les chances de votre c\u00f4t\u00e9 !\",\"publisher\":{\"@id\":\"https:\\\/\\\/ail-echalote-certifie.org\\\/en\\\/#organization\"},\"potentialAction\":[{\"@type\":\"SearchAction\",\"target\":{\"@type\":\"EntryPoint\",\"urlTemplate\":\"https:\\\/\\\/ail-echalote-certifie.org\\\/en\\\/?s={search_term_string}\"},\"query-input\":{\"@type\":\"PropertyValueSpecification\",\"valueRequired\":true,\"valueName\":\"search_term_string\"}}],\"inLanguage\":\"en-US\"},{\"@type\":\"Organization\",\"@id\":\"https:\\\/\\\/ail-echalote-certifie.org\\\/en\\\/#organization\",\"name\":\"Le plant certifi\u00e9 d\u2019ail et d\u2019\u00e9chalote\",\"url\":\"https:\\\/\\\/ail-echalote-certifie.org\\\/en\\\/\",\"logo\":{\"@type\":\"ImageObject\",\"inLanguage\":\"en-US\",\"@id\":\"https:\\\/\\\/ail-echalote-certifie.org\\\/en\\\/#\\\/schema\\\/logo\\\/image\\\/\",\"url\":\"https:\\\/\\\/ail-echalote-certifie.org\\\/wp-content\\\/uploads\\\/2020\\\/12\\\/PROSEMAIL-RVB.png\",\"contentUrl\":\"https:\\\/\\\/ail-echalote-certifie.org\\\/wp-content\\\/uploads\\\/2020\\\/12\\\/PROSEMAIL-RVB.png\",\"width\":219,\"height\":174,\"caption\":\"Le plant certifi\u00e9 d\u2019ail et d\u2019\u00e9chalote\"},\"image\":{\"@id\":\"https:\\\/\\\/ail-echalote-certifie.org\\\/en\\\/#\\\/schema\\\/logo\\\/image\\\/\"}}]}<\/script>\n<!-- \/ Yoast SEO plugin. -->","yoast_head_json":{"title":"Home - Le plant certifi\u00e9 d&#039;ail et d&#039;\u00e9chalote","robots":{"index":"index","follow":"follow","max-snippet":"max-snippet:-1","max-image-preview":"max-image-preview:large","max-video-preview":"max-video-preview:-1"},"canonical":"https:\/\/ail-echalote-certifie.org\/en\/","og_locale":"en_US","og_type":"article","og_title":"Home - Le plant certifi\u00e9 d&#039;ail et d&#039;\u00e9chalote","og_description":"[vc_row][vc_column][rev_slider_vc alias=&#8221;home-6-en&#8221;][\/vc_column][\/vc_row][vc_row wrap_container=&#8221;yes&#8221; equal_height=&#8221;yes&#8221; content_placement=&#8221;bottom&#8221; css=&#8221;.vc_custom_1557390386888{padding-top: 30px !important;padding-bottom: 40px !important;background-position: 0 0 !important;background-repeat: repeat !important;}&#8221;][vc_column][vc_custom_heading text=&#8221;With French Certified Plant, you stack all the odds in your favour !&#8221; font_container=&#8221;tag:h2|font_size:38|text_align:center|color:%23ffffff&#8221; google_fonts=&#8221;font_family:Poppins%3Aregular%2Citalic%2C700%2C700italic|font_style:700%20bold%20regular%3A700%3Anormal&#8221; [&hellip;]","og_url":"https:\/\/ail-echalote-certifie.org\/en\/","og_site_name":"Le plant certifi\u00e9 d&#039;ail et d&#039;\u00e9chalote","article_modified_time":"2020-11-25T10:25:23+00:00","twitter_card":"summary_large_image","twitter_misc":{"Est. reading time":"4 minutes"},"schema":{"@context":"https:\/\/schema.org","@graph":[{"@type":"WebPage","@id":"https:\/\/ail-echalote-certifie.org\/en\/","url":"https:\/\/ail-echalote-certifie.org\/en\/","name":"Home - Le plant certifi\u00e9 d&#039;ail et d&#039;\u00e9chalote","isPartOf":{"@id":"https:\/\/ail-echalote-certifie.org\/en\/#website"},"datePublished":"2017-05-16T14:21:33+00:00","dateModified":"2020-11-25T10:25:23+00:00","breadcrumb":{"@id":"https:\/\/ail-echalote-certifie.org\/en\/#breadcrumb"},"inLanguage":"en-US","potentialAction":[{"@type":"ReadAction","target":["https:\/\/ail-echalote-certifie.org\/en\/"]}]},{"@type":"BreadcrumbList","@id":"https:\/\/ail-echalote-certifie.org\/en\/#breadcrumb","itemListElement":[{"@type":"ListItem","position":1,"name":"Accueil","item":"https:\/\/ail-echalote-certifie.org\/en\/"},{"@type":"ListItem","position":2,"name":"Home"}]},{"@type":"WebSite","@id":"https:\/\/ail-echalote-certifie.org\/en\/#website","url":"https:\/\/ail-echalote-certifie.org\/en\/","name":"Le plant certifi\u00e9 d\u2019ail et d\u2019\u00e9chalote","description":"Avec le plant certifi\u00e9, vous mettez toutes les chances de votre c\u00f4t\u00e9 !","publisher":{"@id":"https:\/\/ail-echalote-certifie.org\/en\/#organization"},"potentialAction":[{"@type":"SearchAction","target":{"@type":"EntryPoint","urlTemplate":"https:\/\/ail-echalote-certifie.org\/en\/?s={search_term_string}"},"query-input":{"@type":"PropertyValueSpecification","valueRequired":true,"valueName":"search_term_string"}}],"inLanguage":"en-US"},{"@type":"Organization","@id":"https:\/\/ail-echalote-certifie.org\/en\/#organization","name":"Le plant certifi\u00e9 d\u2019ail et d\u2019\u00e9chalote","url":"https:\/\/ail-echalote-certifie.org\/en\/","logo":{"@type":"ImageObject","inLanguage":"en-US","@id":"https:\/\/ail-echalote-certifie.org\/en\/#\/schema\/logo\/image\/","url":"https:\/\/ail-echalote-certifie.org\/wp-content\/uploads\/2020\/12\/PROSEMAIL-RVB.png","contentUrl":"https:\/\/ail-echalote-certifie.org\/wp-content\/uploads\/2020\/12\/PROSEMAIL-RVB.png","width":219,"height":174,"caption":"Le plant certifi\u00e9 d\u2019ail et d\u2019\u00e9chalote"},"image":{"@id":"https:\/\/ail-echalote-certifie.org\/en\/#\/schema\/logo\/image\/"}}]}},"_links":{"self":[{"href":"https:\/\/ail-echalote-certifie.org\/en\/wp-json\/wp\/v2\/pages\/4855","targetHints":{"allow":["GET"]}}],"collection":[{"href":"https:\/\/ail-echalote-certifie.org\/en\/wp-json\/wp\/v2\/pages"}],"about":[{"href":"https:\/\/ail-echalote-certifie.org\/en\/wp-json\/wp\/v2\/types\/page"}],"author":[{"embeddable":true,"href":"https:\/\/ail-echalote-certifie.org\/en\/wp-json\/wp\/v2\/users\/3"}],"replies":[{"embeddable":true,"href":"https:\/\/ail-echalote-certifie.org\/en\/wp-json\/wp\/v2\/comments?post=4855"}],"version-history":[{"count":51,"href":"https:\/\/ail-echalote-certifie.org\/en\/wp-json\/wp\/v2\/pages\/4855\/revisions"}],"predecessor-version":[{"id":6940,"href":"https:\/\/ail-echalote-certifie.org\/en\/wp-json\/wp\/v2\/pages\/4855\/revisions\/6940"}],"wp:attachment":[{"href":"https:\/\/ail-echalote-certifie.org\/en\/wp-json\/wp\/v2\/media?parent=4855"}],"wp:term":[{"taxonomy":"category","embeddable":true,"href":"https:\/\/ail-echalote-certifie.org\/en\/wp-json\/wp\/v2\/categories?post=4855"}],"curies":[{"name":"wp","href":"https:\/\/api.w.org\/{rel}","templated":true}]}}