{"id":4822,"date":"2019-08-22T14:38:29","date_gmt":"2019-08-22T12:38:29","guid":{"rendered":"https:\/\/ail-echalote-certifie.org\/liens\/"},"modified":"2022-02-01T19:00:13","modified_gmt":"2022-02-01T18:00:13","slug":"liens","status":"publish","type":"page","link":"https:\/\/ail-echalote-certifie.org\/en\/useful-links\/","title":{"rendered":"Useful Links"},"content":{"rendered":"<p>[vc_row][vc_column][vc_column_text css=&#8221;.vc_custom_1566546848019{padding-top: 20px !important;}&#8221;]<strong>Agri-Obtentions<\/strong><\/p>\n<p>Plant research and selection for the diffusion and promotion of new varieties.<a href=\"http:\/\/www.agriobtentions.fr\/\" title=\"AGRI OBTENTIONS\" target=\"_blank\" rel=\"noopener noreferrer\"><\/a><\/p>\n<p><a href=\"http:\/\/www.agriobtentions.com\/\" title=\"AGRI OBTENTIONS\" target=\"_blank\" rel=\"noopener noreferrer\">www.agriobtentions.com<\/a><\/p>\n<hr \/>\n<p><strong>Alin\u00e9a &#8211; Top&#8217;alliance<\/strong><\/p>\n<p>The Alin\u00e9a cooperative is a national organization specialized in the production of condiments (garlic, onion, shallot), fruit (melon, Ente plums) and dry beans.<br \/>\nTop Alliance, a subsidiary of this cooperative, sells to supermarkets, chain stores (80% of its activity), wholesalers and out-of-home catering businesses (10%), and is in charge of exports (10%).<\/p>\n<p><a href=\"http:\/\/www.topalliance.com\/en\/\" title=\"ALINEA - TOPALLIANCE\" target=\"_blank\" rel=\"noopener noreferrer\">www.topalliance.com\/en\/<\/a><\/p>\n<hr \/>\n<p><strong>Aprifel<\/strong><\/p>\n<p>Garlic and shallot nutritional specifications sheets available on the Aprifel (fresh fruit and vegetable French agency) website.<a href=\"http:\/\/www.aprifel.com\/fiches,produits.php?p=2&amp;c=2\" title=\"APRIFEL\" target=\"_blank\" rel=\"noopener noreferrer\"><\/a><\/p>\n<p><a href=\"http:\/\/www.aprifel.com\/fiche-nutri-produit-ail,100.html\" target=\"_blank\" rel=\"noopener noreferrer\">www.aprifel.com\/fiche-nutri-produit-ail<\/a><br \/>\n<a href=\"http:\/\/www.aprifel.com\/fiche-nutri-produit-echalote,84.html\" target=\"_blank\" rel=\"noopener noreferrer\">www.aprifel.com\/fiche-nutri-produit-echalote<\/a><\/p>\n<hr \/>\n<p><strong>Cerafel<\/strong><\/p>\n<p>Association of producers of fruits, vegetables and horticulture.<\/p>\n<p><a href=\"https:\/\/www.cerafel.com\/\" target=\"_blank\" rel=\"noopener noreferrer\">www.cerafel.com<\/a><\/p>\n<hr \/>\n<p><strong>Fleuron d&#8217;Anjou<\/strong><\/p>\n<p>Horticulture and vegetable production cooperative. Produce traditional shallot and shallot certified plants in the Maine et Loire area.<br \/>\nThe &#8220;Confr\u00e9rie des Amis de l&#8217;\u00c9chalote d&#8217;Anjou&#8221; get up the &#8220;Shallot feast&#8221; in Chemellier (49) the third Sunday in July.<\/p>\n<p><a href=\"http:\/\/www.fleurondanjou.fr\/\" target=\"_blank\" rel=\"noopener noreferrer\">www.fleurondanjou.fr<\/a><\/p>\n<hr \/>\n<p><strong>Garlic in herbal medicine<\/strong><\/p>\n<p>The Phytomania website provides comprehensive information and advice on the ways of using garlic for health purposes.<a href=\"http:\/\/www.phytomania.com\/ail.htm\" title=\"L'ail en phytoth\u00e9rapie\" target=\"_blank\" rel=\"noopener noreferrer\"><\/a><\/p>\n<p><a href=\"https:\/\/www.phytomania.com\/english\/garlic.htm\" title=\"L'ail en phytoth\u00e9rapie\" target=\"_blank\" rel=\"noopener noreferrer\">www.phytomania.com\/english\/garlic<\/a><\/p>\n<hr \/>\n<p><b>GEVES<\/b><\/p>\n<p>The Variety and Seed Study and Control Group. The GEVES is the French public body in charge of carrying out mandatory trials for:<br \/>\n\u2022 the approval of new plant varieties<br \/>\n\u2022 the legal protection of plant breeders&#8217; rights<span>\u00a0<\/span><br \/>\n\u2022 the inspection and certification of seeds prior to sale<\/p>\n<p><a href=\"https:\/\/www.geves.fr\/geves\/\" title=\"GEVES\" target=\"_blank\" rel=\"noopener noreferrer\">www.geves.fr\/geves\/<\/a><\/p>\n<hr \/>\n<p><strong>GIE de l&#8217;Ail Dr\u00f4mois<\/strong><\/p>\n<p>The &#8220;Ail Dr\u00f4mois&#8221; Economic Interest Grouping brings together specialized farmers, representing the entire sector, from the certified plant to the production of garlic and shallots.<\/p>\n<p><a href=\"https:\/\/aildromois.com\/\" title=\"GIE de l'ail Dromois\" target=\"_blank\" rel=\"noopener noreferrer\">aildromois.com<\/a><\/p>\n<hr \/>\n<p><b>INRAE<\/b><\/p>\n<p>French National Research Institute for Agriculture, Food and Environment.<\/p>\n<p><a href=\"https:\/\/www.inrae.fr\/en\" title=\"INRA\" target=\"_blank\" rel=\"noopener noreferrer\">www.inrae.fr\/en\/<\/a><\/p>\n<hr \/>\n<p><b>Jardins du Midi<\/b><\/p>\n<p>&#8220;Jardins du Midi&#8221; was created in 1936 in Beaumont-de-Lomagne in the Tarn et Garonne, the capital of French garlic. In the beginning the Jardins du Midi only sold garlic, but the company gradually widened its offer to include a wide-range of traditional products (garlic, onion, shallot, dried beans and pulses, herbs and spices).<a href=\"http:\/\/www.jardinsdumidi.fr\/index.php4?page=128\" title=\"JARDINS DU MIDI\" target=\"_blank\" rel=\"noopener noreferrer\"><\/a><\/p>\n<p><a href=\"https:\/\/jardinsdumidi.com\/\">jardinsdumidi.com<\/a><\/p>\n<hr \/>\n<p><b>L&#8217;ail fum\u00e9 d&#8217;Arleux<\/b><\/p>\n<p>The town of Arleux, near Douai in the North of France, has built its reputation on a gastronomic specialty: Peat-smoked garlic\u2026<a href=\"http:\/\/www.arleux.fr\/\" title=\"L'ail fum\u00e9 d'Arleux\" target=\"_blank\" rel=\"noopener noreferrer\"><\/a><\/p>\n<p><a href=\"https:\/\/www.arleux.fr\/patrimoine\/ail-fume\/\" title=\"L'ail fum\u00e9 d'Arleux\" target=\"_blank\" rel=\"noopener noreferrer\">www.arleux.fr<\/a><\/p>\n<hr \/>\n<p><b>L&#8217;ail rose de Lautrec<\/b><\/p>\n<p>The Association for the Promotion of Label Rouge pink Lautrec garlic. In 1966, pink Lautrec garlic was the first and only variety in its category to be granted the Label Rouge.<a href=\"http:\/\/www.ailrosedelautrec.com\/\" title=\"L'ail rose de Lautrec\" target=\"_blank\" rel=\"noopener noreferrer\"><\/a><\/p>\n<p><a href=\"https:\/\/www.ailrosedelautrec.com\/\" title=\"L'ail rose de Lautrec\" target=\"_blank\" rel=\"noopener noreferrer\">www.ailrosedelautrec.com<\/a><\/p>\n<hr \/>\n<p><strong>The garlic sector in La R\u00e9union<\/strong><\/p>\n<p>Thanks to the work carried out by the CIRAD, the tradition of garlic production has been re-established on the island and every year a festival is held to celebrate this.<a href=\"http:\/\/reunion-mayotte.cirad.fr\/actualites\/ail\" title=\"La fili\u00e8re ail dans l'\u00eele de La R\u00e9union\" target=\"_blank\" rel=\"noopener noreferrer\"><\/a><\/p>\n<p><a href=\"https:\/\/reunion-mayotte.cirad.fr\/actualites\/archives\/ail\" title=\"La fili\u00e8re ail dans l'\u00eele de La R\u00e9union\" target=\"_blank\" rel=\"noopener noreferrer\">reunion-mayotte.cirad.fr<\/a><\/p>\n<hr \/>\n<p><strong>O.B.S<\/strong><\/p>\n<p>Farming cooperatives union from Britany who produce shallot certified plants and a wide range of vegetables.<\/p>\n<p><a href=\"https:\/\/www.o-b-s.com\/?lang=en\" target=\"_blank\" rel=\"noopener noreferrer\">www.o-b-s.com<\/a><\/p>\n<hr \/>\n<p><strong>SEMAE<\/strong><\/p>\n<p>The French Interprofessional Organisation for Seeds and Plants website. SEMAE facilitates discussions, exchanges, and decision-making by all stakeholders of the seed sector.<\/p>\n<p>The certification of seeds and seedlings public service is carried out by SOC, the official service for control and certification of seeds and plants. SOC also verifies compliance with phytosanitary regulations. SOC is a specific technical department in charge of the public mission entrusted to SEMAE by French regulation. The department is run by a senior state official appointed by the Ministry of Agriculture, who also represents France at the OECD and UNECE on matters involving seeds certification.<\/p>\n<p><a href=\"https:\/\/www.semae.fr\/en\/\" target=\"_blank\" rel=\"noopener noreferrer\">www.semae.fr\/en\/<\/a><\/p>\n<hr \/>\n<p><b>SemenceMag<\/b><\/p>\n<p>An online magazine dedicated to seeds and vegetable grains and the role they play in our everyday life.<\/p>\n<p><a href=\"https:\/\/www.semencemag.fr\/\" title=\"SEMENCE MAG\" target=\"_blank\" rel=\"noopener noreferrer\">www.semencemag.fr<\/a><\/p>\n<hr \/>\n<p><b>Top Semence<\/b><\/p>\n<p>A breeder and producer of certified garlic plants in the Dr\u00f4me.<a href=\"http:\/\/www.topsemence.fr\/\" title=\"TOP SEMENCE\" target=\"_blank\" rel=\"noopener noreferrer\"><\/a><\/p>\n<p><a href=\"http:\/\/www.topsemence.fr\/fr\/bulbes.php\" title=\"TOP SEMENCE\" target=\"_blank\" rel=\"noopener noreferrer\">www.topsemence.fr<\/a><br \/>\n[\/vc_column_text][\/vc_column][\/vc_row][vc_row][vc_column][vc_column_text]<\/p>\n<p>[\/vc_column_text][\/vc_column][\/vc_row]<\/p>\n","protected":false},"excerpt":{"rendered":"<p>[vc_row][vc_column][vc_column_text css=&#8221;.vc_custom_1566546848019{padding-top: 20px !important;}&#8221;]Agri-Obtentions Plant research and selection for the diffusion and promotion of new varieties. www.agriobtentions.com Alin\u00e9a &#8211; Top&#8217;alliance The Alin\u00e9a cooperative is a national organization specialized in the [&hellip;]<\/p>\n","protected":false},"author":3,"featured_media":0,"parent":0,"menu_order":0,"comment_status":"closed","ping_status":"closed","template":"","meta":{"_acf_changed":false,"footnotes":""},"categories":[],"class_list":["post-4822","page","type-page","status-publish","hentry"],"acf":[],"yoast_head":"<!-- This site is optimized with the Yoast SEO plugin v27.5 - https:\/\/yoast.com\/product\/yoast-seo-wordpress\/ -->\n<title>Useful Links - Le plant certifi\u00e9 d&#039;ail et d&#039;\u00e9chalote<\/title>\n<meta name=\"robots\" content=\"index, follow, max-snippet:-1, max-image-preview:large, max-video-preview:-1\" \/>\n<link rel=\"canonical\" href=\"https:\/\/ail-echalote-certifie.org\/en\/useful-links\/\" \/>\n<meta property=\"og:locale\" content=\"en_US\" \/>\n<meta property=\"og:type\" content=\"article\" \/>\n<meta property=\"og:title\" content=\"Useful Links - Le plant certifi\u00e9 d&#039;ail et d&#039;\u00e9chalote\" \/>\n<meta property=\"og:description\" content=\"[vc_row][vc_column][vc_column_text css=&#8221;.vc_custom_1566546848019{padding-top: 20px !important;}&#8221;]Agri-Obtentions Plant research and selection for the diffusion and promotion of new varieties. www.agriobtentions.com Alin\u00e9a &#8211; Top&#8217;alliance The Alin\u00e9a cooperative is a national organization specialized in the [&hellip;]\" \/>\n<meta property=\"og:url\" content=\"https:\/\/ail-echalote-certifie.org\/en\/useful-links\/\" \/>\n<meta property=\"og:site_name\" content=\"Le plant certifi\u00e9 d&#039;ail et d&#039;\u00e9chalote\" \/>\n<meta property=\"article:modified_time\" content=\"2022-02-01T18:00:13+00:00\" \/>\n<meta name=\"twitter:card\" content=\"summary_large_image\" \/>\n<meta name=\"twitter:label1\" content=\"Est. reading time\" \/>\n\t<meta name=\"twitter:data1\" content=\"3 minutes\" \/>\n<script type=\"application\/ld+json\" class=\"yoast-schema-graph\">{\"@context\":\"https:\\\/\\\/schema.org\",\"@graph\":[{\"@type\":\"WebPage\",\"@id\":\"https:\\\/\\\/ail-echalote-certifie.org\\\/en\\\/useful-links\\\/\",\"url\":\"https:\\\/\\\/ail-echalote-certifie.org\\\/en\\\/useful-links\\\/\",\"name\":\"Useful Links - Le plant certifi\u00e9 d&#039;ail et d&#039;\u00e9chalote\",\"isPartOf\":{\"@id\":\"https:\\\/\\\/ail-echalote-certifie.org\\\/en\\\/#website\"},\"datePublished\":\"2019-08-22T12:38:29+00:00\",\"dateModified\":\"2022-02-01T18:00:13+00:00\",\"breadcrumb\":{\"@id\":\"https:\\\/\\\/ail-echalote-certifie.org\\\/en\\\/useful-links\\\/#breadcrumb\"},\"inLanguage\":\"en-US\",\"potentialAction\":[{\"@type\":\"ReadAction\",\"target\":[\"https:\\\/\\\/ail-echalote-certifie.org\\\/en\\\/useful-links\\\/\"]}]},{\"@type\":\"BreadcrumbList\",\"@id\":\"https:\\\/\\\/ail-echalote-certifie.org\\\/en\\\/useful-links\\\/#breadcrumb\",\"itemListElement\":[{\"@type\":\"ListItem\",\"position\":1,\"name\":\"Accueil\",\"item\":\"https:\\\/\\\/ail-echalote-certifie.org\\\/en\\\/\"},{\"@type\":\"ListItem\",\"position\":2,\"name\":\"Useful Links\"}]},{\"@type\":\"WebSite\",\"@id\":\"https:\\\/\\\/ail-echalote-certifie.org\\\/en\\\/#website\",\"url\":\"https:\\\/\\\/ail-echalote-certifie.org\\\/en\\\/\",\"name\":\"Le plant certifi\u00e9 d\u2019ail et d\u2019\u00e9chalote\",\"description\":\"Avec le plant certifi\u00e9, vous mettez toutes les chances de votre c\u00f4t\u00e9 !\",\"publisher\":{\"@id\":\"https:\\\/\\\/ail-echalote-certifie.org\\\/en\\\/#organization\"},\"potentialAction\":[{\"@type\":\"SearchAction\",\"target\":{\"@type\":\"EntryPoint\",\"urlTemplate\":\"https:\\\/\\\/ail-echalote-certifie.org\\\/en\\\/?s={search_term_string}\"},\"query-input\":{\"@type\":\"PropertyValueSpecification\",\"valueRequired\":true,\"valueName\":\"search_term_string\"}}],\"inLanguage\":\"en-US\"},{\"@type\":\"Organization\",\"@id\":\"https:\\\/\\\/ail-echalote-certifie.org\\\/en\\\/#organization\",\"name\":\"Le plant certifi\u00e9 d\u2019ail et d\u2019\u00e9chalote\",\"url\":\"https:\\\/\\\/ail-echalote-certifie.org\\\/en\\\/\",\"logo\":{\"@type\":\"ImageObject\",\"inLanguage\":\"en-US\",\"@id\":\"https:\\\/\\\/ail-echalote-certifie.org\\\/en\\\/#\\\/schema\\\/logo\\\/image\\\/\",\"url\":\"https:\\\/\\\/ail-echalote-certifie.org\\\/wp-content\\\/uploads\\\/2020\\\/12\\\/PROSEMAIL-RVB.png\",\"contentUrl\":\"https:\\\/\\\/ail-echalote-certifie.org\\\/wp-content\\\/uploads\\\/2020\\\/12\\\/PROSEMAIL-RVB.png\",\"width\":219,\"height\":174,\"caption\":\"Le plant certifi\u00e9 d\u2019ail et d\u2019\u00e9chalote\"},\"image\":{\"@id\":\"https:\\\/\\\/ail-echalote-certifie.org\\\/en\\\/#\\\/schema\\\/logo\\\/image\\\/\"}}]}<\/script>\n<!-- \/ Yoast SEO plugin. -->","yoast_head_json":{"title":"Useful Links - Le plant certifi\u00e9 d&#039;ail et d&#039;\u00e9chalote","robots":{"index":"index","follow":"follow","max-snippet":"max-snippet:-1","max-image-preview":"max-image-preview:large","max-video-preview":"max-video-preview:-1"},"canonical":"https:\/\/ail-echalote-certifie.org\/en\/useful-links\/","og_locale":"en_US","og_type":"article","og_title":"Useful Links - Le plant certifi\u00e9 d&#039;ail et d&#039;\u00e9chalote","og_description":"[vc_row][vc_column][vc_column_text css=&#8221;.vc_custom_1566546848019{padding-top: 20px !important;}&#8221;]Agri-Obtentions Plant research and selection for the diffusion and promotion of new varieties. www.agriobtentions.com Alin\u00e9a &#8211; Top&#8217;alliance The Alin\u00e9a cooperative is a national organization specialized in the [&hellip;]","og_url":"https:\/\/ail-echalote-certifie.org\/en\/useful-links\/","og_site_name":"Le plant certifi\u00e9 d&#039;ail et d&#039;\u00e9chalote","article_modified_time":"2022-02-01T18:00:13+00:00","twitter_card":"summary_large_image","twitter_misc":{"Est. reading time":"3 minutes"},"schema":{"@context":"https:\/\/schema.org","@graph":[{"@type":"WebPage","@id":"https:\/\/ail-echalote-certifie.org\/en\/useful-links\/","url":"https:\/\/ail-echalote-certifie.org\/en\/useful-links\/","name":"Useful Links - Le plant certifi\u00e9 d&#039;ail et d&#039;\u00e9chalote","isPartOf":{"@id":"https:\/\/ail-echalote-certifie.org\/en\/#website"},"datePublished":"2019-08-22T12:38:29+00:00","dateModified":"2022-02-01T18:00:13+00:00","breadcrumb":{"@id":"https:\/\/ail-echalote-certifie.org\/en\/useful-links\/#breadcrumb"},"inLanguage":"en-US","potentialAction":[{"@type":"ReadAction","target":["https:\/\/ail-echalote-certifie.org\/en\/useful-links\/"]}]},{"@type":"BreadcrumbList","@id":"https:\/\/ail-echalote-certifie.org\/en\/useful-links\/#breadcrumb","itemListElement":[{"@type":"ListItem","position":1,"name":"Accueil","item":"https:\/\/ail-echalote-certifie.org\/en\/"},{"@type":"ListItem","position":2,"name":"Useful Links"}]},{"@type":"WebSite","@id":"https:\/\/ail-echalote-certifie.org\/en\/#website","url":"https:\/\/ail-echalote-certifie.org\/en\/","name":"Le plant certifi\u00e9 d\u2019ail et d\u2019\u00e9chalote","description":"Avec le plant certifi\u00e9, vous mettez toutes les chances de votre c\u00f4t\u00e9 !","publisher":{"@id":"https:\/\/ail-echalote-certifie.org\/en\/#organization"},"potentialAction":[{"@type":"SearchAction","target":{"@type":"EntryPoint","urlTemplate":"https:\/\/ail-echalote-certifie.org\/en\/?s={search_term_string}"},"query-input":{"@type":"PropertyValueSpecification","valueRequired":true,"valueName":"search_term_string"}}],"inLanguage":"en-US"},{"@type":"Organization","@id":"https:\/\/ail-echalote-certifie.org\/en\/#organization","name":"Le plant certifi\u00e9 d\u2019ail et d\u2019\u00e9chalote","url":"https:\/\/ail-echalote-certifie.org\/en\/","logo":{"@type":"ImageObject","inLanguage":"en-US","@id":"https:\/\/ail-echalote-certifie.org\/en\/#\/schema\/logo\/image\/","url":"https:\/\/ail-echalote-certifie.org\/wp-content\/uploads\/2020\/12\/PROSEMAIL-RVB.png","contentUrl":"https:\/\/ail-echalote-certifie.org\/wp-content\/uploads\/2020\/12\/PROSEMAIL-RVB.png","width":219,"height":174,"caption":"Le plant certifi\u00e9 d\u2019ail et d\u2019\u00e9chalote"},"image":{"@id":"https:\/\/ail-echalote-certifie.org\/en\/#\/schema\/logo\/image\/"}}]}},"_links":{"self":[{"href":"https:\/\/ail-echalote-certifie.org\/en\/wp-json\/wp\/v2\/pages\/4822","targetHints":{"allow":["GET"]}}],"collection":[{"href":"https:\/\/ail-echalote-certifie.org\/en\/wp-json\/wp\/v2\/pages"}],"about":[{"href":"https:\/\/ail-echalote-certifie.org\/en\/wp-json\/wp\/v2\/types\/page"}],"author":[{"embeddable":true,"href":"https:\/\/ail-echalote-certifie.org\/en\/wp-json\/wp\/v2\/users\/3"}],"replies":[{"embeddable":true,"href":"https:\/\/ail-echalote-certifie.org\/en\/wp-json\/wp\/v2\/comments?post=4822"}],"version-history":[{"count":18,"href":"https:\/\/ail-echalote-certifie.org\/en\/wp-json\/wp\/v2\/pages\/4822\/revisions"}],"predecessor-version":[{"id":7215,"href":"https:\/\/ail-echalote-certifie.org\/en\/wp-json\/wp\/v2\/pages\/4822\/revisions\/7215"}],"wp:attachment":[{"href":"https:\/\/ail-echalote-certifie.org\/en\/wp-json\/wp\/v2\/media?parent=4822"}],"wp:term":[{"taxonomy":"category","embeddable":true,"href":"https:\/\/ail-echalote-certifie.org\/en\/wp-json\/wp\/v2\/categories?post=4822"}],"curies":[{"name":"wp","href":"https:\/\/api.w.org\/{rel}","templated":true}]}}