{"id":4763,"date":"2019-08-22T11:23:44","date_gmt":"2019-08-22T09:23:44","guid":{"rendered":"https:\/\/ail-echalote-certifie.org\/?page_id=4763"},"modified":"2019-10-30T19:44:03","modified_gmt":"2019-10-30T18:44:03","slug":"storing-certified-garlic-shallot-plants","status":"publish","type":"page","link":"https:\/\/ail-echalote-certifie.org\/en\/storing-certified-garlic-shallot-plants\/","title":{"rendered":"Storing certified garlic and shallot plants"},"content":{"rendered":"<p>[vc_row css=&#8221;.vc_custom_1567764253918{background-color: #f6f6f6 !important;}&#8221;][vc_column][vc_custom_heading text=&#8221;<strong><em>For interest of the gardener, simple rules exist to maintain quality of the certified garlic and shallot plants. By following these rules, the seller continues the work of the professionals who produced and controlled these plants.<\/em><\/strong>&#8221; font_container=&#8221;tag:div|font_size:18|text_align:left&#8221; use_theme_fonts=&#8221;yes&#8221; css=&#8221;.vc_custom_1571407056375{margin-bottom: 30px !important;}&#8221;][\/vc_column][\/vc_row][vc_row][vc_column][vc_empty_space height=&#8221;5px&#8221;][\/vc_column][\/vc_row][vc_row css=&#8221;.vc_custom_1567767459364{background-color: #f6f6f6 !important;}&#8221;][vc_column][vc_custom_heading text=&#8221;Certified shallot plants,<br \/>\na cutting-edge technology product that must be preserved&#8221; use_theme_fonts=&#8221;yes&#8221;][\/vc_column][\/vc_row][vc_row equal_height=&#8221;yes&#8221; rtl_reverse=&#8221;yes&#8221; content_placement=&#8221;top&#8221; css_animation=&#8221;none&#8221; css=&#8221;.vc_custom_1567767606626{background-color: #f6f6f6 !important;}&#8221;][vc_column width=&#8221;1\/2&#8243;][vc_column_text]The certified plant is :<\/p>\n<ul>\n<li>harvested at the optimum stage,<\/li>\n<\/ul>\n<ul>\n<li>carefully dried,<\/li>\n<\/ul>\n<ul>\n<li>prepared with all the precautions required to have the best production potential.<\/li>\n<\/ul>\n<p>Shallots have a high moisture content, and as such they are highly sensitive to changes in temperature and humidity levels.<\/p>\n<p>Poor storage conditions will lead to germination, or will cause the plant to dry out and accelerate weight loss compared to the natural desiccation process tied to the normal breathing of bulbs. In order to avoid problems and deterioration during storage, the following rules must be observed:[\/vc_column_text][\/vc_column][vc_column width=&#8221;1\/2&#8243; css=&#8221;.vc_custom_1568972027901{background-position: center !important;background-repeat: no-repeat !important;background-size: cover !important;}&#8221;][vc_raw_html]JTNDdmlkZW8lMjBjb250cm9scyUyMHdpZHRoJTNEJTIyMTAwJTI1JTIyJTNFJTBBJTBBJTIwJTIwJTIwJTIwJTNDc291cmNlJTIwc3JjJTNEJTIyaHR0cHMlM0ElMkYlMkZhaWwtZWNoYWxvdGUtY2VydGlmaWUub3JnJTJGd3AtY29udGVudCUyRnVwbG9hZHMlMkYyMDE5JTJGMTAlMkZ0cmlhZ2VfYWlsLm1wNCUyMiUwQSUyMCUyMCUyMCUyMCUyMCUyMCUyMCUyMCUyMCUyMCUyMCUyMHR5cGUlM0QlMjJ2aWRlbyUyRm1wNCUyMiUzRSUwQSUwQSUyMCUyMCUyMCUyMCUzQ2ltZyUyMHdpZHRoJTNEJTIyNjAwJTIyJTIwaGVpZ2h0JTNEJTIyNDUwJTIyJTIwc3JjJTNEJTIyaHR0cHMlM0ElMkYlMkZhaWwtZWNoYWxvdGUtY2VydGlmaWUub3JnJTJGd3AtY29udGVudCUyRnVwbG9hZHMlMkYyMDE5JTJGMDglMkZ0cmlhZ2VfYWlsLmpwZyUyMiUyMGNsYXNzJTNEJTIydmNfc2luZ2xlX2ltYWdlLWltZyUyMGF0dGFjaG1lbnQtbGFyZ2UlMjIlMjBhbHQlM0QlMjJwaG90byUyMGQlMjdhaWwlMjBzdXIlMjB1biUyMHRhcGlzJTIwZGUlMjB0cmlhZ2UlMjIlMjBzcmNzZXQlM0QlMjJodHRwcyUzQSUyRiUyRmFpbC1lY2hhbG90ZS1jZXJ0aWZpZS5vcmclMkZ3cC1jb250ZW50JTJGdXBsb2FkcyUyRjIwMTklMkYwOCUyRnRyaWFnZV9haWwuanBnJTIwNjAwdyUyQyUyMGh0dHBzJTNBJTJGJTJGYWlsLWVjaGFsb3RlLWNlcnRpZmllLm9yZyUyRndwLWNvbnRlbnQlMkZ1cGxvYWRzJTJGMjAxOSUyRjA4JTJGdHJpYWdlX2FpbC0zMDB4MjI1LmpwZyUyMDMwMHclMjIlMjBzaXplcyUzRCUyMiUyOG1heC13aWR0aCUzQSUyMDYwMHB4JTI5JTIwMTAwdnclMkMlMjA2MDBweCUyMiUzRSUwQSUzQyUyRnZpZGVvJTNFJTBBJTNDZmlnY2FwdGlvbiUyMGNsYXNzJTNEJTIydmNfZmlndXJlLWNhcHRpb24lMjIlM0UlQzIlQTklMjBHTklTJTIwLSUyMFBhdWwlMjBEdXRyb25jJTNDJTJGZmlnY2FwdGlvbiUzRQ==[\/vc_raw_html][\/vc_column][\/vc_row][vc_row][vc_column][vc_empty_space height=&#8221;5px&#8221;][\/vc_column][\/vc_row][vc_row css=&#8221;.vc_custom_1567766118009{background-color: #f6f6f6 !important;}&#8221;][vc_column][vc_custom_heading text=&#8221;Check plants are healthy<br \/>\nand in a good state when they are delivered to you&#8221; use_theme_fonts=&#8221;yes&#8221;][\/vc_column][\/vc_row][vc_row equal_height=&#8221;yes&#8221; rtl_reverse=&#8221;yes&#8221; content_placement=&#8221;top&#8221; css_animation=&#8221;none&#8221; css=&#8221;.vc_custom_1567767373578{background-color: #f6f6f6 !important;}&#8221;][vc_column width=&#8221;1\/2&#8243;][vc_column_text]Upon delivery of the plants, the person in charge should immediately check that the plants are healthy and in a good state. If the person in charge acknowledges any damage to plants he must notify this to the delivery person, and write it down on the delivery note.<\/p>\n<p>The person in charge must then check that the delivered goods match his purchase order: name of variety, type of plant (certified plants carry a blue certification label on their packaging), quantities and quality.<\/p>\n<p><b>If the delivered goods do not match the purchase order, this must be notified to the seller as soon as possible after delivery.<\/b>[\/vc_column_text][\/vc_column][vc_column width=&#8221;1\/2&#8243; css=&#8221;.vc_custom_1568972061122{background-position: center !important;background-repeat: no-repeat !important;background-size: cover !important;}&#8221;][vc_single_image image=&#8221;6174&#8243; img_size=&#8221;full&#8221; add_caption=&#8221;yes&#8221;][\/vc_column][\/vc_row][vc_row][vc_column][vc_empty_space height=&#8221;5px&#8221;][\/vc_column][\/vc_row][vc_row css=&#8221;.vc_custom_1567766118009{background-color: #f6f6f6 !important;}&#8221;][vc_column][vc_custom_heading text=&#8221;7 rules for the proper storage of certified shallot plants&#8221; use_theme_fonts=&#8221;yes&#8221;][\/vc_column][\/vc_row][vc_row css=&#8221;.vc_custom_1567766118009{background-color: #f6f6f6 !important;}&#8221;][vc_column][vc_custom_heading text=&#8221;<strong><em>Sales of certified shallot plants are booming: boost your sales by adding this high-performance plant to your range of products, and follow the rules below for healthy plants stored in the best conditions!<\/em><\/strong>&#8221; font_container=&#8221;tag:div|font_size:18|text_align:left&#8221; use_theme_fonts=&#8221;yes&#8221;][\/vc_column][\/vc_row][vc_row rtl_reverse=&#8221;yes&#8221; content_placement=&#8221;top&#8221; css_animation=&#8221;none&#8221; css=&#8221;.vc_custom_1567766461372{background-color: #f6f6f6 !important;}&#8221;][vc_column width=&#8221;1\/2&#8243;][vc_custom_heading text=&#8221;1 &#8211; Handle with care&#8221; font_container=&#8221;tag:h3|text_align:left&#8221; use_theme_fonts=&#8221;yes&#8221;][vc_single_image image=&#8221;4776&#8243; img_size=&#8221;large&#8221; add_caption=&#8221;yes&#8221;][vc_column_text css=&#8221;.vc_custom_1571407885565{margin-top: -20px !important;padding-top: -20px !important;}&#8221;]<span>Avoid unnecessary manipulations and handle with care.<\/span>[\/vc_column_text][\/vc_column][vc_column width=&#8221;1\/2&#8243; css=&#8221;.vc_custom_1568972114465{background-position: center !important;background-repeat: no-repeat !important;background-size: cover !important;}&#8221;][vc_custom_heading text=&#8221;2 &#8211; Allow plants to breathe&#8221; font_container=&#8221;tag:h3|text_align:left&#8221; use_theme_fonts=&#8221;yes&#8221;][vc_single_image image=&#8221;4778&#8243; img_size=&#8221;large&#8221; add_caption=&#8221;yes&#8221;][vc_column_text css=&#8221;.vc_custom_1571407909767{margin-top: -20px !important;padding-top: -20px !important;}&#8221;]<span>Store plants so there is enough room for air to circulate, do not pile them up in plastic bags or net bags.<\/span>[\/vc_column_text][\/vc_column][\/vc_row][vc_row rtl_reverse=&#8221;yes&#8221; content_placement=&#8221;top&#8221; css_animation=&#8221;none&#8221; css=&#8221;.vc_custom_1567766513775{background-color: #f6f6f6 !important;}&#8221;][vc_column width=&#8221;1\/2&#8243;][vc_custom_heading text=&#8221;3 &#8211; Store at appropriate temperature in a dry environment&#8221; font_container=&#8221;tag:h3|text_align:left&#8221; use_theme_fonts=&#8221;yes&#8221;][vc_single_image image=&#8221;4766&#8243; img_size=&#8221;large&#8221; add_caption=&#8221;yes&#8221;][vc_column_text css=&#8221;.vc_custom_1571407936173{margin-top: -20px !important;padding-top: -20px !important;}&#8221;]<span>Store the certified shallot plants in a dry well ventilated place. Store at a low temperature, approx. 1\u00a0\u00b0C.<\/span><br \/>\n<span>Avoid temperatures above 15\u00a0\u00b0C which promote germination.<\/span>[\/vc_column_text][\/vc_column][vc_column width=&#8221;1\/2&#8243; css=&#8221;.vc_custom_1568972126026{background-position: center !important;background-repeat: no-repeat !important;background-size: cover !important;}&#8221;][vc_custom_heading text=&#8221;4 &#8211; Avoid changes in temperature and humidity levels&#8221; font_container=&#8221;tag:h3|text_align:left&#8221; use_theme_fonts=&#8221;yes&#8221;][vc_single_image image=&#8221;4768&#8243; img_size=&#8221;large&#8221; add_caption=&#8221;yes&#8221;][vc_column_text css=&#8221;.vc_custom_1571407975821{margin-top: -20px !important;padding-top: -20px !important;}&#8221;]<span>Check temperature and humidity levels in order to prevent changes likely to cause germination during storage.<\/span>[\/vc_column_text][\/vc_column][\/vc_row][vc_row rtl_reverse=&#8221;yes&#8221; content_placement=&#8221;top&#8221; css_animation=&#8221;none&#8221; css=&#8221;.vc_custom_1567766560349{background-color: #f6f6f6 !important;}&#8221;][vc_column width=&#8221;1\/2&#8243;][vc_custom_heading text=&#8221;5 &#8211; Put out on display as needed&#8221; font_container=&#8221;tag:h3|text_align:left&#8221; use_theme_fonts=&#8221;yes&#8221;][vc_single_image image=&#8221;4770&#8243; img_size=&#8221;large&#8221; add_caption=&#8221;yes&#8221;][vc_column_text css=&#8221;.vc_custom_1571407999947{margin-top: -20px !important;padding-top: -20px !important;}&#8221;]<span>Put plants out on display as needed.<\/span>[\/vc_column_text][\/vc_column][vc_column width=&#8221;1\/2&#8243; css=&#8221;.vc_custom_1568972151036{background-position: center !important;background-repeat: no-repeat !important;background-size: cover !important;}&#8221;][vc_custom_heading text=&#8221;6 &#8211; Help customers select the right plants depending on season and planting time&#8221; font_container=&#8221;tag:h3|text_align:left&#8221; use_theme_fonts=&#8221;yes&#8221;][vc_single_image image=&#8221;4772&#8243; img_size=&#8221;large&#8221; add_caption=&#8221;yes&#8221;][vc_column_text css=&#8221;.vc_custom_1571408040755{margin-top: -20px !important;padding-top: -20px !important;}&#8221;]<span>Introduce your customers to different shallot varieties and the right time to plant them (Autumn and Spring). Make sure you advise customers properly and sell them the right type of shallot plants depending on season and planting time.<\/span>[\/vc_column_text][\/vc_column][\/vc_row][vc_row rtl_reverse=&#8221;yes&#8221; content_placement=&#8221;top&#8221; css_animation=&#8221;none&#8221; css=&#8221;.vc_custom_1567766593678{background-color: #f6f6f6 !important;}&#8221;][vc_column width=&#8221;1\/2&#8243;][vc_custom_heading text=&#8221;7 &#8211; Do not remove roots or outer skin if you repackage the plant&#8221; font_container=&#8221;tag:h3|text_align:left&#8221; use_theme_fonts=&#8221;yes&#8221;][vc_single_image image=&#8221;4774&#8243; img_size=&#8221;large&#8221; add_caption=&#8221;yes&#8221;][vc_column_text css=&#8221;.vc_custom_1571408067543{margin-top: -20px !important;padding-top: -20px !important;}&#8221;]If you repackage the certified plants in smaller packages with the agreement of the SOC, do not remove outer skin or roots, as these protect the bulbs, and do not forget to re-stick the blue SOC-certification label on the new packaging.<\/p>\n<p>Poor storage conditions will lead to germination, or will cause the plant to dry out and accelerate weight loss compared to the natural desiccation process (normal breathing of bulbs).[\/vc_column_text][\/vc_column][vc_column width=&#8221;1\/2&#8243; css=&#8221;.vc_custom_1567766611284{background-position: center !important;background-repeat: no-repeat !important;background-size: cover !important;}&#8221;][\/vc_column][\/vc_row]<\/p>\n","protected":false},"excerpt":{"rendered":"<p>[vc_row css=&#8221;.vc_custom_1567764253918{background-color: #f6f6f6 !important;}&#8221;][vc_column][vc_custom_heading text=&#8221;For interest of the gardener, simple rules exist to maintain quality of the certified garlic and shallot plants. By following these rules, the seller continues the [&hellip;]<\/p>\n","protected":false},"author":3,"featured_media":0,"parent":0,"menu_order":0,"comment_status":"closed","ping_status":"closed","template":"","meta":{"_acf_changed":false,"footnotes":""},"categories":[],"class_list":["post-4763","page","type-page","status-publish","hentry"],"acf":[],"yoast_head":"<!-- This site is optimized with the Yoast SEO plugin v27.5 - https:\/\/yoast.com\/product\/yoast-seo-wordpress\/ -->\n<title>Storing certified garlic and shallot plants - Le plant certifi\u00e9 d&#039;ail et d&#039;\u00e9chalote<\/title>\n<meta name=\"robots\" content=\"index, follow, max-snippet:-1, max-image-preview:large, max-video-preview:-1\" \/>\n<link rel=\"canonical\" href=\"https:\/\/ail-echalote-certifie.org\/en\/storing-certified-garlic-shallot-plants\/\" \/>\n<meta property=\"og:locale\" content=\"en_US\" \/>\n<meta property=\"og:type\" content=\"article\" \/>\n<meta property=\"og:title\" content=\"Storing certified garlic and shallot plants - Le plant certifi\u00e9 d&#039;ail et d&#039;\u00e9chalote\" \/>\n<meta property=\"og:description\" content=\"[vc_row css=&#8221;.vc_custom_1567764253918{background-color: #f6f6f6 !important;}&#8221;][vc_column][vc_custom_heading text=&#8221;For interest of the gardener, simple rules exist to maintain quality of the certified garlic and shallot plants. By following these rules, the seller continues the [&hellip;]\" \/>\n<meta property=\"og:url\" content=\"https:\/\/ail-echalote-certifie.org\/en\/storing-certified-garlic-shallot-plants\/\" \/>\n<meta property=\"og:site_name\" content=\"Le plant certifi\u00e9 d&#039;ail et d&#039;\u00e9chalote\" \/>\n<meta property=\"article:modified_time\" content=\"2019-10-30T18:44:03+00:00\" \/>\n<meta name=\"twitter:card\" content=\"summary_large_image\" \/>\n<meta name=\"twitter:label1\" content=\"Est. reading time\" \/>\n\t<meta name=\"twitter:data1\" content=\"7 minutes\" \/>\n<script type=\"application\/ld+json\" class=\"yoast-schema-graph\">{\"@context\":\"https:\\\/\\\/schema.org\",\"@graph\":[{\"@type\":\"WebPage\",\"@id\":\"https:\\\/\\\/ail-echalote-certifie.org\\\/en\\\/storing-certified-garlic-shallot-plants\\\/\",\"url\":\"https:\\\/\\\/ail-echalote-certifie.org\\\/en\\\/storing-certified-garlic-shallot-plants\\\/\",\"name\":\"Storing certified garlic and shallot plants - Le plant certifi\u00e9 d&#039;ail et d&#039;\u00e9chalote\",\"isPartOf\":{\"@id\":\"https:\\\/\\\/ail-echalote-certifie.org\\\/en\\\/#website\"},\"datePublished\":\"2019-08-22T09:23:44+00:00\",\"dateModified\":\"2019-10-30T18:44:03+00:00\",\"breadcrumb\":{\"@id\":\"https:\\\/\\\/ail-echalote-certifie.org\\\/en\\\/storing-certified-garlic-shallot-plants\\\/#breadcrumb\"},\"inLanguage\":\"en-US\",\"potentialAction\":[{\"@type\":\"ReadAction\",\"target\":[\"https:\\\/\\\/ail-echalote-certifie.org\\\/en\\\/storing-certified-garlic-shallot-plants\\\/\"]}]},{\"@type\":\"BreadcrumbList\",\"@id\":\"https:\\\/\\\/ail-echalote-certifie.org\\\/en\\\/storing-certified-garlic-shallot-plants\\\/#breadcrumb\",\"itemListElement\":[{\"@type\":\"ListItem\",\"position\":1,\"name\":\"Accueil\",\"item\":\"https:\\\/\\\/ail-echalote-certifie.org\\\/en\\\/\"},{\"@type\":\"ListItem\",\"position\":2,\"name\":\"Storing certified garlic and shallot plants\"}]},{\"@type\":\"WebSite\",\"@id\":\"https:\\\/\\\/ail-echalote-certifie.org\\\/en\\\/#website\",\"url\":\"https:\\\/\\\/ail-echalote-certifie.org\\\/en\\\/\",\"name\":\"Le plant certifi\u00e9 d\u2019ail et d\u2019\u00e9chalote\",\"description\":\"Avec le plant certifi\u00e9, vous mettez toutes les chances de votre c\u00f4t\u00e9 !\",\"publisher\":{\"@id\":\"https:\\\/\\\/ail-echalote-certifie.org\\\/en\\\/#organization\"},\"potentialAction\":[{\"@type\":\"SearchAction\",\"target\":{\"@type\":\"EntryPoint\",\"urlTemplate\":\"https:\\\/\\\/ail-echalote-certifie.org\\\/en\\\/?s={search_term_string}\"},\"query-input\":{\"@type\":\"PropertyValueSpecification\",\"valueRequired\":true,\"valueName\":\"search_term_string\"}}],\"inLanguage\":\"en-US\"},{\"@type\":\"Organization\",\"@id\":\"https:\\\/\\\/ail-echalote-certifie.org\\\/en\\\/#organization\",\"name\":\"Le plant certifi\u00e9 d\u2019ail et d\u2019\u00e9chalote\",\"url\":\"https:\\\/\\\/ail-echalote-certifie.org\\\/en\\\/\",\"logo\":{\"@type\":\"ImageObject\",\"inLanguage\":\"en-US\",\"@id\":\"https:\\\/\\\/ail-echalote-certifie.org\\\/en\\\/#\\\/schema\\\/logo\\\/image\\\/\",\"url\":\"https:\\\/\\\/ail-echalote-certifie.org\\\/wp-content\\\/uploads\\\/2020\\\/12\\\/PROSEMAIL-RVB.png\",\"contentUrl\":\"https:\\\/\\\/ail-echalote-certifie.org\\\/wp-content\\\/uploads\\\/2020\\\/12\\\/PROSEMAIL-RVB.png\",\"width\":219,\"height\":174,\"caption\":\"Le plant certifi\u00e9 d\u2019ail et d\u2019\u00e9chalote\"},\"image\":{\"@id\":\"https:\\\/\\\/ail-echalote-certifie.org\\\/en\\\/#\\\/schema\\\/logo\\\/image\\\/\"}}]}<\/script>\n<!-- \/ Yoast SEO plugin. -->","yoast_head_json":{"title":"Storing certified garlic and shallot plants - Le plant certifi\u00e9 d&#039;ail et d&#039;\u00e9chalote","robots":{"index":"index","follow":"follow","max-snippet":"max-snippet:-1","max-image-preview":"max-image-preview:large","max-video-preview":"max-video-preview:-1"},"canonical":"https:\/\/ail-echalote-certifie.org\/en\/storing-certified-garlic-shallot-plants\/","og_locale":"en_US","og_type":"article","og_title":"Storing certified garlic and shallot plants - Le plant certifi\u00e9 d&#039;ail et d&#039;\u00e9chalote","og_description":"[vc_row css=&#8221;.vc_custom_1567764253918{background-color: #f6f6f6 !important;}&#8221;][vc_column][vc_custom_heading text=&#8221;For interest of the gardener, simple rules exist to maintain quality of the certified garlic and shallot plants. By following these rules, the seller continues the [&hellip;]","og_url":"https:\/\/ail-echalote-certifie.org\/en\/storing-certified-garlic-shallot-plants\/","og_site_name":"Le plant certifi\u00e9 d&#039;ail et d&#039;\u00e9chalote","article_modified_time":"2019-10-30T18:44:03+00:00","twitter_card":"summary_large_image","twitter_misc":{"Est. reading time":"7 minutes"},"schema":{"@context":"https:\/\/schema.org","@graph":[{"@type":"WebPage","@id":"https:\/\/ail-echalote-certifie.org\/en\/storing-certified-garlic-shallot-plants\/","url":"https:\/\/ail-echalote-certifie.org\/en\/storing-certified-garlic-shallot-plants\/","name":"Storing certified garlic and shallot plants - Le plant certifi\u00e9 d&#039;ail et d&#039;\u00e9chalote","isPartOf":{"@id":"https:\/\/ail-echalote-certifie.org\/en\/#website"},"datePublished":"2019-08-22T09:23:44+00:00","dateModified":"2019-10-30T18:44:03+00:00","breadcrumb":{"@id":"https:\/\/ail-echalote-certifie.org\/en\/storing-certified-garlic-shallot-plants\/#breadcrumb"},"inLanguage":"en-US","potentialAction":[{"@type":"ReadAction","target":["https:\/\/ail-echalote-certifie.org\/en\/storing-certified-garlic-shallot-plants\/"]}]},{"@type":"BreadcrumbList","@id":"https:\/\/ail-echalote-certifie.org\/en\/storing-certified-garlic-shallot-plants\/#breadcrumb","itemListElement":[{"@type":"ListItem","position":1,"name":"Accueil","item":"https:\/\/ail-echalote-certifie.org\/en\/"},{"@type":"ListItem","position":2,"name":"Storing certified garlic and shallot plants"}]},{"@type":"WebSite","@id":"https:\/\/ail-echalote-certifie.org\/en\/#website","url":"https:\/\/ail-echalote-certifie.org\/en\/","name":"Le plant certifi\u00e9 d\u2019ail et d\u2019\u00e9chalote","description":"Avec le plant certifi\u00e9, vous mettez toutes les chances de votre c\u00f4t\u00e9 !","publisher":{"@id":"https:\/\/ail-echalote-certifie.org\/en\/#organization"},"potentialAction":[{"@type":"SearchAction","target":{"@type":"EntryPoint","urlTemplate":"https:\/\/ail-echalote-certifie.org\/en\/?s={search_term_string}"},"query-input":{"@type":"PropertyValueSpecification","valueRequired":true,"valueName":"search_term_string"}}],"inLanguage":"en-US"},{"@type":"Organization","@id":"https:\/\/ail-echalote-certifie.org\/en\/#organization","name":"Le plant certifi\u00e9 d\u2019ail et d\u2019\u00e9chalote","url":"https:\/\/ail-echalote-certifie.org\/en\/","logo":{"@type":"ImageObject","inLanguage":"en-US","@id":"https:\/\/ail-echalote-certifie.org\/en\/#\/schema\/logo\/image\/","url":"https:\/\/ail-echalote-certifie.org\/wp-content\/uploads\/2020\/12\/PROSEMAIL-RVB.png","contentUrl":"https:\/\/ail-echalote-certifie.org\/wp-content\/uploads\/2020\/12\/PROSEMAIL-RVB.png","width":219,"height":174,"caption":"Le plant certifi\u00e9 d\u2019ail et d\u2019\u00e9chalote"},"image":{"@id":"https:\/\/ail-echalote-certifie.org\/en\/#\/schema\/logo\/image\/"}}]}},"_links":{"self":[{"href":"https:\/\/ail-echalote-certifie.org\/en\/wp-json\/wp\/v2\/pages\/4763","targetHints":{"allow":["GET"]}}],"collection":[{"href":"https:\/\/ail-echalote-certifie.org\/en\/wp-json\/wp\/v2\/pages"}],"about":[{"href":"https:\/\/ail-echalote-certifie.org\/en\/wp-json\/wp\/v2\/types\/page"}],"author":[{"embeddable":true,"href":"https:\/\/ail-echalote-certifie.org\/en\/wp-json\/wp\/v2\/users\/3"}],"replies":[{"embeddable":true,"href":"https:\/\/ail-echalote-certifie.org\/en\/wp-json\/wp\/v2\/comments?post=4763"}],"version-history":[{"count":14,"href":"https:\/\/ail-echalote-certifie.org\/en\/wp-json\/wp\/v2\/pages\/4763\/revisions"}],"predecessor-version":[{"id":6588,"href":"https:\/\/ail-echalote-certifie.org\/en\/wp-json\/wp\/v2\/pages\/4763\/revisions\/6588"}],"wp:attachment":[{"href":"https:\/\/ail-echalote-certifie.org\/en\/wp-json\/wp\/v2\/media?parent=4763"}],"wp:term":[{"taxonomy":"category","embeddable":true,"href":"https:\/\/ail-echalote-certifie.org\/en\/wp-json\/wp\/v2\/categories?post=4763"}],"curies":[{"name":"wp","href":"https:\/\/api.w.org\/{rel}","templated":true}]}}