{"id":4738,"date":"2019-08-22T10:10:48","date_gmt":"2019-08-22T08:10:48","guid":{"rendered":"https:\/\/ail-echalote-certifie.org\/?page_id=4738"},"modified":"2019-10-30T19:17:07","modified_gmt":"2019-10-30T18:17:07","slug":"france-the-country-of-quality-shallot-and-garlic-plants","status":"publish","type":"page","link":"https:\/\/ail-echalote-certifie.org\/en\/france-the-country-of-quality-shallot-and-garlic-plants\/","title":{"rendered":"France, the country of quality shallot and garlic plants"},"content":{"rendered":"<p>[vc_row css=&#8221;.vc_custom_1567773262234{background-color: #f6f6f6 !important;}&#8221;][vc_column][vc_custom_heading text=&#8221;<strong><em>France is recognized worldwide for the quality of the garlic plants it produces. French garlic crops are grown in a rich and diversified soil in favourable climatic conditions, and the industry involves a network of skilled professionals covering all areas of garlic plant production, from plant breeding to marketing. Strict production standards have been determined and are rigorously applied by all involved in the industry in order to guarantee garlic plants comply with the highest quality and food safety standards.<\/em><\/strong>&#8221; font_container=&#8221;tag:div|font_size:18|text_align:left&#8221; use_theme_fonts=&#8221;yes&#8221; css=&#8221;.vc_custom_1567776384678{margin-bottom: 30px !important;}&#8221;][\/vc_column][\/vc_row][vc_row][vc_column][vc_empty_space height=&#8221;5px&#8221;][\/vc_column][\/vc_row][vc_row css=&#8221;.vc_custom_1567773262234{background-color: #f6f6f6 !important;}&#8221;][vc_column][vc_custom_heading text=&#8221;All the prerequisites for quality&#8221; use_theme_fonts=&#8221;yes&#8221;][\/vc_column][\/vc_row][vc_row equal_height=&#8221;yes&#8221; rtl_reverse=&#8221;yes&#8221; content_placement=&#8221;top&#8221; css_animation=&#8221;none&#8221; css=&#8221;.vc_custom_1567773733723{background-color: #f6f6f6 !important;}&#8221;][vc_column width=&#8221;1\/2&#8243;][vc_column_text]<\/p>\n<h3>A favourable soil and climate<\/h3>\n<p><span>The pedoclimatic conditions in France are ideal for producing quality garlic plants in a wide range of varieties.<\/span><\/p>\n<p><strong>For garlic :<\/strong><\/p>\n<p><span>Over 25 varieties are propagated over 500 ha in 4 regions: south eastern France, south western France, Auvergne and northern France.<\/span><\/p>\n<p><strong>For shallot :<\/strong><\/p>\n<p><span>Over 10 varieties are propagated over 125 ha in 4 regions: Brittany, Pays de Loire, Auvergne and Rh\u00f4ne Alpes.<\/span>[\/vc_column_text][\/vc_column][vc_column width=&#8221;1\/2&#8243; css=&#8221;.vc_custom_1568972648947{background-position: center !important;background-repeat: no-repeat !important;background-size: cover !important;}&#8221;][vc_single_image image=&#8221;4754&#8243; img_size=&#8221;full&#8221; add_caption=&#8221;yes&#8221;][\/vc_column][\/vc_row][vc_row rtl_reverse=&#8221;yes&#8221; content_placement=&#8221;top&#8221; css_animation=&#8221;none&#8221; css=&#8221;.vc_custom_1567774430320{background-color: #f6f6f6 !important;}&#8221;][vc_column width=&#8221;1\/2&#8243; css=&#8221;.vc_custom_1568972659822{background-position: center !important;background-repeat: no-repeat !important;background-size: cover !important;}&#8221;][vc_single_image image=&#8221;4634&#8243; img_size=&#8221;full&#8221; add_caption=&#8221;yes&#8221;][\/vc_column][vc_column width=&#8221;1\/2&#8243;][vc_column_text]<\/p>\n<h3>Over 40years of close collaboration between public research institutions and professionals<\/h3>\n<p><span>The INRA (Institut National de la Recherche Agronomique) has been working in close collaboration with professionals since 1972 in order to cover all aspects pertaining to garlic cultivation: (meristem cultivation, research on diseases: viruses, bacteria, rot\u2026). This collaboration means the industry is always at the cutting edge of progress, and capable of meeting both the requirements of farmers and demands tied to the changing face of the market.<\/span>[\/vc_column_text][\/vc_column][\/vc_row][vc_row rtl_reverse=&#8221;yes&#8221; content_placement=&#8221;top&#8221; css_animation=&#8221;none&#8221; css=&#8221;.vc_custom_1567774430320{background-color: #f6f6f6 !important;}&#8221;][vc_column width=&#8221;1\/2&#8243; css=&#8221;.vc_custom_1568972676188{background-position: center !important;background-repeat: no-repeat !important;background-size: cover !important;}&#8221;][vc_column_text]<\/p>\n<h3>Breeding all types of new garlic and shallot varieties<\/h3>\n<p><span>Breeding is essentially carried out by the INRA as well as a few commercial breeders with the help of numerous partners (farmers, cooperatives, GIE\u2026). Varieties are selected based on precocity, conservation, bulb shape and colour (tolerance to bacteria) etc&#8230; Trials are carried out through an organized network in order to better evaluate plant behaviour.<\/span>[\/vc_column_text][\/vc_column][vc_column width=&#8221;1\/2&#8243;][vc_single_image image=&#8221;4614&#8243; img_size=&#8221;full&#8221; add_caption=&#8221;yes&#8221;][\/vc_column][\/vc_row][vc_row rtl_reverse=&#8221;yes&#8221; content_placement=&#8221;top&#8221; css_animation=&#8221;none&#8221; css=&#8221;.vc_custom_1567774768593{background-color: #f6f6f6 !important;}&#8221;][vc_column width=&#8221;1\/2&#8243;][vc_single_image image=&#8221;4748&#8243; img_size=&#8221;full&#8221; add_caption=&#8221;yes&#8221;][\/vc_column][vc_column width=&#8221;1\/2&#8243; css=&#8221;.vc_custom_1568972698267{background-position: center !important;background-repeat: no-repeat !important;background-size: cover !important;}&#8221;][vc_column_text]<\/p>\n<h3>Strict methods applied to plant production<\/h3>\n<p><span>In order to obtain the best plants quality, professionals have implemented a strict production scheme. First generation plants are propagated under insect-proof tunnels in order to prevent viral contamination and are disinfected by thermotherapy against nematodes.<\/span>[\/vc_column_text][\/vc_column][\/vc_row][vc_row rtl_reverse=&#8221;yes&#8221; content_placement=&#8221;top&#8221; css_animation=&#8221;none&#8221; css=&#8221;.vc_custom_1567774768593{background-color: #f6f6f6 !important;}&#8221;][vc_column width=&#8221;1\/2&#8243; css=&#8221;.vc_custom_1568972705181{background-position: center !important;background-repeat: no-repeat !important;background-size: cover !important;}&#8221;][vc_column_text]<\/p>\n<h3>Closely monitored production<\/h3>\n<p><span>Throughout their growth cycle, plants are closely monitored by SOC-approved technicians (SOC: Official Inspection and Certification Body). Samples are tested and checked for nematodes. Mandatory laboratory tests are on the increase as quality standards grow stricter. For instance, French certification standards are stricter than those established by European Directives.<\/span>[\/vc_column_text][\/vc_column][vc_column width=&#8221;1\/2&#8243;][vc_single_image image=&#8221;4653&#8243; img_size=&#8221;full&#8221; add_caption=&#8221;yes&#8221;][\/vc_column][\/vc_row][vc_row rtl_reverse=&#8221;yes&#8221; content_placement=&#8221;top&#8221; css_animation=&#8221;none&#8221; css=&#8221;.vc_custom_1567775726520{background-color: #f6f6f6 !important;}&#8221;][vc_column width=&#8221;1\/2&#8243; css=&#8221;.vc_custom_1568972716243{background-position: center !important;background-repeat: no-repeat !important;background-size: cover !important;}&#8221;][vc_single_image image=&#8221;4752&#8243; img_size=&#8221;full&#8221; add_caption=&#8221;yes&#8221;][\/vc_column][vc_column width=&#8221;1\/2&#8243;][vc_column_text]<\/p>\n<h3>Producer farms that are equipped with high-end technology<\/h3>\n<p><span>Plant propagation is performed on farms by highly skilled and specialized farmers. This work is carried out by a hundred farmers and cultivated acreage is approx 500 ha. This task requires highly skilled workers and appropriate equipment for production and conservation.<\/span>[\/vc_column_text][\/vc_column][\/vc_row][vc_row rtl_reverse=&#8221;yes&#8221; content_placement=&#8221;top&#8221; css_animation=&#8221;none&#8221; css=&#8221;.vc_custom_1567775496330{background-color: #f6f6f6 !important;}&#8221;][vc_column width=&#8221;1\/2&#8243; css=&#8221;.vc_custom_1568972726265{background-position: center !important;background-repeat: no-repeat !important;background-size: cover !important;}&#8221;][vc_column_text]<\/p>\n<h3>Satisfied customers<\/h3>\n<p><span>Readily identified by a blue label (certificate or label delivered by the SOC), farmers and amateur gardeners can purchase garlic plants that meet SOC certification standards.<\/span>[\/vc_column_text][\/vc_column][vc_column width=&#8221;1\/2&#8243;][vc_single_image image=&#8221;4713&#8243; img_size=&#8221;full&#8221; add_caption=&#8221;yes&#8221; css=&#8221;.vc_custom_1570691619048{margin-top: 0px !important;padding-top: 0px !important;}&#8221;][\/vc_column][\/vc_row][vc_row][vc_column][vc_btn title=&#8221;Monitoring Steps of French Certified Plants&#8221; color=&#8221;default&#8221; align=&#8221;center&#8221; link=&#8221;url:https%3A%2F%2Fail-echalote-certifie.org%2Fen%2Fmonitoring-process-and-certification-of-french-garlic-and-shallot%2F|title:Monitoring%20Process%20and%20Certification%20of%20French%20Garlic%20and%20Shallot%20Plants||&#8221; el_class=&#8221;btn-doc&#8221;][\/vc_column][\/vc_row]<\/p>\n","protected":false},"excerpt":{"rendered":"<p>[vc_row css=&#8221;.vc_custom_1567773262234{background-color: #f6f6f6 !important;}&#8221;][vc_column][vc_custom_heading text=&#8221;France is recognized worldwide for the quality of the garlic plants it produces. French garlic crops are grown in a rich and diversified soil in favourable [&hellip;]<\/p>\n","protected":false},"author":3,"featured_media":0,"parent":0,"menu_order":0,"comment_status":"closed","ping_status":"closed","template":"","meta":{"_acf_changed":false,"footnotes":""},"categories":[],"class_list":["post-4738","page","type-page","status-publish","hentry"],"acf":[],"yoast_head":"<!-- This site is optimized with the Yoast SEO plugin v27.5 - https:\/\/yoast.com\/product\/yoast-seo-wordpress\/ -->\n<title>France, the country of quality shallot and garlic plants - Le plant certifi\u00e9 d&#039;ail et d&#039;\u00e9chalote<\/title>\n<meta name=\"robots\" content=\"index, follow, max-snippet:-1, max-image-preview:large, max-video-preview:-1\" \/>\n<link rel=\"canonical\" href=\"https:\/\/ail-echalote-certifie.org\/en\/france-the-country-of-quality-shallot-and-garlic-plants\/\" \/>\n<meta property=\"og:locale\" content=\"en_US\" \/>\n<meta property=\"og:type\" content=\"article\" \/>\n<meta property=\"og:title\" content=\"France, the country of quality shallot and garlic plants - Le plant certifi\u00e9 d&#039;ail et d&#039;\u00e9chalote\" \/>\n<meta property=\"og:description\" content=\"[vc_row css=&#8221;.vc_custom_1567773262234{background-color: #f6f6f6 !important;}&#8221;][vc_column][vc_custom_heading text=&#8221;France is recognized worldwide for the quality of the garlic plants it produces. French garlic crops are grown in a rich and diversified soil in favourable [&hellip;]\" \/>\n<meta property=\"og:url\" content=\"https:\/\/ail-echalote-certifie.org\/en\/france-the-country-of-quality-shallot-and-garlic-plants\/\" \/>\n<meta property=\"og:site_name\" content=\"Le plant certifi\u00e9 d&#039;ail et d&#039;\u00e9chalote\" \/>\n<meta property=\"article:modified_time\" content=\"2019-10-30T18:17:07+00:00\" \/>\n<meta name=\"twitter:card\" content=\"summary_large_image\" \/>\n<meta name=\"twitter:label1\" content=\"Est. reading time\" \/>\n\t<meta name=\"twitter:data1\" content=\"5 minutes\" \/>\n<script type=\"application\/ld+json\" class=\"yoast-schema-graph\">{\"@context\":\"https:\\\/\\\/schema.org\",\"@graph\":[{\"@type\":\"WebPage\",\"@id\":\"https:\\\/\\\/ail-echalote-certifie.org\\\/en\\\/france-the-country-of-quality-shallot-and-garlic-plants\\\/\",\"url\":\"https:\\\/\\\/ail-echalote-certifie.org\\\/en\\\/france-the-country-of-quality-shallot-and-garlic-plants\\\/\",\"name\":\"France, the country of quality shallot and garlic plants - Le plant certifi\u00e9 d&#039;ail et d&#039;\u00e9chalote\",\"isPartOf\":{\"@id\":\"https:\\\/\\\/ail-echalote-certifie.org\\\/en\\\/#website\"},\"datePublished\":\"2019-08-22T08:10:48+00:00\",\"dateModified\":\"2019-10-30T18:17:07+00:00\",\"breadcrumb\":{\"@id\":\"https:\\\/\\\/ail-echalote-certifie.org\\\/en\\\/france-the-country-of-quality-shallot-and-garlic-plants\\\/#breadcrumb\"},\"inLanguage\":\"en-US\",\"potentialAction\":[{\"@type\":\"ReadAction\",\"target\":[\"https:\\\/\\\/ail-echalote-certifie.org\\\/en\\\/france-the-country-of-quality-shallot-and-garlic-plants\\\/\"]}]},{\"@type\":\"BreadcrumbList\",\"@id\":\"https:\\\/\\\/ail-echalote-certifie.org\\\/en\\\/france-the-country-of-quality-shallot-and-garlic-plants\\\/#breadcrumb\",\"itemListElement\":[{\"@type\":\"ListItem\",\"position\":1,\"name\":\"Accueil\",\"item\":\"https:\\\/\\\/ail-echalote-certifie.org\\\/en\\\/\"},{\"@type\":\"ListItem\",\"position\":2,\"name\":\"France, the country of quality shallot and garlic plants\"}]},{\"@type\":\"WebSite\",\"@id\":\"https:\\\/\\\/ail-echalote-certifie.org\\\/en\\\/#website\",\"url\":\"https:\\\/\\\/ail-echalote-certifie.org\\\/en\\\/\",\"name\":\"Le plant certifi\u00e9 d\u2019ail et d\u2019\u00e9chalote\",\"description\":\"Avec le plant certifi\u00e9, vous mettez toutes les chances de votre c\u00f4t\u00e9 !\",\"publisher\":{\"@id\":\"https:\\\/\\\/ail-echalote-certifie.org\\\/en\\\/#organization\"},\"potentialAction\":[{\"@type\":\"SearchAction\",\"target\":{\"@type\":\"EntryPoint\",\"urlTemplate\":\"https:\\\/\\\/ail-echalote-certifie.org\\\/en\\\/?s={search_term_string}\"},\"query-input\":{\"@type\":\"PropertyValueSpecification\",\"valueRequired\":true,\"valueName\":\"search_term_string\"}}],\"inLanguage\":\"en-US\"},{\"@type\":\"Organization\",\"@id\":\"https:\\\/\\\/ail-echalote-certifie.org\\\/en\\\/#organization\",\"name\":\"Le plant certifi\u00e9 d\u2019ail et d\u2019\u00e9chalote\",\"url\":\"https:\\\/\\\/ail-echalote-certifie.org\\\/en\\\/\",\"logo\":{\"@type\":\"ImageObject\",\"inLanguage\":\"en-US\",\"@id\":\"https:\\\/\\\/ail-echalote-certifie.org\\\/en\\\/#\\\/schema\\\/logo\\\/image\\\/\",\"url\":\"https:\\\/\\\/ail-echalote-certifie.org\\\/wp-content\\\/uploads\\\/2020\\\/12\\\/PROSEMAIL-RVB.png\",\"contentUrl\":\"https:\\\/\\\/ail-echalote-certifie.org\\\/wp-content\\\/uploads\\\/2020\\\/12\\\/PROSEMAIL-RVB.png\",\"width\":219,\"height\":174,\"caption\":\"Le plant certifi\u00e9 d\u2019ail et d\u2019\u00e9chalote\"},\"image\":{\"@id\":\"https:\\\/\\\/ail-echalote-certifie.org\\\/en\\\/#\\\/schema\\\/logo\\\/image\\\/\"}}]}<\/script>\n<!-- \/ Yoast SEO plugin. -->","yoast_head_json":{"title":"France, the country of quality shallot and garlic plants - Le plant certifi\u00e9 d&#039;ail et d&#039;\u00e9chalote","robots":{"index":"index","follow":"follow","max-snippet":"max-snippet:-1","max-image-preview":"max-image-preview:large","max-video-preview":"max-video-preview:-1"},"canonical":"https:\/\/ail-echalote-certifie.org\/en\/france-the-country-of-quality-shallot-and-garlic-plants\/","og_locale":"en_US","og_type":"article","og_title":"France, the country of quality shallot and garlic plants - Le plant certifi\u00e9 d&#039;ail et d&#039;\u00e9chalote","og_description":"[vc_row css=&#8221;.vc_custom_1567773262234{background-color: #f6f6f6 !important;}&#8221;][vc_column][vc_custom_heading text=&#8221;France is recognized worldwide for the quality of the garlic plants it produces. French garlic crops are grown in a rich and diversified soil in favourable [&hellip;]","og_url":"https:\/\/ail-echalote-certifie.org\/en\/france-the-country-of-quality-shallot-and-garlic-plants\/","og_site_name":"Le plant certifi\u00e9 d&#039;ail et d&#039;\u00e9chalote","article_modified_time":"2019-10-30T18:17:07+00:00","twitter_card":"summary_large_image","twitter_misc":{"Est. reading time":"5 minutes"},"schema":{"@context":"https:\/\/schema.org","@graph":[{"@type":"WebPage","@id":"https:\/\/ail-echalote-certifie.org\/en\/france-the-country-of-quality-shallot-and-garlic-plants\/","url":"https:\/\/ail-echalote-certifie.org\/en\/france-the-country-of-quality-shallot-and-garlic-plants\/","name":"France, the country of quality shallot and garlic plants - Le plant certifi\u00e9 d&#039;ail et d&#039;\u00e9chalote","isPartOf":{"@id":"https:\/\/ail-echalote-certifie.org\/en\/#website"},"datePublished":"2019-08-22T08:10:48+00:00","dateModified":"2019-10-30T18:17:07+00:00","breadcrumb":{"@id":"https:\/\/ail-echalote-certifie.org\/en\/france-the-country-of-quality-shallot-and-garlic-plants\/#breadcrumb"},"inLanguage":"en-US","potentialAction":[{"@type":"ReadAction","target":["https:\/\/ail-echalote-certifie.org\/en\/france-the-country-of-quality-shallot-and-garlic-plants\/"]}]},{"@type":"BreadcrumbList","@id":"https:\/\/ail-echalote-certifie.org\/en\/france-the-country-of-quality-shallot-and-garlic-plants\/#breadcrumb","itemListElement":[{"@type":"ListItem","position":1,"name":"Accueil","item":"https:\/\/ail-echalote-certifie.org\/en\/"},{"@type":"ListItem","position":2,"name":"France, the country of quality shallot and garlic plants"}]},{"@type":"WebSite","@id":"https:\/\/ail-echalote-certifie.org\/en\/#website","url":"https:\/\/ail-echalote-certifie.org\/en\/","name":"Le plant certifi\u00e9 d\u2019ail et d\u2019\u00e9chalote","description":"Avec le plant certifi\u00e9, vous mettez toutes les chances de votre c\u00f4t\u00e9 !","publisher":{"@id":"https:\/\/ail-echalote-certifie.org\/en\/#organization"},"potentialAction":[{"@type":"SearchAction","target":{"@type":"EntryPoint","urlTemplate":"https:\/\/ail-echalote-certifie.org\/en\/?s={search_term_string}"},"query-input":{"@type":"PropertyValueSpecification","valueRequired":true,"valueName":"search_term_string"}}],"inLanguage":"en-US"},{"@type":"Organization","@id":"https:\/\/ail-echalote-certifie.org\/en\/#organization","name":"Le plant certifi\u00e9 d\u2019ail et d\u2019\u00e9chalote","url":"https:\/\/ail-echalote-certifie.org\/en\/","logo":{"@type":"ImageObject","inLanguage":"en-US","@id":"https:\/\/ail-echalote-certifie.org\/en\/#\/schema\/logo\/image\/","url":"https:\/\/ail-echalote-certifie.org\/wp-content\/uploads\/2020\/12\/PROSEMAIL-RVB.png","contentUrl":"https:\/\/ail-echalote-certifie.org\/wp-content\/uploads\/2020\/12\/PROSEMAIL-RVB.png","width":219,"height":174,"caption":"Le plant certifi\u00e9 d\u2019ail et d\u2019\u00e9chalote"},"image":{"@id":"https:\/\/ail-echalote-certifie.org\/en\/#\/schema\/logo\/image\/"}}]}},"_links":{"self":[{"href":"https:\/\/ail-echalote-certifie.org\/en\/wp-json\/wp\/v2\/pages\/4738","targetHints":{"allow":["GET"]}}],"collection":[{"href":"https:\/\/ail-echalote-certifie.org\/en\/wp-json\/wp\/v2\/pages"}],"about":[{"href":"https:\/\/ail-echalote-certifie.org\/en\/wp-json\/wp\/v2\/types\/page"}],"author":[{"embeddable":true,"href":"https:\/\/ail-echalote-certifie.org\/en\/wp-json\/wp\/v2\/users\/3"}],"replies":[{"embeddable":true,"href":"https:\/\/ail-echalote-certifie.org\/en\/wp-json\/wp\/v2\/comments?post=4738"}],"version-history":[{"count":10,"href":"https:\/\/ail-echalote-certifie.org\/en\/wp-json\/wp\/v2\/pages\/4738\/revisions"}],"predecessor-version":[{"id":6570,"href":"https:\/\/ail-echalote-certifie.org\/en\/wp-json\/wp\/v2\/pages\/4738\/revisions\/6570"}],"wp:attachment":[{"href":"https:\/\/ail-echalote-certifie.org\/en\/wp-json\/wp\/v2\/media?parent=4738"}],"wp:term":[{"taxonomy":"category","embeddable":true,"href":"https:\/\/ail-echalote-certifie.org\/en\/wp-json\/wp\/v2\/categories?post=4738"}],"curies":[{"name":"wp","href":"https:\/\/api.w.org\/{rel}","templated":true}]}}