{"id":4667,"date":"2019-08-21T15:45:19","date_gmt":"2019-08-21T13:45:19","guid":{"rendered":"https:\/\/ail-echalote-certifie.org\/?page_id=4667"},"modified":"2019-10-30T19:37:58","modified_gmt":"2019-10-30T18:37:58","slug":"monitoring-process-and-certification-of-french-garlic-and-shallot","status":"publish","type":"page","link":"https:\/\/ail-echalote-certifie.org\/en\/monitoring-process-and-certification-of-french-garlic-and-shallot\/","title":{"rendered":"French Monitoring Process and Certification"},"content":{"rendered":"<p>[vc_row css=&#8221;.vc_custom_1570781274228{background-color: #f6f6f6 !important;}&#8221;][vc_column][vc_custom_heading text=&#8221;The French Monitoring Process: step-by-step&#8221; use_theme_fonts=&#8221;yes&#8221;][\/vc_column][\/vc_row][vc_row equal_height=&#8221;yes&#8221; rtl_reverse=&#8221;yes&#8221; content_placement=&#8221;top&#8221; css_animation=&#8221;none&#8221; css=&#8221;.vc_custom_1570781299567{background-color: #f6f6f6 !important;}&#8221;][vc_column width=&#8221;1\/2&#8243;][vc_column_text]<\/p>\n<h3>Phytosanitary monitoring<\/h3>\n<p><span>In order to obtain the best quality garlic plants, professionals have implemented a strict production scheme. The first three generations are systematically propagated under insect-proof tunnels, safe from any risk of exterior contamination.<\/span><\/p>\n<p>Controls, tests, and registration of these informations (<span>under the supervision of the\u00a0<\/span>Official Inspection and Certification Body SOC) for all steps of plants production : <span>admittance procedure for inspections, statutory declaration, monitoring and inspection of crops, monitoring of the phytosanitary status of harvested crops and certification.<\/span><\/p>\n<p>You can find all informations about <span>the\u00a0<\/span>Official Inspection and Certification Body (SOC) on <a href=\"https:\/\/www.gnis.fr\/en\/soc-official-service-for-control-and-certification-of-seeds-and-plants-in-france\/\" target=\"_blank\" rel=\"noopener noreferrer\">GNIS website<\/a>.[\/vc_column_text][\/vc_column][vc_column width=&#8221;1\/2&#8243; css=&#8221;.vc_custom_1570782231999{background-position: center !important;background-repeat: no-repeat !important;background-size: cover !important;}&#8221;][vc_single_image image=&#8221;4665&#8243; img_size=&#8221;full&#8221; add_caption=&#8221;yes&#8221;][\/vc_column][\/vc_row][vc_row rtl_reverse=&#8221;yes&#8221; content_placement=&#8221;top&#8221; css_animation=&#8221;none&#8221; css=&#8221;.vc_custom_1570782148031{background-color: #f6f6f6 !important;}&#8221;][vc_column width=&#8221;1\/2&#8243; css=&#8221;.vc_custom_1570782157632{background-position: center !important;background-repeat: no-repeat !important;background-size: cover !important;}&#8221;][vc_single_image image=&#8221;4618&#8243; img_size=&#8221;large&#8221; add_caption=&#8221;yes&#8221;][\/vc_column][vc_column width=&#8221;1\/2&#8243;][vc_column_text]<\/p>\n<h3>1. Admittance procedure<\/h3>\n<p>The monitoring process of plants certification conditions is based on a principle of prior authorization issued to any company that wishes to produce and certify plants: admission to control.<\/p>\n<p>This admission is granted after company evaluation to check if it able to set up a certification system for wish species.<\/p>\n<p>Admission to control is issued by the chief of <span>the\u00a0<\/span>Official Inspection and Certification Body (SOC) and its retention is subject of <span>supervision of certification rules of all process steps.<\/span>[\/vc_column_text][\/vc_column][\/vc_row][vc_row rtl_reverse=&#8221;yes&#8221; content_placement=&#8221;top&#8221; css_animation=&#8221;none&#8221; css=&#8221;.vc_custom_1570782148031{background-color: #f6f6f6 !important;}&#8221;][vc_column width=&#8221;1\/2&#8243;][vc_column_text]<\/p>\n<h3>2. Strict requirements<\/h3>\n<p>[\/vc_column_text]<div class=\"ult_exp_section_layer ult-adjust-bottom-margin  \" >\r\n\t<div id=\"uvc-exp-wrap-9920\"   data-ultimate-target='#uvc-exp-wrap-9920'  data-responsive-json-new='{\"font-size\":\"desktop:20px;\",\"line-height\":\"desktop:20px;\"}'  class=\"ult_exp_section  ult-responsive \" style=\"color:#333333;background-color:#dbdbdb; font-weight:normal;  text-align:center;\" data-textcolor=\"#333333\"data-texthover=\"#333333\"data-icncolor=\"#333333\"data-ihover=\"#333333\"data-height=\"0\"data-cntbg=\"#dbdbdb\"data-cnthvrbg=\"#e5e5e5\"data-headerbg=\"#dbdbdb\"data-headerhover=\"#e5e5e5\"data-title=\"+ Statutory declaration to the SOC\"data-newtitle=\"- Statutory declaration to the SOC\"data-icon=\"\"data-newicon=\"\"data-activeicon=\"#333333\"data-effect=\"slideToggle\"data-override=\"0\"data-activetitle=\"#50a839\"data-activebg=\"#ffffff\"data-img=\"\"data-newimg=\"\"><div  class=\"ult_exp_section-main \">\r\n\t\t\t\t\t<div class=\"ult_expheader\" >+ Statutory declaration to the SOC\r\n\t\t\t\t\t <\/div><\/div>\r\n\t\t\t\t<\/div><div class=\"ult_exp_content \" style=\"background-color:#ffffff;  \"><div class=\"ult_ecpsub_cont\" style=\" \" >[vc_column_text]<\/p>\n<p style=\"text-align: left;\">Analytical tests must be carried out if it cannot be confirmed with certainty that the soil is free of nematodes.<\/p>\n<p style=\"text-align: left;\">The statutory declaration form must be filled in with the information regarding the certified plants: name of producer farm and producer, plant characteristics, mother plant, etc\u2026 This information is used to check whether the plot presented for inspection has effectively been planted with certified mother plants.<\/p>\n<p>[\/vc_column_text]<\/div><\/div>\r\n\r\n\t\t\t<\/div><div class=\"ult_exp_section_layer ult-adjust-bottom-margin  \" >\r\n\t<div id=\"uvc-exp-wrap-5685\"   data-ultimate-target='#uvc-exp-wrap-5685'  data-responsive-json-new='{\"font-size\":\"desktop:20px;\",\"line-height\":\"desktop:20px;\"}'  class=\"ult_exp_section  ult-responsive \" style=\"color:#333333;background-color:#dbdbdb; font-weight:normal;  text-align:center;\" data-textcolor=\"#333333\"data-texthover=\"#333333\"data-icncolor=\"#333333\"data-ihover=\"#333333\"data-height=\"0\"data-cntbg=\"#dbdbdb\"data-cnthvrbg=\"#e5e5e5\"data-headerbg=\"#dbdbdb\"data-headerhover=\"#e5e5e5\"data-title=\"+ Isolation\"data-newtitle=\"- Isolation\"data-icon=\"\"data-newicon=\"\"data-activeicon=\"#333333\"data-effect=\"slideToggle\"data-override=\"0\"data-activetitle=\"#50a839\"data-activebg=\"#ffffff\"data-img=\"\"data-newimg=\"\"><div  class=\"ult_exp_section-main \">\r\n\t\t\t\t\t<div class=\"ult_expheader\" >+ Isolation\r\n\t\t\t\t\t <\/div><\/div>\r\n\t\t\t\t<\/div><div class=\"ult_exp_content \" style=\"background-color:#ffffff;  \"><div class=\"ult_ecpsub_cont\" style=\" \" >[vc_column_text]<\/p>\n<p style=\"text-align: left;\"><b><i>Pre-basic and basic material<\/i><\/b><\/p>\n<p style=\"text-align: left;\"><span>Except where crops are grown under insect-proof tunnels, crops must be separated from other\u00a0<\/span><i>Allium<\/i><span>\u00a0crops by a minimum distance of:<\/span><\/p>\n<ul style=\"text-align: left;\">\n<li>300 meters for varieties and generations listed in Category 1<\/li>\n<\/ul>\n<ul style=\"text-align: left;\">\n<li>100 meters for varieties and generations listed in Category 2<\/li>\n<\/ul>\n<hr \/>\n<p style=\"text-align: left;\">Category 1: Varieties that are susceptible to viruses, or which have been selected or regenerated and screened for OYDV and LYSV viruses.<\/p>\n<p style=\"text-align: left;\">Category 2: Varieties that are tolerant or immune to viruses and which are only screened for severe mosaic symptoms.<\/p>\n<hr \/>\n<p style=\"text-align: left;\"><b><i>Certified plants<\/i><\/b><\/p>\n<p style=\"text-align: left;\"><span>Except where crops are grown under insect-proof tunnels, crops must be separated from other\u00a0<\/span><i>Allium<\/i> crops by a minimum distance of :<\/p>\n<ul style=\"text-align: left;\">\n<li>100 meters for varieties and generations listed in Category 1<\/li>\n<\/ul>\n<ul>\n<li style=\"text-align: left;\">10 meters for varieties and generations listed in Category 2<\/li>\n<\/ul>\n<p>[\/vc_column_text]<\/div><\/div>\r\n\r\n\t\t\t<\/div><div class=\"ult_exp_section_layer ult-adjust-bottom-margin  \" >\r\n\t<div id=\"uvc-exp-wrap-1511\"   data-ultimate-target='#uvc-exp-wrap-1511'  data-responsive-json-new='{\"font-size\":\"desktop:20px;\",\"line-height\":\"desktop:20px;\"}'  class=\"ult_exp_section  ult-responsive \" style=\"color:#333333;background-color:#dbdbdb; font-weight:normal;  text-align:center;\" data-textcolor=\"#333333\"data-texthover=\"#333333\"data-icncolor=\"#333333\"data-ihover=\"#333333\"data-height=\"0\"data-cntbg=\"#dbdbdb\"data-cnthvrbg=\"#e5e5e5\"data-headerbg=\"#dbdbdb\"data-headerhover=\"#e5e5e5\"data-title=\"+ Crop rotation\"data-newtitle=\"- Crop rotation\"data-icon=\"\"data-newicon=\"\"data-activeicon=\"#333333\"data-effect=\"slideToggle\"data-override=\"0\"data-activetitle=\"#50a839\"data-activebg=\"#ffffff\"data-img=\"\"data-newimg=\"\"><div  class=\"ult_exp_section-main \">\r\n\t\t\t\t\t<div class=\"ult_expheader\" >+ Crop rotation\r\n\t\t\t\t\t <\/div><\/div>\r\n\t\t\t\t<\/div><div class=\"ult_exp_content \" style=\"background-color:#ffffff;  \"><div class=\"ult_ecpsub_cont\" style=\" \" >[vc_column_text]<\/p>\n<p style=\"text-align: left;\"><span>Only land that has not been cultivated with plants of the genus Allium in the last five years can be used for propagation.<\/span><\/p>\n<p>[\/vc_column_text]<\/div><\/div>\r\n\r\n\t\t\t<\/div>[\/vc_column][vc_column width=&#8221;1\/2&#8243; css=&#8221;.vc_custom_1570782157632{background-position: center !important;background-repeat: no-repeat !important;background-size: cover !important;}&#8221;][vc_single_image image=&#8221;4663&#8243; img_size=&#8221;full&#8221; add_caption=&#8221;yes&#8221;][\/vc_column][\/vc_row][vc_row rtl_reverse=&#8221;yes&#8221; content_placement=&#8221;top&#8221; css_animation=&#8221;none&#8221; css=&#8221;.vc_custom_1570784087502{background-color: #f6f6f6 !important;}&#8221;][vc_column width=&#8221;1\/2&#8243; css=&#8221;.vc_custom_1570784092483{background-position: center !important;background-repeat: no-repeat !important;background-size: cover !important;}&#8221;][vc_single_image image=&#8221;4659&#8243; img_size=&#8221;full&#8221; add_caption=&#8221;yes&#8221;][\/vc_column][vc_column width=&#8221;1\/2&#8243;][vc_column_text]<\/p>\n<h3>3. Strict inspections apply<\/h3>\n<p>14 producer farms<span>, backed by a team of 13 technicians approved by the Official Inspection and Certification Body (SOC), carry out strict inspections at every stage of the production process.<\/span><\/p>\n<p><span>Crop rating sheets are filled in with the follow-up information relating to crops: plot number, date of inspection, rating per criteria, classification, etc.<\/span><\/p>\n<p>&nbsp;<\/p>\n<p><b>Applicable standards for crop classification<\/b><\/p>\n<p>For certified plant French producers have imposed themselves more exigent norms than european norms (CE quality).[\/vc_column_text][\/vc_column][\/vc_row][vc_row rtl_reverse=&#8221;yes&#8221; content_placement=&#8221;top&#8221; css_animation=&#8221;none&#8221; css=&#8221;.vc_custom_1570784208302{margin-top: 0px !important;padding-top: 0px !important;background-color: #f6f6f6 !important;}&#8221;][vc_column css=&#8221;.vc_custom_1570784214987{margin-top: 0px !important;padding-top: 0px !important;}&#8221;][vc_column_text]<\/p>\n<table width=\"100%\">\n<tbody>\n<tr>\n<td rowspan=\"2\"><\/td>\n<td colspan=\"3\"><strong>Percentage of plants that do not comply<\/strong><br \/>\n<strong>with varietal characteristics or which present symptoms<\/strong><br \/>\n<strong>(after purification)<\/strong><\/td>\n<td rowspan=\"2\" width=\"104\"><strong style=\"font-family: inherit; font-size: inherit;\">CE quality (European)<\/strong><\/p>\n<p><span style=\"color: #333333;\"><strong>according to the directive 93\/61\/CE<\/strong><\/span><\/td>\n<\/tr>\n<tr>\n<td><span style=\"color: #333333;\"><strong>F0 &#8211; F1 &#8211; F2<\/strong><\/span><\/td>\n<td><span style=\"color: #333333;\"><strong>F3 &#8211; F4 &#8211; F5<\/strong><\/span><\/td>\n<td width=\"200\"><span style=\"color: #333333;\"><strong>Certified plants<\/strong><\/span><\/td>\n<\/tr>\n<tr>\n<td><strong>Varietal purity<\/strong><br \/>\n<span>(% impurities)<\/span><\/td>\n<td>0 %<\/td>\n<td>0 %<\/td>\n<td width=\"143\">1 %<\/td>\n<td width=\"104\">sufficient<\/td>\n<\/tr>\n<tr>\n<td><strong>Mosaic virus<\/strong><br \/>\n<span>diseases (1)<\/span><\/td>\n<td>0 %<\/td>\n<td>0,1 %<\/td>\n<td width=\"143\">1 %<\/td>\n<td width=\"104\">Substantially<br \/>\nunscathed<\/td>\n<\/tr>\n<tr>\n<td><strong>White rot<\/strong><br \/>\n<i>Sclerotinium cepivorum<\/i><\/td>\n<td>0 %<\/td>\n<td>0,1 %<\/td>\n<td width=\"143\">1 %<\/td>\n<td width=\"104\">Substantially<br \/>\nunscathed<\/td>\n<\/tr>\n<tr>\n<td><strong>Nematodes<\/strong><br \/>\n<i>Ditylenchus dipsaci<\/i><span>\u00a0(2)<\/span><\/td>\n<td>0<\/td>\n<td>0<\/td>\n<td width=\"143\">0<\/td>\n<td width=\"104\">Substantially<br \/>\nunscathed<\/td>\n<\/tr>\n<\/tbody>\n<\/table>\n<p><i>(1) all symptoms of mosaic virus infection by OYDV and LYSV for varieties and generations in Category 1 and severe forms of these diseases for varieties and generations in Category 2<\/i><\/p>\n<p><i>(2) analytical tests are mandatory in order to check there is no contamination by nematodes<\/i>[\/vc_column_text][\/vc_column][\/vc_row][vc_row rtl_reverse=&#8221;yes&#8221; content_placement=&#8221;top&#8221; css_animation=&#8221;none&#8221; css=&#8221;.vc_custom_1570784414422{background-color: #f6f6f6 !important;}&#8221;][vc_column width=&#8221;1\/2&#8243;][vc_column_text]<\/p>\n<h3>4. Long-term inspections<\/h3>\n<p><span>Every year, producer farms (trial plot) and the SOC (crop inspection) grow a trial crop in order to check the identity, varietal purity and phytosanitary status (viral disease) of certified plants.<\/span><\/p>\n<p><b>Batches presented for certification are checked<\/b><\/p>\n<p><span>1 batch = 1 crop, 1 origin, 1 classification.<\/span><\/p>\n<p><span>Bulbs that are too small or damaged are removed. Batches that are sold must not contain more than 5% plants showing damage which might affect regrowth.<\/span>[\/vc_column_text][\/vc_column][vc_column width=&#8221;1\/2&#8243; css=&#8221;.vc_custom_1570784435645{background-position: center !important;background-repeat: no-repeat !important;background-size: cover !important;}&#8221;][vc_single_image image=&#8221;6163&#8243; img_size=&#8221;full&#8221; add_caption=&#8221;yes&#8221;][\/vc_column][\/vc_row][vc_row][vc_column][vc_empty_space height=&#8221;5px&#8221;][\/vc_column][\/vc_row][vc_row css=&#8221;.vc_custom_1570784576956{background-color: #f6f6f6 !important;}&#8221;][vc_column][vc_custom_heading text=&#8221;French Certification of shallot and garlic plants&#8221; use_theme_fonts=&#8221;yes&#8221;][\/vc_column][\/vc_row][vc_row css=&#8221;.vc_custom_1570784598926{background-color: #f6f6f6 !important;}&#8221;][vc_column width=&#8221;2\/3&#8243;][vc_single_image image=&#8221;6092&#8243; img_size=&#8221;full&#8221; add_caption=&#8221;yes&#8221;][\/vc_column][vc_column width=&#8221;1\/3&#8243;][vc_column_text]<strong>The blue certification label delivered by the SOC is <span>warranty of the respect of the process of control and traceability. It is delivered only if results are conform with the standards of the technical regulation.<\/span><\/strong><\/p>\n<p>The blue certification is assigned to a batch.<\/p>\n<p><span>1 batch = 1 crop, 1 origin, 1 classification.<\/span><\/p>\n<p>Also gardener certified plants<span> carry the blue certification label.<\/span>[\/vc_column_text][\/vc_column][\/vc_row][vc_row][vc_column][vc_btn title=&#8221;Key Figures of French Sector&#8221; color=&#8221;default&#8221; align=&#8221;center&#8221; link=&#8221;url:https%3A%2F%2Fail-echalote-certifie.org%2Fen%2Fkey-figures-french-certified-garlic-shallot-plants-sector%2F|title:Key%20figures%20of%20French%20garlic%20and%20shallot%20certified%20plants%20production||&#8221; el_class=&#8221;btn-doc&#8221;][\/vc_column][\/vc_row]<\/p>\n","protected":false},"excerpt":{"rendered":"<p>[vc_row css=&#8221;.vc_custom_1570781274228{background-color: #f6f6f6 !important;}&#8221;][vc_column][vc_custom_heading text=&#8221;The French Monitoring Process: step-by-step&#8221; use_theme_fonts=&#8221;yes&#8221;][\/vc_column][\/vc_row][vc_row equal_height=&#8221;yes&#8221; rtl_reverse=&#8221;yes&#8221; content_placement=&#8221;top&#8221; css_animation=&#8221;none&#8221; css=&#8221;.vc_custom_1570781299567{background-color: #f6f6f6 !important;}&#8221;][vc_column width=&#8221;1\/2&#8243;][vc_column_text] Phytosanitary monitoring In order to obtain the best quality garlic plants, professionals [&hellip;]<\/p>\n","protected":false},"author":3,"featured_media":0,"parent":0,"menu_order":0,"comment_status":"closed","ping_status":"closed","template":"","meta":{"_acf_changed":false,"footnotes":""},"categories":[],"class_list":["post-4667","page","type-page","status-publish","hentry"],"acf":[],"yoast_head":"<!-- This site is optimized with the Yoast SEO plugin v27.5 - https:\/\/yoast.com\/product\/yoast-seo-wordpress\/ -->\n<title>French Monitoring Process and Certification - Le plant certifi\u00e9 d&#039;ail et d&#039;\u00e9chalote<\/title>\n<meta name=\"robots\" content=\"index, follow, max-snippet:-1, max-image-preview:large, max-video-preview:-1\" \/>\n<link rel=\"canonical\" href=\"https:\/\/ail-echalote-certifie.org\/en\/monitoring-process-and-certification-of-french-garlic-and-shallot\/\" \/>\n<meta property=\"og:locale\" content=\"en_US\" \/>\n<meta property=\"og:type\" content=\"article\" \/>\n<meta property=\"og:title\" content=\"French Monitoring Process and Certification - Le plant certifi\u00e9 d&#039;ail et d&#039;\u00e9chalote\" \/>\n<meta property=\"og:description\" content=\"[vc_row css=&#8221;.vc_custom_1570781274228{background-color: #f6f6f6 !important;}&#8221;][vc_column][vc_custom_heading text=&#8221;The French Monitoring Process: step-by-step&#8221; use_theme_fonts=&#8221;yes&#8221;][\/vc_column][\/vc_row][vc_row equal_height=&#8221;yes&#8221; rtl_reverse=&#8221;yes&#8221; content_placement=&#8221;top&#8221; css_animation=&#8221;none&#8221; css=&#8221;.vc_custom_1570781299567{background-color: #f6f6f6 !important;}&#8221;][vc_column width=&#8221;1\/2&#8243;][vc_column_text] Phytosanitary monitoring In order to obtain the best quality garlic plants, professionals [&hellip;]\" \/>\n<meta property=\"og:url\" content=\"https:\/\/ail-echalote-certifie.org\/en\/monitoring-process-and-certification-of-french-garlic-and-shallot\/\" \/>\n<meta property=\"og:site_name\" content=\"Le plant certifi\u00e9 d&#039;ail et d&#039;\u00e9chalote\" \/>\n<meta property=\"article:modified_time\" content=\"2019-10-30T18:37:58+00:00\" \/>\n<meta name=\"twitter:card\" content=\"summary_large_image\" \/>\n<meta name=\"twitter:label1\" content=\"Est. reading time\" \/>\n\t<meta name=\"twitter:data1\" content=\"6 minutes\" \/>\n<script type=\"application\/ld+json\" class=\"yoast-schema-graph\">{\"@context\":\"https:\\\/\\\/schema.org\",\"@graph\":[{\"@type\":\"WebPage\",\"@id\":\"https:\\\/\\\/ail-echalote-certifie.org\\\/en\\\/monitoring-process-and-certification-of-french-garlic-and-shallot\\\/\",\"url\":\"https:\\\/\\\/ail-echalote-certifie.org\\\/en\\\/monitoring-process-and-certification-of-french-garlic-and-shallot\\\/\",\"name\":\"French Monitoring Process and Certification - Le plant certifi\u00e9 d&#039;ail et d&#039;\u00e9chalote\",\"isPartOf\":{\"@id\":\"https:\\\/\\\/ail-echalote-certifie.org\\\/en\\\/#website\"},\"datePublished\":\"2019-08-21T13:45:19+00:00\",\"dateModified\":\"2019-10-30T18:37:58+00:00\",\"breadcrumb\":{\"@id\":\"https:\\\/\\\/ail-echalote-certifie.org\\\/en\\\/monitoring-process-and-certification-of-french-garlic-and-shallot\\\/#breadcrumb\"},\"inLanguage\":\"en-US\",\"potentialAction\":[{\"@type\":\"ReadAction\",\"target\":[\"https:\\\/\\\/ail-echalote-certifie.org\\\/en\\\/monitoring-process-and-certification-of-french-garlic-and-shallot\\\/\"]}]},{\"@type\":\"BreadcrumbList\",\"@id\":\"https:\\\/\\\/ail-echalote-certifie.org\\\/en\\\/monitoring-process-and-certification-of-french-garlic-and-shallot\\\/#breadcrumb\",\"itemListElement\":[{\"@type\":\"ListItem\",\"position\":1,\"name\":\"Accueil\",\"item\":\"https:\\\/\\\/ail-echalote-certifie.org\\\/en\\\/\"},{\"@type\":\"ListItem\",\"position\":2,\"name\":\"French Monitoring Process and Certification\"}]},{\"@type\":\"WebSite\",\"@id\":\"https:\\\/\\\/ail-echalote-certifie.org\\\/en\\\/#website\",\"url\":\"https:\\\/\\\/ail-echalote-certifie.org\\\/en\\\/\",\"name\":\"Le plant certifi\u00e9 d\u2019ail et d\u2019\u00e9chalote\",\"description\":\"Avec le plant certifi\u00e9, vous mettez toutes les chances de votre c\u00f4t\u00e9 !\",\"publisher\":{\"@id\":\"https:\\\/\\\/ail-echalote-certifie.org\\\/en\\\/#organization\"},\"potentialAction\":[{\"@type\":\"SearchAction\",\"target\":{\"@type\":\"EntryPoint\",\"urlTemplate\":\"https:\\\/\\\/ail-echalote-certifie.org\\\/en\\\/?s={search_term_string}\"},\"query-input\":{\"@type\":\"PropertyValueSpecification\",\"valueRequired\":true,\"valueName\":\"search_term_string\"}}],\"inLanguage\":\"en-US\"},{\"@type\":\"Organization\",\"@id\":\"https:\\\/\\\/ail-echalote-certifie.org\\\/en\\\/#organization\",\"name\":\"Le plant certifi\u00e9 d\u2019ail et d\u2019\u00e9chalote\",\"url\":\"https:\\\/\\\/ail-echalote-certifie.org\\\/en\\\/\",\"logo\":{\"@type\":\"ImageObject\",\"inLanguage\":\"en-US\",\"@id\":\"https:\\\/\\\/ail-echalote-certifie.org\\\/en\\\/#\\\/schema\\\/logo\\\/image\\\/\",\"url\":\"https:\\\/\\\/ail-echalote-certifie.org\\\/wp-content\\\/uploads\\\/2020\\\/12\\\/PROSEMAIL-RVB.png\",\"contentUrl\":\"https:\\\/\\\/ail-echalote-certifie.org\\\/wp-content\\\/uploads\\\/2020\\\/12\\\/PROSEMAIL-RVB.png\",\"width\":219,\"height\":174,\"caption\":\"Le plant certifi\u00e9 d\u2019ail et d\u2019\u00e9chalote\"},\"image\":{\"@id\":\"https:\\\/\\\/ail-echalote-certifie.org\\\/en\\\/#\\\/schema\\\/logo\\\/image\\\/\"}}]}<\/script>\n<!-- \/ Yoast SEO plugin. -->","yoast_head_json":{"title":"French Monitoring Process and Certification - Le plant certifi\u00e9 d&#039;ail et d&#039;\u00e9chalote","robots":{"index":"index","follow":"follow","max-snippet":"max-snippet:-1","max-image-preview":"max-image-preview:large","max-video-preview":"max-video-preview:-1"},"canonical":"https:\/\/ail-echalote-certifie.org\/en\/monitoring-process-and-certification-of-french-garlic-and-shallot\/","og_locale":"en_US","og_type":"article","og_title":"French Monitoring Process and Certification - Le plant certifi\u00e9 d&#039;ail et d&#039;\u00e9chalote","og_description":"[vc_row css=&#8221;.vc_custom_1570781274228{background-color: #f6f6f6 !important;}&#8221;][vc_column][vc_custom_heading text=&#8221;The French Monitoring Process: step-by-step&#8221; use_theme_fonts=&#8221;yes&#8221;][\/vc_column][\/vc_row][vc_row equal_height=&#8221;yes&#8221; rtl_reverse=&#8221;yes&#8221; content_placement=&#8221;top&#8221; css_animation=&#8221;none&#8221; css=&#8221;.vc_custom_1570781299567{background-color: #f6f6f6 !important;}&#8221;][vc_column width=&#8221;1\/2&#8243;][vc_column_text] Phytosanitary monitoring In order to obtain the best quality garlic plants, professionals [&hellip;]","og_url":"https:\/\/ail-echalote-certifie.org\/en\/monitoring-process-and-certification-of-french-garlic-and-shallot\/","og_site_name":"Le plant certifi\u00e9 d&#039;ail et d&#039;\u00e9chalote","article_modified_time":"2019-10-30T18:37:58+00:00","twitter_card":"summary_large_image","twitter_misc":{"Est. reading time":"6 minutes"},"schema":{"@context":"https:\/\/schema.org","@graph":[{"@type":"WebPage","@id":"https:\/\/ail-echalote-certifie.org\/en\/monitoring-process-and-certification-of-french-garlic-and-shallot\/","url":"https:\/\/ail-echalote-certifie.org\/en\/monitoring-process-and-certification-of-french-garlic-and-shallot\/","name":"French Monitoring Process and Certification - Le plant certifi\u00e9 d&#039;ail et d&#039;\u00e9chalote","isPartOf":{"@id":"https:\/\/ail-echalote-certifie.org\/en\/#website"},"datePublished":"2019-08-21T13:45:19+00:00","dateModified":"2019-10-30T18:37:58+00:00","breadcrumb":{"@id":"https:\/\/ail-echalote-certifie.org\/en\/monitoring-process-and-certification-of-french-garlic-and-shallot\/#breadcrumb"},"inLanguage":"en-US","potentialAction":[{"@type":"ReadAction","target":["https:\/\/ail-echalote-certifie.org\/en\/monitoring-process-and-certification-of-french-garlic-and-shallot\/"]}]},{"@type":"BreadcrumbList","@id":"https:\/\/ail-echalote-certifie.org\/en\/monitoring-process-and-certification-of-french-garlic-and-shallot\/#breadcrumb","itemListElement":[{"@type":"ListItem","position":1,"name":"Accueil","item":"https:\/\/ail-echalote-certifie.org\/en\/"},{"@type":"ListItem","position":2,"name":"French Monitoring Process and Certification"}]},{"@type":"WebSite","@id":"https:\/\/ail-echalote-certifie.org\/en\/#website","url":"https:\/\/ail-echalote-certifie.org\/en\/","name":"Le plant certifi\u00e9 d\u2019ail et d\u2019\u00e9chalote","description":"Avec le plant certifi\u00e9, vous mettez toutes les chances de votre c\u00f4t\u00e9 !","publisher":{"@id":"https:\/\/ail-echalote-certifie.org\/en\/#organization"},"potentialAction":[{"@type":"SearchAction","target":{"@type":"EntryPoint","urlTemplate":"https:\/\/ail-echalote-certifie.org\/en\/?s={search_term_string}"},"query-input":{"@type":"PropertyValueSpecification","valueRequired":true,"valueName":"search_term_string"}}],"inLanguage":"en-US"},{"@type":"Organization","@id":"https:\/\/ail-echalote-certifie.org\/en\/#organization","name":"Le plant certifi\u00e9 d\u2019ail et d\u2019\u00e9chalote","url":"https:\/\/ail-echalote-certifie.org\/en\/","logo":{"@type":"ImageObject","inLanguage":"en-US","@id":"https:\/\/ail-echalote-certifie.org\/en\/#\/schema\/logo\/image\/","url":"https:\/\/ail-echalote-certifie.org\/wp-content\/uploads\/2020\/12\/PROSEMAIL-RVB.png","contentUrl":"https:\/\/ail-echalote-certifie.org\/wp-content\/uploads\/2020\/12\/PROSEMAIL-RVB.png","width":219,"height":174,"caption":"Le plant certifi\u00e9 d\u2019ail et d\u2019\u00e9chalote"},"image":{"@id":"https:\/\/ail-echalote-certifie.org\/en\/#\/schema\/logo\/image\/"}}]}},"_links":{"self":[{"href":"https:\/\/ail-echalote-certifie.org\/en\/wp-json\/wp\/v2\/pages\/4667","targetHints":{"allow":["GET"]}}],"collection":[{"href":"https:\/\/ail-echalote-certifie.org\/en\/wp-json\/wp\/v2\/pages"}],"about":[{"href":"https:\/\/ail-echalote-certifie.org\/en\/wp-json\/wp\/v2\/types\/page"}],"author":[{"embeddable":true,"href":"https:\/\/ail-echalote-certifie.org\/en\/wp-json\/wp\/v2\/users\/3"}],"replies":[{"embeddable":true,"href":"https:\/\/ail-echalote-certifie.org\/en\/wp-json\/wp\/v2\/comments?post=4667"}],"version-history":[{"count":22,"href":"https:\/\/ail-echalote-certifie.org\/en\/wp-json\/wp\/v2\/pages\/4667\/revisions"}],"predecessor-version":[{"id":6586,"href":"https:\/\/ail-echalote-certifie.org\/en\/wp-json\/wp\/v2\/pages\/4667\/revisions\/6586"}],"wp:attachment":[{"href":"https:\/\/ail-echalote-certifie.org\/en\/wp-json\/wp\/v2\/media?parent=4667"}],"wp:term":[{"taxonomy":"category","embeddable":true,"href":"https:\/\/ail-echalote-certifie.org\/en\/wp-json\/wp\/v2\/categories?post=4667"}],"curies":[{"name":"wp","href":"https:\/\/api.w.org\/{rel}","templated":true}]}}