{"id":4640,"date":"2019-08-20T13:32:48","date_gmt":"2019-08-20T11:32:48","guid":{"rendered":"https:\/\/ail-echalote-certifie.org\/?page_id=4640"},"modified":"2019-10-30T19:10:42","modified_gmt":"2019-10-30T18:10:42","slug":"advantages-of-french-certified-plants-of-garlic-and-shallot","status":"publish","type":"page","link":"https:\/\/ail-echalote-certifie.org\/en\/advantages-of-french-certified-plants-of-garlic-and-shallot\/","title":{"rendered":"Advantages of French Certified Plants"},"content":{"rendered":"<p>[vc_row equal_height=&#8221;yes&#8221; rtl_reverse=&#8221;yes&#8221; content_placement=&#8221;top&#8221; css_animation=&#8221;none&#8221; css=&#8221;.vc_custom_1570777712008{background-color: #f6f6f6 !important;}&#8221;][vc_column width=&#8221;1\/2&#8243;][vc_column_text]<strong>Control and certification of garlic and shallot plants is warranty of quality and varietal identity. The French standard is more strict than European Union standard.<\/strong><\/p>\n<p>This two standards are present on French gardeners market , but to be sure of plants quality it is recomme to choose certified plants. They are easily recognizable with the blue label or sticker of the Official Inspection and Certification Body (SOC). This certification was desired by the French public authorities and professionals to guarantee a high level of health quality of productions.<\/p>\n<p>Garlic and Shallot are multiplied by vegetative reproduction rather than by sexual reproduction (seeds), that why the risk of disease transmission is higher. Whether for a farmer or a gardener, the certified plant really increase success luck of harvest.[\/vc_column_text][\/vc_column][vc_column width=&#8221;1\/2&#8243; css=&#8221;.vc_custom_1570776770395{background-position: center !important;background-repeat: no-repeat !important;background-size: cover !important;}&#8221;][vc_single_image image=&#8221;6102&#8243; img_size=&#8221;large&#8221; alignment=&#8221;center&#8221; css=&#8221;.vc_custom_1570776777954{border-radius: 2px !important;}&#8221;][\/vc_column][\/vc_row][vc_row][vc_column][vc_empty_space height=&#8221;5px&#8221;][\/vc_column][\/vc_row][vc_row css=&#8221;.vc_custom_1570777893151{background-color: #f6f6f6 !important;}&#8221;][vc_column][vc_custom_heading text=&#8221;What are the guarantees of the French Certified Plant?&#8221; use_theme_fonts=&#8221;yes&#8221;][\/vc_column][\/vc_row][vc_row css=&#8221;.vc_custom_1570776897493{background-color: #f6f6f6 !important;}&#8221;][vc_column width=&#8221;1\/2&#8243;][vc_single_image image=&#8221;4628&#8243; img_size=&#8221;full&#8221; add_caption=&#8221;yes&#8221;][\/vc_column][vc_column width=&#8221;1\/2&#8243;][vc_column_text css=&#8221;.vc_custom_1572458619825{border-radius: 2px !important;}&#8221;]<b>To be certified a plant need respect requirements of <a href=\"https:\/\/www.gnis.fr\/service-officiel-controle-et-certification\/reglements-techniques-production-controle-et-certification\/\">technical regulations for certification<\/a> :<\/b><\/p>\n<ul>\n<li>Maximum rate of mosaic virus diseases (OYDV et LYSV) :<strong> 1%<\/strong><\/li>\n<\/ul>\n<ul>\n<li>Maximum rate of white rot (<em>Sclerotium cepivorum<\/em>) : <strong>1%<\/strong><\/li>\n<\/ul>\n<ul>\n<li>Maximum rate of nematode (<em>Ditylenchus dipsaci<\/em>) : <strong>0%<\/strong><\/li>\n<\/ul>\n<ul>\n<li>Maximum rate of damage that affects germination : <strong>5%<\/strong><\/li>\n<\/ul>\n<ul>\n<li>Minimum rate of germination : <strong>85%<\/strong><\/li>\n<\/ul>\n<ul>\n<li>Maximum rate of other variety : <strong>1%<\/strong><\/li>\n<\/ul>\n<ul>\n<li>French production<\/li>\n<\/ul>\n<p>&nbsp;<\/p>\n<p>For more information about production requirements, you can consult the page <a href=\"https:\/\/ail-echalote-certifie.org\/en\/monitoring-process-and-certification-of-french-garlic-and-shallot\/\">monitoring and production<\/a>.[\/vc_column_text][\/vc_column][\/vc_row][vc_row rtl_reverse=&#8221;yes&#8221; content_placement=&#8221;top&#8221; css_animation=&#8221;none&#8221; css=&#8221;.vc_custom_1570779905392{margin-top: 0px !important;padding-top: 0px !important;background-color: #f6f6f6 !important;}&#8221;][vc_column css=&#8221;.vc_custom_1570779929552{margin-top: 0px !important;padding-top: 0px !important;}&#8221;][vc_column_text css=&#8221;.vc_custom_1570780005317{margin-top: 0px !important;padding-top: 0px !important;}&#8221;]<strong>Primarily the certified plant is a security for the farmer and the gardener. Certification provides four primary guarantees to increase success luck of growing and therefore to have a very healthy and abundant harvest.<\/strong><\/p>\n<ul>\n<li>The guaranteed of varietal identity\/purity<\/li>\n<\/ul>\n<ul>\n<li>The guarantee that the plants will germinate well<\/li>\n<\/ul>\n<ul>\n<li>The guarantieed of plant healthy<\/li>\n<\/ul>\n<ul>\n<li>The traceability of production<\/li>\n<\/ul>\n<p>[\/vc_column_text][\/vc_column][\/vc_row][vc_row][vc_column][vc_empty_space height=&#8221;5px&#8221;][\/vc_column][\/vc_row][vc_row css=&#8221;.vc_custom_1566300145020{background-color: #f6f6f6 !important;}&#8221;][vc_column][vc_custom_heading text=&#8221;Shop-bought garlic and shallot should not be used for planting&#8221; use_theme_fonts=&#8221;yes&#8221;][\/vc_column][\/vc_row][vc_row equal_height=&#8221;yes&#8221; content_placement=&#8221;top&#8221; css_animation=&#8221;none&#8221; css=&#8221;.vc_custom_1570778068899{background-color: #f6f6f6 !important;}&#8221;][vc_column width=&#8221;1\/2&#8243;][vc_column_text]Shop-bought garlic is often imported (China, Mexico\u2026), and is not always adapted to local climate. Furthermore, it has often been improved in order to enhance its storage qualities, and for this reason it may fail to germinate.<\/p>\n<p>This type of garlic may also be a vector of diseases (viruses, rot, nematodes) which can reduce yield at harvest, alter storage qualities, contaminate soil and affect subsequent crops.[\/vc_column_text][\/vc_column][vc_column width=&#8221;1\/2&#8243;][vc_single_image image=&#8221;6110&#8243; img_size=&#8221;full&#8221; add_caption=&#8221;yes&#8221;][\/vc_column][\/vc_row][vc_row][vc_column][vc_btn title=&#8221;Plant Production Conditions in France&#8221; color=&#8221;default&#8221; align=&#8221;center&#8221; link=&#8221;url:https%3A%2F%2Fail-echalote-certifie.org%2Fen%2Ffrance-the-country-of-quality-shallot-and-garlic-plants%2F|title:France%2C%20the%20country%20of%20quality%20shallot%20and%20garlic%20plants||&#8221; el_class=&#8221;btn-doc&#8221;][\/vc_column][\/vc_row]<\/p>\n","protected":false},"excerpt":{"rendered":"<p>[vc_row equal_height=&#8221;yes&#8221; rtl_reverse=&#8221;yes&#8221; content_placement=&#8221;top&#8221; css_animation=&#8221;none&#8221; css=&#8221;.vc_custom_1570777712008{background-color: #f6f6f6 !important;}&#8221;][vc_column width=&#8221;1\/2&#8243;][vc_column_text]Control and certification of garlic and shallot plants is warranty of quality and varietal identity. The French standard is more strict than [&hellip;]<\/p>\n","protected":false},"author":3,"featured_media":0,"parent":0,"menu_order":0,"comment_status":"closed","ping_status":"closed","template":"","meta":{"_acf_changed":false,"footnotes":""},"categories":[],"class_list":["post-4640","page","type-page","status-publish","hentry"],"acf":[],"yoast_head":"<!-- This site is optimized with the Yoast SEO plugin v27.5 - https:\/\/yoast.com\/product\/yoast-seo-wordpress\/ -->\n<title>Advantages of French Certified Plants - Le plant certifi\u00e9 d&#039;ail et d&#039;\u00e9chalote<\/title>\n<meta name=\"robots\" content=\"index, follow, max-snippet:-1, max-image-preview:large, max-video-preview:-1\" \/>\n<link rel=\"canonical\" href=\"https:\/\/ail-echalote-certifie.org\/en\/advantages-of-french-certified-plants-of-garlic-and-shallot\/\" \/>\n<meta property=\"og:locale\" content=\"en_US\" \/>\n<meta property=\"og:type\" content=\"article\" \/>\n<meta property=\"og:title\" content=\"Advantages of French Certified Plants - Le plant certifi\u00e9 d&#039;ail et d&#039;\u00e9chalote\" \/>\n<meta property=\"og:description\" content=\"[vc_row equal_height=&#8221;yes&#8221; rtl_reverse=&#8221;yes&#8221; content_placement=&#8221;top&#8221; css_animation=&#8221;none&#8221; css=&#8221;.vc_custom_1570777712008{background-color: #f6f6f6 !important;}&#8221;][vc_column width=&#8221;1\/2&#8243;][vc_column_text]Control and certification of garlic and shallot plants is warranty of quality and varietal identity. The French standard is more strict than [&hellip;]\" \/>\n<meta property=\"og:url\" content=\"https:\/\/ail-echalote-certifie.org\/en\/advantages-of-french-certified-plants-of-garlic-and-shallot\/\" \/>\n<meta property=\"og:site_name\" content=\"Le plant certifi\u00e9 d&#039;ail et d&#039;\u00e9chalote\" \/>\n<meta property=\"article:modified_time\" content=\"2019-10-30T18:10:42+00:00\" \/>\n<meta name=\"twitter:card\" content=\"summary_large_image\" \/>\n<meta name=\"twitter:label1\" content=\"Est. reading time\" \/>\n\t<meta name=\"twitter:data1\" content=\"3 minutes\" \/>\n<script type=\"application\/ld+json\" class=\"yoast-schema-graph\">{\"@context\":\"https:\\\/\\\/schema.org\",\"@graph\":[{\"@type\":\"WebPage\",\"@id\":\"https:\\\/\\\/ail-echalote-certifie.org\\\/en\\\/advantages-of-french-certified-plants-of-garlic-and-shallot\\\/\",\"url\":\"https:\\\/\\\/ail-echalote-certifie.org\\\/en\\\/advantages-of-french-certified-plants-of-garlic-and-shallot\\\/\",\"name\":\"Advantages of French Certified Plants - Le plant certifi\u00e9 d&#039;ail et d&#039;\u00e9chalote\",\"isPartOf\":{\"@id\":\"https:\\\/\\\/ail-echalote-certifie.org\\\/en\\\/#website\"},\"datePublished\":\"2019-08-20T11:32:48+00:00\",\"dateModified\":\"2019-10-30T18:10:42+00:00\",\"breadcrumb\":{\"@id\":\"https:\\\/\\\/ail-echalote-certifie.org\\\/en\\\/advantages-of-french-certified-plants-of-garlic-and-shallot\\\/#breadcrumb\"},\"inLanguage\":\"en-US\",\"potentialAction\":[{\"@type\":\"ReadAction\",\"target\":[\"https:\\\/\\\/ail-echalote-certifie.org\\\/en\\\/advantages-of-french-certified-plants-of-garlic-and-shallot\\\/\"]}]},{\"@type\":\"BreadcrumbList\",\"@id\":\"https:\\\/\\\/ail-echalote-certifie.org\\\/en\\\/advantages-of-french-certified-plants-of-garlic-and-shallot\\\/#breadcrumb\",\"itemListElement\":[{\"@type\":\"ListItem\",\"position\":1,\"name\":\"Accueil\",\"item\":\"https:\\\/\\\/ail-echalote-certifie.org\\\/en\\\/\"},{\"@type\":\"ListItem\",\"position\":2,\"name\":\"Advantages of French Certified Plants\"}]},{\"@type\":\"WebSite\",\"@id\":\"https:\\\/\\\/ail-echalote-certifie.org\\\/en\\\/#website\",\"url\":\"https:\\\/\\\/ail-echalote-certifie.org\\\/en\\\/\",\"name\":\"Le plant certifi\u00e9 d\u2019ail et d\u2019\u00e9chalote\",\"description\":\"Avec le plant certifi\u00e9, vous mettez toutes les chances de votre c\u00f4t\u00e9 !\",\"publisher\":{\"@id\":\"https:\\\/\\\/ail-echalote-certifie.org\\\/en\\\/#organization\"},\"potentialAction\":[{\"@type\":\"SearchAction\",\"target\":{\"@type\":\"EntryPoint\",\"urlTemplate\":\"https:\\\/\\\/ail-echalote-certifie.org\\\/en\\\/?s={search_term_string}\"},\"query-input\":{\"@type\":\"PropertyValueSpecification\",\"valueRequired\":true,\"valueName\":\"search_term_string\"}}],\"inLanguage\":\"en-US\"},{\"@type\":\"Organization\",\"@id\":\"https:\\\/\\\/ail-echalote-certifie.org\\\/en\\\/#organization\",\"name\":\"Le plant certifi\u00e9 d\u2019ail et d\u2019\u00e9chalote\",\"url\":\"https:\\\/\\\/ail-echalote-certifie.org\\\/en\\\/\",\"logo\":{\"@type\":\"ImageObject\",\"inLanguage\":\"en-US\",\"@id\":\"https:\\\/\\\/ail-echalote-certifie.org\\\/en\\\/#\\\/schema\\\/logo\\\/image\\\/\",\"url\":\"https:\\\/\\\/ail-echalote-certifie.org\\\/wp-content\\\/uploads\\\/2020\\\/12\\\/PROSEMAIL-RVB.png\",\"contentUrl\":\"https:\\\/\\\/ail-echalote-certifie.org\\\/wp-content\\\/uploads\\\/2020\\\/12\\\/PROSEMAIL-RVB.png\",\"width\":219,\"height\":174,\"caption\":\"Le plant certifi\u00e9 d\u2019ail et d\u2019\u00e9chalote\"},\"image\":{\"@id\":\"https:\\\/\\\/ail-echalote-certifie.org\\\/en\\\/#\\\/schema\\\/logo\\\/image\\\/\"}}]}<\/script>\n<!-- \/ Yoast SEO plugin. -->","yoast_head_json":{"title":"Advantages of French Certified Plants - Le plant certifi\u00e9 d&#039;ail et d&#039;\u00e9chalote","robots":{"index":"index","follow":"follow","max-snippet":"max-snippet:-1","max-image-preview":"max-image-preview:large","max-video-preview":"max-video-preview:-1"},"canonical":"https:\/\/ail-echalote-certifie.org\/en\/advantages-of-french-certified-plants-of-garlic-and-shallot\/","og_locale":"en_US","og_type":"article","og_title":"Advantages of French Certified Plants - Le plant certifi\u00e9 d&#039;ail et d&#039;\u00e9chalote","og_description":"[vc_row equal_height=&#8221;yes&#8221; rtl_reverse=&#8221;yes&#8221; content_placement=&#8221;top&#8221; css_animation=&#8221;none&#8221; css=&#8221;.vc_custom_1570777712008{background-color: #f6f6f6 !important;}&#8221;][vc_column width=&#8221;1\/2&#8243;][vc_column_text]Control and certification of garlic and shallot plants is warranty of quality and varietal identity. The French standard is more strict than [&hellip;]","og_url":"https:\/\/ail-echalote-certifie.org\/en\/advantages-of-french-certified-plants-of-garlic-and-shallot\/","og_site_name":"Le plant certifi\u00e9 d&#039;ail et d&#039;\u00e9chalote","article_modified_time":"2019-10-30T18:10:42+00:00","twitter_card":"summary_large_image","twitter_misc":{"Est. reading time":"3 minutes"},"schema":{"@context":"https:\/\/schema.org","@graph":[{"@type":"WebPage","@id":"https:\/\/ail-echalote-certifie.org\/en\/advantages-of-french-certified-plants-of-garlic-and-shallot\/","url":"https:\/\/ail-echalote-certifie.org\/en\/advantages-of-french-certified-plants-of-garlic-and-shallot\/","name":"Advantages of French Certified Plants - Le plant certifi\u00e9 d&#039;ail et d&#039;\u00e9chalote","isPartOf":{"@id":"https:\/\/ail-echalote-certifie.org\/en\/#website"},"datePublished":"2019-08-20T11:32:48+00:00","dateModified":"2019-10-30T18:10:42+00:00","breadcrumb":{"@id":"https:\/\/ail-echalote-certifie.org\/en\/advantages-of-french-certified-plants-of-garlic-and-shallot\/#breadcrumb"},"inLanguage":"en-US","potentialAction":[{"@type":"ReadAction","target":["https:\/\/ail-echalote-certifie.org\/en\/advantages-of-french-certified-plants-of-garlic-and-shallot\/"]}]},{"@type":"BreadcrumbList","@id":"https:\/\/ail-echalote-certifie.org\/en\/advantages-of-french-certified-plants-of-garlic-and-shallot\/#breadcrumb","itemListElement":[{"@type":"ListItem","position":1,"name":"Accueil","item":"https:\/\/ail-echalote-certifie.org\/en\/"},{"@type":"ListItem","position":2,"name":"Advantages of French Certified Plants"}]},{"@type":"WebSite","@id":"https:\/\/ail-echalote-certifie.org\/en\/#website","url":"https:\/\/ail-echalote-certifie.org\/en\/","name":"Le plant certifi\u00e9 d\u2019ail et d\u2019\u00e9chalote","description":"Avec le plant certifi\u00e9, vous mettez toutes les chances de votre c\u00f4t\u00e9 !","publisher":{"@id":"https:\/\/ail-echalote-certifie.org\/en\/#organization"},"potentialAction":[{"@type":"SearchAction","target":{"@type":"EntryPoint","urlTemplate":"https:\/\/ail-echalote-certifie.org\/en\/?s={search_term_string}"},"query-input":{"@type":"PropertyValueSpecification","valueRequired":true,"valueName":"search_term_string"}}],"inLanguage":"en-US"},{"@type":"Organization","@id":"https:\/\/ail-echalote-certifie.org\/en\/#organization","name":"Le plant certifi\u00e9 d\u2019ail et d\u2019\u00e9chalote","url":"https:\/\/ail-echalote-certifie.org\/en\/","logo":{"@type":"ImageObject","inLanguage":"en-US","@id":"https:\/\/ail-echalote-certifie.org\/en\/#\/schema\/logo\/image\/","url":"https:\/\/ail-echalote-certifie.org\/wp-content\/uploads\/2020\/12\/PROSEMAIL-RVB.png","contentUrl":"https:\/\/ail-echalote-certifie.org\/wp-content\/uploads\/2020\/12\/PROSEMAIL-RVB.png","width":219,"height":174,"caption":"Le plant certifi\u00e9 d\u2019ail et d\u2019\u00e9chalote"},"image":{"@id":"https:\/\/ail-echalote-certifie.org\/en\/#\/schema\/logo\/image\/"}}]}},"_links":{"self":[{"href":"https:\/\/ail-echalote-certifie.org\/en\/wp-json\/wp\/v2\/pages\/4640","targetHints":{"allow":["GET"]}}],"collection":[{"href":"https:\/\/ail-echalote-certifie.org\/en\/wp-json\/wp\/v2\/pages"}],"about":[{"href":"https:\/\/ail-echalote-certifie.org\/en\/wp-json\/wp\/v2\/types\/page"}],"author":[{"embeddable":true,"href":"https:\/\/ail-echalote-certifie.org\/en\/wp-json\/wp\/v2\/users\/3"}],"replies":[{"embeddable":true,"href":"https:\/\/ail-echalote-certifie.org\/en\/wp-json\/wp\/v2\/comments?post=4640"}],"version-history":[{"count":11,"href":"https:\/\/ail-echalote-certifie.org\/en\/wp-json\/wp\/v2\/pages\/4640\/revisions"}],"predecessor-version":[{"id":6567,"href":"https:\/\/ail-echalote-certifie.org\/en\/wp-json\/wp\/v2\/pages\/4640\/revisions\/6567"}],"wp:attachment":[{"href":"https:\/\/ail-echalote-certifie.org\/en\/wp-json\/wp\/v2\/media?parent=4640"}],"wp:term":[{"taxonomy":"category","embeddable":true,"href":"https:\/\/ail-echalote-certifie.org\/en\/wp-json\/wp\/v2\/categories?post=4640"}],"curies":[{"name":"wp","href":"https:\/\/api.w.org\/{rel}","templated":true}]}}