{"id":4568,"date":"2019-08-20T11:31:28","date_gmt":"2019-08-20T09:31:28","guid":{"rendered":"https:\/\/ail-echalote-certifie.org\/?page_id=4568"},"modified":"2019-10-30T18:46:49","modified_gmt":"2019-10-30T17:46:49","slug":"planting-growing-harvesting-storing-garlic","status":"publish","type":"page","link":"https:\/\/ail-echalote-certifie.org\/en\/planting-growing-harvesting-storing-garlic\/","title":{"rendered":"How to plant, grow and harvest garlic?"},"content":{"rendered":"<p>[vc_row css=&#8221;.vc_custom_1567671708293{background-color: #f6f6f6 !important;}&#8221;][vc_column][vc_custom_heading text=&#8221;Easy &#8216;ready to plant&#8217; garlic&#8221; use_theme_fonts=&#8221;yes&#8221;][\/vc_column][\/vc_row][vc_row equal_height=&#8221;yes&#8221; rtl_reverse=&#8221;yes&#8221; content_placement=&#8221;top&#8221; css_animation=&#8221;none&#8221; css=&#8221;.vc_custom_1567671797449{background-color: #f6f6f6 !important;}&#8221;][vc_column width=&#8221;1\/2&#8243;][vc_custom_heading text=&#8221;<strong><em>Garlic is one of the easiest and most simple vegetables to grow!<\/em><\/strong>&#8221; font_container=&#8221;tag:div|font_size:18|text_align:left&#8221; use_theme_fonts=&#8221;yes&#8221;][vc_column_text]<\/p>\n<h3>A low-maintenance crop<\/h3>\n<p>Caution: do not plant garlic in soil which was used in the preceding year for growing vegetables belonging to the onion family: garlic, shallots, onions, leeks.<\/p>\n<p><span>Garlic grows in all types of soil as long as this soil is well aerated and non-sandy, and fares well on soil with residual fertilizer from previous crops. A nitrogen-free basal fertilizer containing potash and sulphur can also provide added benefits.<\/span><\/p>\n<p><span>Garlic is an ecological crop, and rarely requires chemical treatments as long as certified plants are used to prevent diseases (viruses, rot, nematodes) it rarely requires treatment.<\/span>[\/vc_column_text]<div class=\"ult_exp_section_layer ult-adjust-bottom-margin  \" >\r\n\t<div id=\"uvc-exp-wrap-2787\"   data-ultimate-target='#uvc-exp-wrap-2787'  data-responsive-json-new='{\"font-size\":\"desktop:20px;\",\"line-height\":\"desktop:20px;\"}'  class=\"ult_exp_section  ult-responsive \" style=\"color:#333333;background-color:#dbdbdb; font-weight:normal;  text-align:center;\" data-textcolor=\"#333333\"data-texthover=\"#333333\"data-icncolor=\"#333333\"data-ihover=\"#333333\"data-height=\"0\"data-cntbg=\"#dbdbdb\"data-cnthvrbg=\"#e5e5e5\"data-headerbg=\"#dbdbdb\"data-headerhover=\"#e5e5e5\"data-title=\"+ You don\u2019t need a garden to grow garlic!\"data-newtitle=\"- You don\u2019t need a garden to grow garlic!\"data-icon=\"\"data-newicon=\"\"data-activeicon=\"#333333\"data-effect=\"slideToggle\"data-override=\"0\"data-activetitle=\"#f9b92b\"data-activebg=\"#ffffff\"data-img=\"\"data-newimg=\"\"><div  class=\"ult_exp_section-main \">\r\n\t\t\t\t\t<div class=\"ult_expheader\" >+ You don\u2019t need a garden to grow garlic!\r\n\t\t\t\t\t <\/div><\/div>\r\n\t\t\t\t<\/div><div class=\"ult_exp_content \" style=\"background-color:#ffffff;  \"><div class=\"ult_ecpsub_cont\" style=\" \" >[vc_column_text]<\/p>\n<p style=\"text-align: left;\"><span>Garlic leaves can be chopped like chives and sprinkled onto a salad, an omelette or cottage cheese. Enjoy garlic leaves all year round by placing a garlic bulb on top of a pitcher filled with water (change water regularly). Leaves will start growing, and you will be able to cut these and use them for cooking.<\/span><\/p>\n<p>[\/vc_column_text]<\/div><\/div>\r\n\r\n\t\t\t<\/div>[\/vc_column][vc_column width=&#8221;1\/2&#8243; css=&#8221;.vc_custom_1568887104345{background-position: center !important;background-repeat: no-repeat !important;background-size: cover !important;}&#8221;][vc_single_image image=&#8221;4585&#8243; img_size=&#8221;large&#8221; add_caption=&#8221;yes&#8221;][\/vc_column][\/vc_row][vc_row rtl_reverse=&#8221;yes&#8221; content_placement=&#8221;top&#8221; css_animation=&#8221;none&#8221; css=&#8221;.vc_custom_1567676596851{background-color: #f6f6f6 !important;}&#8221;][vc_column width=&#8221;1\/2&#8243; css=&#8221;.vc_custom_1567676603663{background-position: center !important;background-repeat: no-repeat !important;background-size: cover !important;}&#8221;][vc_single_image image=&#8221;4528&#8243; img_size=&#8221;full&#8221; add_caption=&#8221;yes&#8221;][\/vc_column][vc_column width=&#8221;1\/2&#8243;][vc_column_text]<\/p>\n<h3>Quick and easy to plant<\/h3>\n<p><span>Separate the garlic cloves and plant only the largest, healthiest and well-shaped cloves. Keep the smaller cloves at the centre of the head for cooking.<\/span><\/p>\n<p><span>Plant cloves in soil, 3 cm deep, point upwards. Plant in rows spaced 30 cm apart, and allow for 10 cm between each clove. For poorly drained soil: plant in ridges (10-cm high ridges).<\/span><\/p>\n<p><span>Another option is to plant cloves closer together. That way whole fresh garlic plantlets can be harvested earlier on, and mature garlic can be harvested later on.<\/span>[\/vc_column_text]<div class=\"ult_exp_section_layer ult-adjust-bottom-margin  \" >\r\n\t<div id=\"uvc-exp-wrap-5709\"   data-ultimate-target='#uvc-exp-wrap-5709'  data-responsive-json-new='{\"font-size\":\"desktop:20px;\",\"line-height\":\"desktop:20px;\"}'  class=\"ult_exp_section  ult-responsive \" style=\"color:#333333;background-color:#dbdbdb; font-weight:normal;  text-align:center;\" data-textcolor=\"#333333\"data-texthover=\"#333333\"data-icncolor=\"#333333\"data-ihover=\"#333333\"data-height=\"0\"data-cntbg=\"#dbdbdb\"data-cnthvrbg=\"#e5e5e5\"data-headerbg=\"#dbdbdb\"data-headerhover=\"#e5e5e5\"data-title=\"+ Growing garlic in trough planters\"data-newtitle=\"- Growing garlic in trough planters\"data-icon=\"\"data-newicon=\"\"data-activeicon=\"#333333\"data-effect=\"slideToggle\"data-override=\"0\"data-activetitle=\"#f9b92b\"data-activebg=\"#ffffff\"data-img=\"\"data-newimg=\"\"><div  class=\"ult_exp_section-main \">\r\n\t\t\t\t\t<div class=\"ult_expheader\" >+ Growing garlic in trough planters\r\n\t\t\t\t\t <\/div><\/div>\r\n\t\t\t\t<\/div><div class=\"ult_exp_content \" style=\"background-color:#ffffff;  \"><div class=\"ult_ecpsub_cont\" style=\" \" >[vc_column_text]<\/p>\n<p style=\"text-align: left;\"><span>Use a trough planter without a self watering system. Fill with a mixture of peat compost. Place outside on a window sill exposed to sunlight. Bring inside if you wish to harvest a few days earlier. However the plant needs to be kept outside until the end of January as garlic bulbs and young plantlets need cold weather to develop.<\/span><\/p>\n<p>[\/vc_column_text]<\/div><\/div>\r\n\r\n\t\t\t<\/div>[\/vc_column][\/vc_row][vc_row equal_height=&#8221;yes&#8221; content_placement=&#8221;top&#8221; css_animation=&#8221;none&#8221; css=&#8221;.vc_custom_1567676857497{background-color: #f6f6f6 !important;}&#8221;][vc_column width=&#8221;1\/2&#8243;][vc_column_text]<\/p>\n<h3>Low maintenance<\/h3>\n<p><span>Hoe the soil to get rid of weeds. Water plants (during bulb formation) if the month of May is dry for nice vigorous plants.<\/span>[\/vc_column_text]<div class=\"ult_exp_section_layer ult-adjust-bottom-margin  \" >\r\n\t<div id=\"uvc-exp-wrap-1234\"   data-ultimate-target='#uvc-exp-wrap-1234'  data-responsive-json-new='{\"font-size\":\"desktop:20px;\",\"line-height\":\"desktop:20px;\"}'  class=\"ult_exp_section  ult-responsive \" style=\"color:#333333;background-color:#dbdbdb; font-weight:normal;  text-align:center;\" data-textcolor=\"#333333\"data-texthover=\"#333333\"data-icncolor=\"#333333\"data-ihover=\"#333333\"data-height=\"0\"data-cntbg=\"#dbdbdb\"data-cnthvrbg=\"#e5e5e5\"data-headerbg=\"#dbdbdb\"data-headerhover=\"#e5e5e5\"data-title=\"+ Garlic is not exclusive to southern countries\"data-newtitle=\"- Garlic is not exclusive to southern countries\"data-icon=\"\"data-newicon=\"\"data-activeicon=\"#333333\"data-effect=\"slideToggle\"data-override=\"0\"data-activetitle=\"#f9b92b\"data-activebg=\"#ffffff\"data-img=\"\"data-newimg=\"\"><div  class=\"ult_exp_section-main \">\r\n\t\t\t\t\t<div class=\"ult_expheader\" >+ Garlic is not exclusive to southern countries\r\n\t\t\t\t\t <\/div><\/div>\r\n\t\t\t\t<\/div><div class=\"ult_exp_content \" style=\"background-color:#ffffff;  \"><div class=\"ult_ecpsub_cont\" style=\" \" >[vc_column_text]<\/p>\n<p style=\"text-align: left;\"><span>Garlic can be grown just about anywhere. Garlic is a hardy plant which grows in all types of soil, except soil that stays very humid throughout the winter. Choose a piece of land in a nice sunny spot. Prepare soil by turning it over with a spade or pitchfork before planting.<\/span><\/p>\n<p style=\"text-align: left;\"><span>A fertilizer for flower bulbs can be used. If planting in rich garden soil, no fertilizer is required.<\/span><\/p>\n<p>[\/vc_column_text]<\/div><\/div>\r\n\r\n\t\t\t<\/div>[\/vc_column][vc_column width=&#8221;1\/2&#8243;][vc_single_image image=&#8221;6059&#8243; img_size=&#8221;full&#8221; add_caption=&#8221;yes&#8221;][\/vc_column][\/vc_row][vc_row][vc_column][vc_empty_space height=&#8221;5px&#8221;][\/vc_column][\/vc_row][vc_row css=&#8221;.vc_custom_1567671708293{background-color: #f6f6f6 !important;}&#8221;][vc_column][vc_custom_heading text=&#8221;Spread out your harvest!&#8221; use_theme_fonts=&#8221;yes&#8221;][\/vc_column][\/vc_row][vc_row equal_height=&#8221;yes&#8221; rtl_reverse=&#8221;yes&#8221; content_placement=&#8221;top&#8221; css_animation=&#8221;none&#8221; css=&#8221;.vc_custom_1567677037330{background-color: #f6f6f6 !important;}&#8221;][vc_column width=&#8221;1\/2&#8243; css=&#8221;.vc_custom_1567677044712{background-position: center !important;background-repeat: no-repeat !important;background-size: cover !important;}&#8221;][vc_single_image image=&#8221;4534&#8243; img_size=&#8221;full&#8221; add_caption=&#8221;yes&#8221;][vc_single_image image=&#8221;4516&#8243; img_size=&#8221;full&#8221; add_caption=&#8221;yes&#8221;][\/vc_column][vc_column width=&#8221;1\/2&#8243;][vc_custom_heading text=&#8221;<strong><em>As garlic is such a versatile plant, harvest can easily be spread out over several months.<\/em><\/strong>&#8221; font_container=&#8221;tag:div|font_size:18|text_align:left&#8221; use_theme_fonts=&#8221;yes&#8221; css=&#8221;.vc_custom_1567679407887{margin-bottom: 20px !important;}&#8221;][vc_column_text]<br \/>\n<span>Garlic planted in autumn can be harvested:<\/span><\/p>\n<p><b>As early as April<\/b><\/p>\n<p><span>For whole fresh garlic (garlic plantlets) which is harvested before the bulb is formed. Enjoy whole fresh garlic sprinkled with a bit of salt, chopped in a salad, or as a topping on cottage cheese\u2026<\/span><br \/>\n<span>Garlic leaves: chop like chives, and sprinkle on a salad or omelette.<\/span><\/p>\n<p><b>In May<\/b><\/p>\n<p><span>Harvest fresh as needed for cooking. If you\u2019re using certified plants, you will find that garlic leaves are as tasty as cloves.<\/span><\/p>\n<p><b>From June<\/b><\/p>\n<p><span>Harvest at maturity and leave to dry in the shade for a couple of days (direct sunlight damages the plant and alters storage qualities), then braid in a rope.<\/span>[\/vc_column_text][\/vc_column][\/vc_row][vc_row][vc_column][vc_empty_space height=&#8221;5px&#8221;][\/vc_column][\/vc_row][vc_row css=&#8221;.vc_custom_1567677426418{background-color: #f6f6f6 !important;}&#8221;][vc_column][vc_custom_heading text=&#8221;Tips for storing and curing garlic&#8221; use_theme_fonts=&#8221;yes&#8221;][\/vc_column][\/vc_row][vc_row equal_height=&#8221;yes&#8221; rtl_reverse=&#8221;yes&#8221; content_placement=&#8221;top&#8221; css_animation=&#8221;none&#8221; css=&#8221;.vc_custom_1567677451169{background-color: #f6f6f6 !important;}&#8221;][vc_column width=&#8221;1\/2&#8243;][vc_custom_heading text=&#8221;<strong><em>If garlic is overly mature at harvest, it does not store well. For good storage qualities, harvest garlic when upper leaves are dry.<\/em><\/strong>&#8221; font_container=&#8221;tag:div|font_size:18|text_align:left&#8221; use_theme_fonts=&#8221;yes&#8221;][vc_column_text]<\/p>\n<h3>Tips for growing garlic<\/h3>\n<p>Do not water garlic in the month before harvest. Harvest when garlic is mature in dry weather, preferably in the afternoon. Leave stalks and bulbs to dry in the shade for a couple of days (direct sunlight damages the plant and alters storage qualities).<\/p>\n<h3>Keep garlic in a warm place!<\/h3>\n<p><span>After harvest, garlic enters dormancy and can no longer produce a sprout. When temperatures drop, garlic comes out of dormancy. In order to ensure proper storage, garlic should be kept at a temperature above 18 \u00b0C and cold spells should be avoided.<\/span><\/p>\n<p><span>The best place to store garlic is the place where it is used: in the kitchen!<\/span><\/p>\n<p>Tied in a bunch, in a braid or a mesh bag, garlic adds a decorative touch to the kitchen, where it is ready at hand for cooking.[\/vc_column_text][\/vc_column][vc_column width=&#8221;1\/2&#8243; css=&#8221;.vc_custom_1568887268564{background-position: center !important;background-repeat: no-repeat !important;background-size: cover !important;}&#8221;][vc_single_image image=&#8221;6062&#8243; img_size=&#8221;large&#8221; add_caption=&#8221;yes&#8221;][\/vc_column][\/vc_row][vc_row][vc_column][vc_btn title=&#8221;How to cook garlic?&#8221; color=&#8221;juicy-pink&#8221; align=&#8221;center&#8221; link=&#8221;url:https%3A%2F%2Fail-echalote-certifie.org%2Fen%2Fgarlic-cooking-recipes%2F|title:Garlic%20Cooking%20Recipes||&#8221; el_class=&#8221;btn-toutes-varietes-ail&#8221; css=&#8221;.vc_custom_1572457664101{border-radius: 35px !important;}&#8221;][\/vc_column][\/vc_row]<\/p>\n","protected":false},"excerpt":{"rendered":"<p>[vc_row css=&#8221;.vc_custom_1567671708293{background-color: #f6f6f6 !important;}&#8221;][vc_column][vc_custom_heading text=&#8221;Easy &#8216;ready to plant&#8217; garlic&#8221; use_theme_fonts=&#8221;yes&#8221;][\/vc_column][\/vc_row][vc_row equal_height=&#8221;yes&#8221; rtl_reverse=&#8221;yes&#8221; content_placement=&#8221;top&#8221; css_animation=&#8221;none&#8221; css=&#8221;.vc_custom_1567671797449{background-color: #f6f6f6 !important;}&#8221;][vc_column width=&#8221;1\/2&#8243;][vc_custom_heading text=&#8221;Garlic is one of the easiest and most simple vegetables to grow!&#8221; [&hellip;]<\/p>\n","protected":false},"author":3,"featured_media":0,"parent":0,"menu_order":0,"comment_status":"closed","ping_status":"closed","template":"","meta":{"_acf_changed":false,"footnotes":""},"categories":[],"class_list":["post-4568","page","type-page","status-publish","hentry"],"acf":[],"yoast_head":"<!-- This site is optimized with the Yoast SEO plugin v27.5 - https:\/\/yoast.com\/product\/yoast-seo-wordpress\/ -->\n<title>How to plant, grow and harvest garlic? - Le plant certifi\u00e9 d&#039;ail et d&#039;\u00e9chalote<\/title>\n<meta name=\"robots\" content=\"index, follow, max-snippet:-1, max-image-preview:large, max-video-preview:-1\" \/>\n<link rel=\"canonical\" href=\"https:\/\/ail-echalote-certifie.org\/en\/planting-growing-harvesting-storing-garlic\/\" \/>\n<meta property=\"og:locale\" content=\"en_US\" \/>\n<meta property=\"og:type\" content=\"article\" \/>\n<meta property=\"og:title\" content=\"How to plant, grow and harvest garlic? - Le plant certifi\u00e9 d&#039;ail et d&#039;\u00e9chalote\" \/>\n<meta property=\"og:description\" content=\"[vc_row css=&#8221;.vc_custom_1567671708293{background-color: #f6f6f6 !important;}&#8221;][vc_column][vc_custom_heading text=&#8221;Easy &#8216;ready to plant&#8217; garlic&#8221; use_theme_fonts=&#8221;yes&#8221;][\/vc_column][\/vc_row][vc_row equal_height=&#8221;yes&#8221; rtl_reverse=&#8221;yes&#8221; content_placement=&#8221;top&#8221; css_animation=&#8221;none&#8221; css=&#8221;.vc_custom_1567671797449{background-color: #f6f6f6 !important;}&#8221;][vc_column width=&#8221;1\/2&#8243;][vc_custom_heading text=&#8221;Garlic is one of the easiest and most simple vegetables to grow!&#8221; [&hellip;]\" \/>\n<meta property=\"og:url\" content=\"https:\/\/ail-echalote-certifie.org\/en\/planting-growing-harvesting-storing-garlic\/\" \/>\n<meta property=\"og:site_name\" content=\"Le plant certifi\u00e9 d&#039;ail et d&#039;\u00e9chalote\" \/>\n<meta property=\"article:modified_time\" content=\"2019-10-30T17:46:49+00:00\" \/>\n<meta name=\"twitter:card\" content=\"summary_large_image\" \/>\n<meta name=\"twitter:label1\" content=\"Est. reading time\" \/>\n\t<meta name=\"twitter:data1\" content=\"7 minutes\" \/>\n<script type=\"application\/ld+json\" class=\"yoast-schema-graph\">{\"@context\":\"https:\\\/\\\/schema.org\",\"@graph\":[{\"@type\":\"WebPage\",\"@id\":\"https:\\\/\\\/ail-echalote-certifie.org\\\/en\\\/planting-growing-harvesting-storing-garlic\\\/\",\"url\":\"https:\\\/\\\/ail-echalote-certifie.org\\\/en\\\/planting-growing-harvesting-storing-garlic\\\/\",\"name\":\"How to plant, grow and harvest garlic? - Le plant certifi\u00e9 d&#039;ail et d&#039;\u00e9chalote\",\"isPartOf\":{\"@id\":\"https:\\\/\\\/ail-echalote-certifie.org\\\/en\\\/#website\"},\"datePublished\":\"2019-08-20T09:31:28+00:00\",\"dateModified\":\"2019-10-30T17:46:49+00:00\",\"breadcrumb\":{\"@id\":\"https:\\\/\\\/ail-echalote-certifie.org\\\/en\\\/planting-growing-harvesting-storing-garlic\\\/#breadcrumb\"},\"inLanguage\":\"en-US\",\"potentialAction\":[{\"@type\":\"ReadAction\",\"target\":[\"https:\\\/\\\/ail-echalote-certifie.org\\\/en\\\/planting-growing-harvesting-storing-garlic\\\/\"]}]},{\"@type\":\"BreadcrumbList\",\"@id\":\"https:\\\/\\\/ail-echalote-certifie.org\\\/en\\\/planting-growing-harvesting-storing-garlic\\\/#breadcrumb\",\"itemListElement\":[{\"@type\":\"ListItem\",\"position\":1,\"name\":\"Accueil\",\"item\":\"https:\\\/\\\/ail-echalote-certifie.org\\\/en\\\/\"},{\"@type\":\"ListItem\",\"position\":2,\"name\":\"How to plant, grow and harvest garlic?\"}]},{\"@type\":\"WebSite\",\"@id\":\"https:\\\/\\\/ail-echalote-certifie.org\\\/en\\\/#website\",\"url\":\"https:\\\/\\\/ail-echalote-certifie.org\\\/en\\\/\",\"name\":\"Le plant certifi\u00e9 d\u2019ail et d\u2019\u00e9chalote\",\"description\":\"Avec le plant certifi\u00e9, vous mettez toutes les chances de votre c\u00f4t\u00e9 !\",\"publisher\":{\"@id\":\"https:\\\/\\\/ail-echalote-certifie.org\\\/en\\\/#organization\"},\"potentialAction\":[{\"@type\":\"SearchAction\",\"target\":{\"@type\":\"EntryPoint\",\"urlTemplate\":\"https:\\\/\\\/ail-echalote-certifie.org\\\/en\\\/?s={search_term_string}\"},\"query-input\":{\"@type\":\"PropertyValueSpecification\",\"valueRequired\":true,\"valueName\":\"search_term_string\"}}],\"inLanguage\":\"en-US\"},{\"@type\":\"Organization\",\"@id\":\"https:\\\/\\\/ail-echalote-certifie.org\\\/en\\\/#organization\",\"name\":\"Le plant certifi\u00e9 d\u2019ail et d\u2019\u00e9chalote\",\"url\":\"https:\\\/\\\/ail-echalote-certifie.org\\\/en\\\/\",\"logo\":{\"@type\":\"ImageObject\",\"inLanguage\":\"en-US\",\"@id\":\"https:\\\/\\\/ail-echalote-certifie.org\\\/en\\\/#\\\/schema\\\/logo\\\/image\\\/\",\"url\":\"https:\\\/\\\/ail-echalote-certifie.org\\\/wp-content\\\/uploads\\\/2020\\\/12\\\/PROSEMAIL-RVB.png\",\"contentUrl\":\"https:\\\/\\\/ail-echalote-certifie.org\\\/wp-content\\\/uploads\\\/2020\\\/12\\\/PROSEMAIL-RVB.png\",\"width\":219,\"height\":174,\"caption\":\"Le plant certifi\u00e9 d\u2019ail et d\u2019\u00e9chalote\"},\"image\":{\"@id\":\"https:\\\/\\\/ail-echalote-certifie.org\\\/en\\\/#\\\/schema\\\/logo\\\/image\\\/\"}}]}<\/script>\n<!-- \/ Yoast SEO plugin. -->","yoast_head_json":{"title":"How to plant, grow and harvest garlic? - Le plant certifi\u00e9 d&#039;ail et d&#039;\u00e9chalote","robots":{"index":"index","follow":"follow","max-snippet":"max-snippet:-1","max-image-preview":"max-image-preview:large","max-video-preview":"max-video-preview:-1"},"canonical":"https:\/\/ail-echalote-certifie.org\/en\/planting-growing-harvesting-storing-garlic\/","og_locale":"en_US","og_type":"article","og_title":"How to plant, grow and harvest garlic? - Le plant certifi\u00e9 d&#039;ail et d&#039;\u00e9chalote","og_description":"[vc_row css=&#8221;.vc_custom_1567671708293{background-color: #f6f6f6 !important;}&#8221;][vc_column][vc_custom_heading text=&#8221;Easy &#8216;ready to plant&#8217; garlic&#8221; use_theme_fonts=&#8221;yes&#8221;][\/vc_column][\/vc_row][vc_row equal_height=&#8221;yes&#8221; rtl_reverse=&#8221;yes&#8221; content_placement=&#8221;top&#8221; css_animation=&#8221;none&#8221; css=&#8221;.vc_custom_1567671797449{background-color: #f6f6f6 !important;}&#8221;][vc_column width=&#8221;1\/2&#8243;][vc_custom_heading text=&#8221;Garlic is one of the easiest and most simple vegetables to grow!&#8221; [&hellip;]","og_url":"https:\/\/ail-echalote-certifie.org\/en\/planting-growing-harvesting-storing-garlic\/","og_site_name":"Le plant certifi\u00e9 d&#039;ail et d&#039;\u00e9chalote","article_modified_time":"2019-10-30T17:46:49+00:00","twitter_card":"summary_large_image","twitter_misc":{"Est. reading time":"7 minutes"},"schema":{"@context":"https:\/\/schema.org","@graph":[{"@type":"WebPage","@id":"https:\/\/ail-echalote-certifie.org\/en\/planting-growing-harvesting-storing-garlic\/","url":"https:\/\/ail-echalote-certifie.org\/en\/planting-growing-harvesting-storing-garlic\/","name":"How to plant, grow and harvest garlic? - Le plant certifi\u00e9 d&#039;ail et d&#039;\u00e9chalote","isPartOf":{"@id":"https:\/\/ail-echalote-certifie.org\/en\/#website"},"datePublished":"2019-08-20T09:31:28+00:00","dateModified":"2019-10-30T17:46:49+00:00","breadcrumb":{"@id":"https:\/\/ail-echalote-certifie.org\/en\/planting-growing-harvesting-storing-garlic\/#breadcrumb"},"inLanguage":"en-US","potentialAction":[{"@type":"ReadAction","target":["https:\/\/ail-echalote-certifie.org\/en\/planting-growing-harvesting-storing-garlic\/"]}]},{"@type":"BreadcrumbList","@id":"https:\/\/ail-echalote-certifie.org\/en\/planting-growing-harvesting-storing-garlic\/#breadcrumb","itemListElement":[{"@type":"ListItem","position":1,"name":"Accueil","item":"https:\/\/ail-echalote-certifie.org\/en\/"},{"@type":"ListItem","position":2,"name":"How to plant, grow and harvest garlic?"}]},{"@type":"WebSite","@id":"https:\/\/ail-echalote-certifie.org\/en\/#website","url":"https:\/\/ail-echalote-certifie.org\/en\/","name":"Le plant certifi\u00e9 d\u2019ail et d\u2019\u00e9chalote","description":"Avec le plant certifi\u00e9, vous mettez toutes les chances de votre c\u00f4t\u00e9 !","publisher":{"@id":"https:\/\/ail-echalote-certifie.org\/en\/#organization"},"potentialAction":[{"@type":"SearchAction","target":{"@type":"EntryPoint","urlTemplate":"https:\/\/ail-echalote-certifie.org\/en\/?s={search_term_string}"},"query-input":{"@type":"PropertyValueSpecification","valueRequired":true,"valueName":"search_term_string"}}],"inLanguage":"en-US"},{"@type":"Organization","@id":"https:\/\/ail-echalote-certifie.org\/en\/#organization","name":"Le plant certifi\u00e9 d\u2019ail et d\u2019\u00e9chalote","url":"https:\/\/ail-echalote-certifie.org\/en\/","logo":{"@type":"ImageObject","inLanguage":"en-US","@id":"https:\/\/ail-echalote-certifie.org\/en\/#\/schema\/logo\/image\/","url":"https:\/\/ail-echalote-certifie.org\/wp-content\/uploads\/2020\/12\/PROSEMAIL-RVB.png","contentUrl":"https:\/\/ail-echalote-certifie.org\/wp-content\/uploads\/2020\/12\/PROSEMAIL-RVB.png","width":219,"height":174,"caption":"Le plant certifi\u00e9 d\u2019ail et d\u2019\u00e9chalote"},"image":{"@id":"https:\/\/ail-echalote-certifie.org\/en\/#\/schema\/logo\/image\/"}}]}},"_links":{"self":[{"href":"https:\/\/ail-echalote-certifie.org\/en\/wp-json\/wp\/v2\/pages\/4568","targetHints":{"allow":["GET"]}}],"collection":[{"href":"https:\/\/ail-echalote-certifie.org\/en\/wp-json\/wp\/v2\/pages"}],"about":[{"href":"https:\/\/ail-echalote-certifie.org\/en\/wp-json\/wp\/v2\/types\/page"}],"author":[{"embeddable":true,"href":"https:\/\/ail-echalote-certifie.org\/en\/wp-json\/wp\/v2\/users\/3"}],"replies":[{"embeddable":true,"href":"https:\/\/ail-echalote-certifie.org\/en\/wp-json\/wp\/v2\/comments?post=4568"}],"version-history":[{"count":21,"href":"https:\/\/ail-echalote-certifie.org\/en\/wp-json\/wp\/v2\/pages\/4568\/revisions"}],"predecessor-version":[{"id":6558,"href":"https:\/\/ail-echalote-certifie.org\/en\/wp-json\/wp\/v2\/pages\/4568\/revisions\/6558"}],"wp:attachment":[{"href":"https:\/\/ail-echalote-certifie.org\/en\/wp-json\/wp\/v2\/media?parent=4568"}],"wp:term":[{"taxonomy":"category","embeddable":true,"href":"https:\/\/ail-echalote-certifie.org\/en\/wp-json\/wp\/v2\/categories?post=4568"}],"curies":[{"name":"wp","href":"https:\/\/api.w.org\/{rel}","templated":true}]}}