{"id":4561,"date":"2019-08-19T19:36:44","date_gmt":"2019-08-19T17:36:44","guid":{"rendered":"https:\/\/ail-echalote-certifie.org\/histoire-et-vertus-de-l-ail\/"},"modified":"2019-10-30T18:49:10","modified_gmt":"2019-10-30T17:49:10","slug":"history-health-benefits-garlic","status":"publish","type":"page","link":"https:\/\/ail-echalote-certifie.org\/en\/history-health-benefits-garlic\/","title":{"rendered":"History and health benefits of garlic"},"content":{"rendered":"<p>[vc_row equal_height=&#8221;yes&#8221; rtl_reverse=&#8221;yes&#8221; content_placement=&#8221;top&#8221; css_animation=&#8221;none&#8221; css=&#8221;.vc_custom_1567696254488{background-color: #f6f6f6 !important;}&#8221;][vc_column][vc_custom_heading text=&#8221;History of garlic&#8221; use_theme_fonts=&#8221;yes&#8221;][\/vc_column][\/vc_row][vc_row equal_height=&#8221;yes&#8221; rtl_reverse=&#8221;yes&#8221; content_placement=&#8221;top&#8221; css_animation=&#8221;none&#8221; css=&#8221;.vc_custom_1567696272630{background-color: #f6f6f6 !important;}&#8221;][vc_column width=&#8221;1\/2&#8243;][vc_column_text]<\/p>\n<p class=\"intro\"><strong>Garlic has been part of our diet for thousands of years. It is believed that garlic was first cultivated by Sumerians on the shores of the Mediterranean over 5,000 years ago. Other sources claim that it came from the eastern plains of the Caspian sea, from where it later spread to Asia. The most probable explanation is that garlic came from the plains of Kazakhstan and Uzbekistan, and spread from there to China, and later on to countries in the Mediterranean.<\/strong><\/p>\n<p>In Egypt, under the reign of the pharaohs, garlic was known for its nutritional properties. Herodotus, the Greek historian, claimed that the workers who built the pyramids received a daily ration of garlic to give them the strength they needed to accomplish their exhausting task. Garlic was in fact a sacred plant in those days. Cheops even had effigies of garlic engraved inside his tomb! Garlic was also used for mummification and as a remedy for snake bites, and even accompanied the dead on their last trip to the world beyond.<\/p>\n<p>The Greeks also believed in the healing properties of garlic. During the Olympic games, athletes would eat a clove of garlic to boost their physical performance.<\/p>\n<p>According to Virgil, garlic was used by Roman farmers as a food for strength. These farmers introduced the plant to Italy, France, Spain and even England.<\/p>\n<p>The Gauls also enjoyed garlic. Louis le Pieux, the son of Charlemagne, ordered that garlic be grown in the royal gardens. However, it wasn\u2019t until the reign of Henry IV (1553-1610) that garlic became a truly popular plant. When the royal baby was born, its grandfather rubbed its lips with a clove of garlic to protect it against the evil eye, and give the future king the power to lead the nation, thereby perpetuating an ancient tradition of the Bearn![\/vc_column_text][\/vc_column][vc_column width=&#8221;1\/2&#8243; css=&#8221;.vc_custom_1568887390291{background-position: center !important;background-repeat: no-repeat !important;background-size: cover !important;}&#8221;][vc_single_image image=&#8221;4554&#8243; img_size=&#8221;full&#8221; add_caption=&#8221;yes&#8221;]<div class=\"ult_exp_section_layer ult-adjust-bottom-margin  \" >\r\n\t<div id=\"uvc-exp-wrap-5622\"   data-ultimate-target='#uvc-exp-wrap-5622'  data-responsive-json-new='{\"font-size\":\"desktop:20px;\",\"line-height\":\"desktop:20px;\"}'  class=\"ult_exp_section  ult-responsive \" style=\"color:#333333;background-color:#dbdbdb; font-weight:normal;  text-align:center;\" data-textcolor=\"#333333\"data-texthover=\"#333333\"data-icncolor=\"#333333\"data-ihover=\"#333333\"data-height=\"0\"data-cntbg=\"#dbdbdb\"data-cnthvrbg=\"#e5e5e5\"data-headerbg=\"#dbdbdb\"data-headerhover=\"#e5e5e5\"data-title=\"+ Garlic and traditional beliefs\"data-newtitle=\"- Garlic and traditional beliefs\"data-icon=\"\"data-newicon=\"\"data-activeicon=\"#333333\"data-effect=\"slideToggle\"data-override=\"0\"data-activetitle=\"#f9b92b\"data-activebg=\"#ffffff\"data-img=\"\"data-newimg=\"\"><div  class=\"ult_exp_section-main \">\r\n\t\t\t\t\t<div class=\"ult_expheader\" >+ Garlic and traditional beliefs\r\n\t\t\t\t\t <\/div><\/div>\r\n\t\t\t\t<\/div><div class=\"ult_exp_content \" style=\"background-color:#ffffff;  \"><div class=\"ult_ecpsub_cont\" style=\" \" >[vc_column_text]<\/p>\n<p style=\"text-align: left;\"><span>In Mediterranean countries, people would hang up garlic and garlic braids to protect their homes. Harvested at the end of June, garlic was one of the traditional Midsummer Night herbs.<\/span><\/p>\n<p style=\"text-align: left;\">To this day many traditional festivals go on celebrating garlic. During these celebrations, garlic is braided in all sorts of fancy shapes.<\/p>\n<p>[\/vc_column_text]<\/div><\/div>\r\n\r\n\t\t\t<\/div>[\/vc_column][\/vc_row][vc_row][vc_column][vc_empty_space height=&#8221;5px&#8221;][\/vc_column][\/vc_row][vc_row equal_height=&#8221;yes&#8221; rtl_reverse=&#8221;yes&#8221; content_placement=&#8221;top&#8221; css_animation=&#8221;none&#8221; css=&#8221;.vc_custom_1567698678706{background-color: #f6f6f6 !important;}&#8221;][vc_column][vc_custom_heading text=&#8221;Medicinal and dietetic properties of garlic&#8221; use_theme_fonts=&#8221;yes&#8221;][\/vc_column][\/vc_row][vc_row equal_height=&#8221;yes&#8221; content_placement=&#8221;top&#8221; css_animation=&#8221;none&#8221; css=&#8221;.vc_custom_1567696816328{background-color: #f6f6f6 !important;}&#8221;][vc_column width=&#8221;1\/2&#8243;][vc_column_text]<\/p>\n<p class=\"intro\"><strong>As early as 850 years B.C., Homer claimed that garlic had medicinal properties. Hippocrates, Aristophanes and Aristotle also praised the health benefits of garlic, the symbol of physical strength. The truth is that garlic is a genuine medicinal food which combines therapeutic and nutritional properties.<\/strong><\/p>\n<p>Garlic has been considered a universal remedy ever since Antiquity. In fact, garlic offers a wide range of medicinal properties which have been scientifically verified: antiseptic, bactericidal, depurative, diuretic, worming, anticancer, antipyretic, aphrodisiac, hypotensive, etc.<\/p>\n<p>When fresh garlic is peeled and crushed it releases allicin which has antibiotic properties, and ajoene which has anticoagulant properties. This is why garlic was used as a prophylactic treatment for many infectious diseases: dysentery, typhoid fever, cholera, plague, diphtheria\u2026<\/p>\n<p>During the great plague of Marseille in 1762, four thieves &#8211; which had been arrested for looting &#8211; were granted pardon in exchange for revealing the secret of their immunity to the disease: a potion made with garlic, which became known as the \u2018Vinaigre des 4 voleurs\u2019 !<\/p>\n<p>Garlic helps fight hypertension by dilating small capillaries. It also has anthelmintic properties, and gets rid of intestinal parasites. Finally, allicin inhibits tumours, hence its alleged anti-cancerous properties.[\/vc_column_text][\/vc_column][vc_column width=&#8221;1\/2&#8243; css=&#8221;.vc_custom_1568887414476{margin-bottom: -50px !important;padding-bottom: -50px !important;}&#8221;][vc_single_image image=&#8221;6079&#8243; img_size=&#8221;full&#8221; add_caption=&#8221;yes&#8221;][\/vc_column][\/vc_row][vc_row css=&#8221;.vc_custom_1567698636016{background-color: #f6f6f6 !important;}&#8221;][vc_column][vc_custom_heading text=&#8221;Four simple remedies&#8221; font_container=&#8221;tag:h3|text_align:left&#8221; use_theme_fonts=&#8221;yes&#8221;]<div class=\"ult_exp_section_layer ult-adjust-bottom-margin  \" >\r\n\t<div id=\"uvc-exp-wrap-7035\"   data-ultimate-target='#uvc-exp-wrap-7035'  data-responsive-json-new='{\"font-size\":\"desktop:20px;\",\"line-height\":\"desktop:20px;\"}'  class=\"ult_exp_section  ult-responsive \" style=\"color:#333333;background-color:#dbdbdb; font-weight:normal;  text-align:center;\" data-textcolor=\"#333333\"data-texthover=\"#333333\"data-icncolor=\"#333333\"data-ihover=\"#333333\"data-height=\"0\"data-cntbg=\"#dbdbdb\"data-cnthvrbg=\"#e5e5e5\"data-headerbg=\"#dbdbdb\"data-headerhover=\"#e5e5e5\"data-title=\"+ For a sore throat\"data-newtitle=\"- For a sore throat\"data-icon=\"\"data-newicon=\"\"data-activeicon=\"#333333\"data-effect=\"slideToggle\"data-override=\"0\"data-activetitle=\"#f9b92b\"data-activebg=\"#ffffff\"data-img=\"\"data-newimg=\"\"><div  class=\"ult_exp_section-main \">\r\n\t\t\t\t\t<div class=\"ult_expheader\" >+ For a sore throat\r\n\t\t\t\t\t <\/div><\/div>\r\n\t\t\t\t<\/div><div class=\"ult_exp_content \" style=\"background-color:#ffffff;  \"><div class=\"ult_ecpsub_cont\" style=\" \" >[vc_column_text]<\/p>\n<p style=\"text-align: left;\">Mix 30 cl of apple cider vinegar with a tablespoon of Carum Carvi (a herb) and a tablespoon of fennel seeds. Bring to a boil, add 50g chopped raw garlic and leave to cook on a low flame for 5 minutes.<\/p>\n<p style=\"text-align: left;\">Filter and mix with 250g of honey. Bring to a boil and leave to cook on a high flame for 5 minutes. Leave to go cool and pour into a bottle or flask.<\/p>\n<p style=\"text-align: left;\">For a sore throat and coughing: adult, 1 tablespoon every two hours. Children, 1 teaspoon every two hours.<\/p>\n<p>[\/vc_column_text]<\/div><\/div>\r\n\r\n\t\t\t<\/div><div class=\"ult_exp_section_layer ult-adjust-bottom-margin  \" >\r\n\t<div id=\"uvc-exp-wrap-6026\"   data-ultimate-target='#uvc-exp-wrap-6026'  data-responsive-json-new='{\"font-size\":\"desktop:20px;\",\"line-height\":\"desktop:20px;\"}'  class=\"ult_exp_section  ult-responsive \" style=\"color:#333333;background-color:#dbdbdb; font-weight:normal;  text-align:center;\" data-textcolor=\"#333333\"data-texthover=\"#333333\"data-icncolor=\"#333333\"data-ihover=\"#333333\"data-height=\"0\"data-cntbg=\"#dbdbdb\"data-cnthvrbg=\"#e5e5e5\"data-headerbg=\"#dbdbdb\"data-headerhover=\"#e5e5e5\"data-title=\"+ For insect bites (mosquito bites, ants)\"data-newtitle=\"- For insect bites (mosquito bites, ants)\"data-icon=\"\"data-newicon=\"\"data-activeicon=\"#333333\"data-effect=\"slideToggle\"data-override=\"0\"data-activetitle=\"#f9b92b\"data-activebg=\"#ffffff\"data-img=\"\"data-newimg=\"\"><div  class=\"ult_exp_section-main \">\r\n\t\t\t\t\t<div class=\"ult_expheader\" >+ For insect bites (mosquito bites, ants)\r\n\t\t\t\t\t <\/div><\/div>\r\n\t\t\t\t<\/div><div class=\"ult_exp_content \" style=\"background-color:#ffffff;  \"><div class=\"ult_ecpsub_cont\" style=\" \" >[vc_column_text]<\/p>\n<p style=\"text-align: left;\"><span>Cut a garlic clove in half and rub onto the bite\/sting.<\/span><\/p>\n<p>[\/vc_column_text]<\/div><\/div>\r\n\r\n\t\t\t<\/div><div class=\"ult_exp_section_layer ult-adjust-bottom-margin  \" >\r\n\t<div id=\"uvc-exp-wrap-6951\"   data-ultimate-target='#uvc-exp-wrap-6951'  data-responsive-json-new='{\"font-size\":\"desktop:20px;\",\"line-height\":\"desktop:20px;\"}'  class=\"ult_exp_section  ult-responsive \" style=\"color:#333333;background-color:#dbdbdb; font-weight:normal;  text-align:center;\" data-textcolor=\"#333333\"data-texthover=\"#333333\"data-icncolor=\"#333333\"data-ihover=\"#333333\"data-height=\"0\"data-cntbg=\"#dbdbdb\"data-cnthvrbg=\"#e5e5e5\"data-headerbg=\"#dbdbdb\"data-headerhover=\"#e5e5e5\"data-title=\"+ For pain tied to rheumatism and sprains\"data-newtitle=\"- For pain tied to rheumatism and sprains\"data-icon=\"\"data-newicon=\"\"data-activeicon=\"#333333\"data-effect=\"slideToggle\"data-override=\"0\"data-activetitle=\"#f9b92b\"data-activebg=\"#ffffff\"data-img=\"\"data-newimg=\"\"><div  class=\"ult_exp_section-main \">\r\n\t\t\t\t\t<div class=\"ult_expheader\" >+ For pain tied to rheumatism and sprains\r\n\t\t\t\t\t <\/div><\/div>\r\n\t\t\t\t<\/div><div class=\"ult_exp_content \" style=\"background-color:#ffffff;  \"><div class=\"ult_ecpsub_cont\" style=\" \" >[vc_column_text]<\/p>\n<p style=\"text-align: left;\"><span>Introduce 25 cl of good quality oil (olive or wheat germ) into a bottle and add 4 crushed garlic cloves.<\/span><\/p>\n<p style=\"text-align: left;\"><span>Seal the bottle and store for a week in a warm place.<\/span><\/p>\n<p style=\"text-align: left;\"><span>Filter and rub the lotion once a day onto the painful area.<\/span><\/p>\n<p>[\/vc_column_text]<\/div><\/div>\r\n\r\n\t\t\t<\/div><div class=\"ult_exp_section_layer ult-adjust-bottom-margin  \" >\r\n\t<div id=\"uvc-exp-wrap-5476\"   data-ultimate-target='#uvc-exp-wrap-5476'  data-responsive-json-new='{\"font-size\":\"desktop:20px;\",\"line-height\":\"desktop:20px;\"}'  class=\"ult_exp_section  ult-responsive \" style=\"color:#333333;background-color:#dbdbdb; font-weight:normal;  text-align:center;\" data-textcolor=\"#333333\"data-texthover=\"#333333\"data-icncolor=\"#333333\"data-ihover=\"#333333\"data-height=\"0\"data-cntbg=\"#dbdbdb\"data-cnthvrbg=\"#e5e5e5\"data-headerbg=\"#dbdbdb\"data-headerhover=\"#e5e5e5\"data-title=\"+ For a cold\"data-newtitle=\"- For a cold\"data-icon=\"\"data-newicon=\"\"data-activeicon=\"#333333\"data-effect=\"slideToggle\"data-override=\"0\"data-activetitle=\"#f9b92b\"data-activebg=\"#ffffff\"data-img=\"\"data-newimg=\"\"><div  class=\"ult_exp_section-main \">\r\n\t\t\t\t\t<div class=\"ult_expheader\" >+ For a cold\r\n\t\t\t\t\t <\/div><\/div>\r\n\t\t\t\t<\/div><div class=\"ult_exp_content \" style=\"background-color:#ffffff;  \"><div class=\"ult_ecpsub_cont\" style=\" \" >[vc_column_text]<\/p>\n<p style=\"text-align: left;\"><span>Crush a garlic clove and inhale several times a day.<\/span><\/p>\n<p>[\/vc_column_text]<\/div><\/div>\r\n\r\n\t\t\t<\/div>[vc_column_text]<span>Please consult the following sites:\u00a0<\/span><a style=\"color: #f9b92b;\" href=\"http:\/\/www.passeportsante.net\/fr\/Nutrition\/EncyclopedieAliments\/Fiche.aspx?doc=ail_nu\" target=\"_blanck\" rel=\"noopener noreferrer\">Passeport Sant\u00e9<\/a><span>\u00a0and\u00a0<\/span><a style=\"color: #f9b92b;\" href=\"http:\/\/www.phytomania.com\/ail.htm\" target=\"_blanck\" rel=\"noopener noreferrer\">Phytomania<\/a><span>\u00a0for more information on the therapeutic and health benefits of garlic\u2026<\/span>[\/vc_column_text][\/vc_column][\/vc_row][vc_row][vc_column][vc_btn title=&#8221;How to plant, grow and harvest garlic?&#8221; color=&#8221;juicy-pink&#8221; align=&#8221;center&#8221; link=&#8221;url:https%3A%2F%2Fail-echalote-certifie.org%2Fen%2Fplanting-growing-harvesting-storing-garlic%2F|title:Planting%2C%20Growing%2C%20Harvesting%2C%20Storing%20Garlic||&#8221; el_class=&#8221;btn-toutes-varietes-ail&#8221; css=&#8221;.vc_custom_1572457804973{border-radius: 35px !important;}&#8221;][\/vc_column][\/vc_row]<\/p>\n","protected":false},"excerpt":{"rendered":"<p>[vc_row equal_height=&#8221;yes&#8221; rtl_reverse=&#8221;yes&#8221; content_placement=&#8221;top&#8221; css_animation=&#8221;none&#8221; css=&#8221;.vc_custom_1567696254488{background-color: #f6f6f6 !important;}&#8221;][vc_column][vc_custom_heading text=&#8221;History of garlic&#8221; use_theme_fonts=&#8221;yes&#8221;][\/vc_column][\/vc_row][vc_row equal_height=&#8221;yes&#8221; rtl_reverse=&#8221;yes&#8221; content_placement=&#8221;top&#8221; css_animation=&#8221;none&#8221; css=&#8221;.vc_custom_1567696272630{background-color: #f6f6f6 !important;}&#8221;][vc_column width=&#8221;1\/2&#8243;][vc_column_text] Garlic has been part of our diet for thousands of [&hellip;]<\/p>\n","protected":false},"author":3,"featured_media":0,"parent":0,"menu_order":0,"comment_status":"closed","ping_status":"closed","template":"","meta":{"_acf_changed":false,"footnotes":""},"categories":[],"class_list":["post-4561","page","type-page","status-publish","hentry"],"acf":[],"yoast_head":"<!-- This site is optimized with the Yoast SEO plugin v27.5 - https:\/\/yoast.com\/product\/yoast-seo-wordpress\/ -->\n<title>History and health benefits of garlic - Le plant certifi\u00e9 d&#039;ail et d&#039;\u00e9chalote<\/title>\n<meta name=\"robots\" content=\"index, follow, max-snippet:-1, max-image-preview:large, max-video-preview:-1\" \/>\n<link rel=\"canonical\" href=\"https:\/\/ail-echalote-certifie.org\/en\/history-health-benefits-garlic\/\" \/>\n<meta property=\"og:locale\" content=\"en_US\" \/>\n<meta property=\"og:type\" content=\"article\" \/>\n<meta property=\"og:title\" content=\"History and health benefits of garlic - Le plant certifi\u00e9 d&#039;ail et d&#039;\u00e9chalote\" \/>\n<meta property=\"og:description\" content=\"[vc_row equal_height=&#8221;yes&#8221; rtl_reverse=&#8221;yes&#8221; content_placement=&#8221;top&#8221; css_animation=&#8221;none&#8221; css=&#8221;.vc_custom_1567696254488{background-color: #f6f6f6 !important;}&#8221;][vc_column][vc_custom_heading text=&#8221;History of garlic&#8221; use_theme_fonts=&#8221;yes&#8221;][\/vc_column][\/vc_row][vc_row equal_height=&#8221;yes&#8221; rtl_reverse=&#8221;yes&#8221; content_placement=&#8221;top&#8221; css_animation=&#8221;none&#8221; css=&#8221;.vc_custom_1567696272630{background-color: #f6f6f6 !important;}&#8221;][vc_column width=&#8221;1\/2&#8243;][vc_column_text] Garlic has been part of our diet for thousands of [&hellip;]\" \/>\n<meta property=\"og:url\" content=\"https:\/\/ail-echalote-certifie.org\/en\/history-health-benefits-garlic\/\" \/>\n<meta property=\"og:site_name\" content=\"Le plant certifi\u00e9 d&#039;ail et d&#039;\u00e9chalote\" \/>\n<meta property=\"article:modified_time\" content=\"2019-10-30T17:49:10+00:00\" \/>\n<meta name=\"twitter:card\" content=\"summary_large_image\" \/>\n<meta name=\"twitter:label1\" content=\"Est. reading time\" \/>\n\t<meta name=\"twitter:data1\" content=\"6 minutes\" \/>\n<script type=\"application\/ld+json\" class=\"yoast-schema-graph\">{\"@context\":\"https:\\\/\\\/schema.org\",\"@graph\":[{\"@type\":\"WebPage\",\"@id\":\"https:\\\/\\\/ail-echalote-certifie.org\\\/en\\\/history-health-benefits-garlic\\\/\",\"url\":\"https:\\\/\\\/ail-echalote-certifie.org\\\/en\\\/history-health-benefits-garlic\\\/\",\"name\":\"History and health benefits of garlic - Le plant certifi\u00e9 d&#039;ail et d&#039;\u00e9chalote\",\"isPartOf\":{\"@id\":\"https:\\\/\\\/ail-echalote-certifie.org\\\/en\\\/#website\"},\"datePublished\":\"2019-08-19T17:36:44+00:00\",\"dateModified\":\"2019-10-30T17:49:10+00:00\",\"breadcrumb\":{\"@id\":\"https:\\\/\\\/ail-echalote-certifie.org\\\/en\\\/history-health-benefits-garlic\\\/#breadcrumb\"},\"inLanguage\":\"en-US\",\"potentialAction\":[{\"@type\":\"ReadAction\",\"target\":[\"https:\\\/\\\/ail-echalote-certifie.org\\\/en\\\/history-health-benefits-garlic\\\/\"]}]},{\"@type\":\"BreadcrumbList\",\"@id\":\"https:\\\/\\\/ail-echalote-certifie.org\\\/en\\\/history-health-benefits-garlic\\\/#breadcrumb\",\"itemListElement\":[{\"@type\":\"ListItem\",\"position\":1,\"name\":\"Accueil\",\"item\":\"https:\\\/\\\/ail-echalote-certifie.org\\\/en\\\/\"},{\"@type\":\"ListItem\",\"position\":2,\"name\":\"History and health benefits of garlic\"}]},{\"@type\":\"WebSite\",\"@id\":\"https:\\\/\\\/ail-echalote-certifie.org\\\/en\\\/#website\",\"url\":\"https:\\\/\\\/ail-echalote-certifie.org\\\/en\\\/\",\"name\":\"Le plant certifi\u00e9 d\u2019ail et d\u2019\u00e9chalote\",\"description\":\"Avec le plant certifi\u00e9, vous mettez toutes les chances de votre c\u00f4t\u00e9 !\",\"publisher\":{\"@id\":\"https:\\\/\\\/ail-echalote-certifie.org\\\/en\\\/#organization\"},\"potentialAction\":[{\"@type\":\"SearchAction\",\"target\":{\"@type\":\"EntryPoint\",\"urlTemplate\":\"https:\\\/\\\/ail-echalote-certifie.org\\\/en\\\/?s={search_term_string}\"},\"query-input\":{\"@type\":\"PropertyValueSpecification\",\"valueRequired\":true,\"valueName\":\"search_term_string\"}}],\"inLanguage\":\"en-US\"},{\"@type\":\"Organization\",\"@id\":\"https:\\\/\\\/ail-echalote-certifie.org\\\/en\\\/#organization\",\"name\":\"Le plant certifi\u00e9 d\u2019ail et d\u2019\u00e9chalote\",\"url\":\"https:\\\/\\\/ail-echalote-certifie.org\\\/en\\\/\",\"logo\":{\"@type\":\"ImageObject\",\"inLanguage\":\"en-US\",\"@id\":\"https:\\\/\\\/ail-echalote-certifie.org\\\/en\\\/#\\\/schema\\\/logo\\\/image\\\/\",\"url\":\"https:\\\/\\\/ail-echalote-certifie.org\\\/wp-content\\\/uploads\\\/2020\\\/12\\\/PROSEMAIL-RVB.png\",\"contentUrl\":\"https:\\\/\\\/ail-echalote-certifie.org\\\/wp-content\\\/uploads\\\/2020\\\/12\\\/PROSEMAIL-RVB.png\",\"width\":219,\"height\":174,\"caption\":\"Le plant certifi\u00e9 d\u2019ail et d\u2019\u00e9chalote\"},\"image\":{\"@id\":\"https:\\\/\\\/ail-echalote-certifie.org\\\/en\\\/#\\\/schema\\\/logo\\\/image\\\/\"}}]}<\/script>\n<!-- \/ Yoast SEO plugin. -->","yoast_head_json":{"title":"History and health benefits of garlic - Le plant certifi\u00e9 d&#039;ail et d&#039;\u00e9chalote","robots":{"index":"index","follow":"follow","max-snippet":"max-snippet:-1","max-image-preview":"max-image-preview:large","max-video-preview":"max-video-preview:-1"},"canonical":"https:\/\/ail-echalote-certifie.org\/en\/history-health-benefits-garlic\/","og_locale":"en_US","og_type":"article","og_title":"History and health benefits of garlic - Le plant certifi\u00e9 d&#039;ail et d&#039;\u00e9chalote","og_description":"[vc_row equal_height=&#8221;yes&#8221; rtl_reverse=&#8221;yes&#8221; content_placement=&#8221;top&#8221; css_animation=&#8221;none&#8221; css=&#8221;.vc_custom_1567696254488{background-color: #f6f6f6 !important;}&#8221;][vc_column][vc_custom_heading text=&#8221;History of garlic&#8221; use_theme_fonts=&#8221;yes&#8221;][\/vc_column][\/vc_row][vc_row equal_height=&#8221;yes&#8221; rtl_reverse=&#8221;yes&#8221; content_placement=&#8221;top&#8221; css_animation=&#8221;none&#8221; css=&#8221;.vc_custom_1567696272630{background-color: #f6f6f6 !important;}&#8221;][vc_column width=&#8221;1\/2&#8243;][vc_column_text] Garlic has been part of our diet for thousands of [&hellip;]","og_url":"https:\/\/ail-echalote-certifie.org\/en\/history-health-benefits-garlic\/","og_site_name":"Le plant certifi\u00e9 d&#039;ail et d&#039;\u00e9chalote","article_modified_time":"2019-10-30T17:49:10+00:00","twitter_card":"summary_large_image","twitter_misc":{"Est. reading time":"6 minutes"},"schema":{"@context":"https:\/\/schema.org","@graph":[{"@type":"WebPage","@id":"https:\/\/ail-echalote-certifie.org\/en\/history-health-benefits-garlic\/","url":"https:\/\/ail-echalote-certifie.org\/en\/history-health-benefits-garlic\/","name":"History and health benefits of garlic - Le plant certifi\u00e9 d&#039;ail et d&#039;\u00e9chalote","isPartOf":{"@id":"https:\/\/ail-echalote-certifie.org\/en\/#website"},"datePublished":"2019-08-19T17:36:44+00:00","dateModified":"2019-10-30T17:49:10+00:00","breadcrumb":{"@id":"https:\/\/ail-echalote-certifie.org\/en\/history-health-benefits-garlic\/#breadcrumb"},"inLanguage":"en-US","potentialAction":[{"@type":"ReadAction","target":["https:\/\/ail-echalote-certifie.org\/en\/history-health-benefits-garlic\/"]}]},{"@type":"BreadcrumbList","@id":"https:\/\/ail-echalote-certifie.org\/en\/history-health-benefits-garlic\/#breadcrumb","itemListElement":[{"@type":"ListItem","position":1,"name":"Accueil","item":"https:\/\/ail-echalote-certifie.org\/en\/"},{"@type":"ListItem","position":2,"name":"History and health benefits of garlic"}]},{"@type":"WebSite","@id":"https:\/\/ail-echalote-certifie.org\/en\/#website","url":"https:\/\/ail-echalote-certifie.org\/en\/","name":"Le plant certifi\u00e9 d\u2019ail et d\u2019\u00e9chalote","description":"Avec le plant certifi\u00e9, vous mettez toutes les chances de votre c\u00f4t\u00e9 !","publisher":{"@id":"https:\/\/ail-echalote-certifie.org\/en\/#organization"},"potentialAction":[{"@type":"SearchAction","target":{"@type":"EntryPoint","urlTemplate":"https:\/\/ail-echalote-certifie.org\/en\/?s={search_term_string}"},"query-input":{"@type":"PropertyValueSpecification","valueRequired":true,"valueName":"search_term_string"}}],"inLanguage":"en-US"},{"@type":"Organization","@id":"https:\/\/ail-echalote-certifie.org\/en\/#organization","name":"Le plant certifi\u00e9 d\u2019ail et d\u2019\u00e9chalote","url":"https:\/\/ail-echalote-certifie.org\/en\/","logo":{"@type":"ImageObject","inLanguage":"en-US","@id":"https:\/\/ail-echalote-certifie.org\/en\/#\/schema\/logo\/image\/","url":"https:\/\/ail-echalote-certifie.org\/wp-content\/uploads\/2020\/12\/PROSEMAIL-RVB.png","contentUrl":"https:\/\/ail-echalote-certifie.org\/wp-content\/uploads\/2020\/12\/PROSEMAIL-RVB.png","width":219,"height":174,"caption":"Le plant certifi\u00e9 d\u2019ail et d\u2019\u00e9chalote"},"image":{"@id":"https:\/\/ail-echalote-certifie.org\/en\/#\/schema\/logo\/image\/"}}]}},"_links":{"self":[{"href":"https:\/\/ail-echalote-certifie.org\/en\/wp-json\/wp\/v2\/pages\/4561","targetHints":{"allow":["GET"]}}],"collection":[{"href":"https:\/\/ail-echalote-certifie.org\/en\/wp-json\/wp\/v2\/pages"}],"about":[{"href":"https:\/\/ail-echalote-certifie.org\/en\/wp-json\/wp\/v2\/types\/page"}],"author":[{"embeddable":true,"href":"https:\/\/ail-echalote-certifie.org\/en\/wp-json\/wp\/v2\/users\/3"}],"replies":[{"embeddable":true,"href":"https:\/\/ail-echalote-certifie.org\/en\/wp-json\/wp\/v2\/comments?post=4561"}],"version-history":[{"count":12,"href":"https:\/\/ail-echalote-certifie.org\/en\/wp-json\/wp\/v2\/pages\/4561\/revisions"}],"predecessor-version":[{"id":6562,"href":"https:\/\/ail-echalote-certifie.org\/en\/wp-json\/wp\/v2\/pages\/4561\/revisions\/6562"}],"wp:attachment":[{"href":"https:\/\/ail-echalote-certifie.org\/en\/wp-json\/wp\/v2\/media?parent=4561"}],"wp:term":[{"taxonomy":"category","embeddable":true,"href":"https:\/\/ail-echalote-certifie.org\/en\/wp-json\/wp\/v2\/categories?post=4561"}],"curies":[{"name":"wp","href":"https:\/\/api.w.org\/{rel}","templated":true}]}}