{"id":4402,"date":"2019-07-08T08:37:29","date_gmt":"2019-07-08T06:37:29","guid":{"rendered":"https:\/\/ail-echalote-certifie.org\/cultiver-recolter-conserver-lechalote\/"},"modified":"2019-10-30T18:41:36","modified_gmt":"2019-10-30T17:41:36","slug":"planting-growing-harvesting-storing-shallot","status":"publish","type":"page","link":"https:\/\/ail-echalote-certifie.org\/en\/planting-growing-harvesting-storing-shallot\/","title":{"rendered":"How to plant, grow and harvest shallot?"},"content":{"rendered":"<p>[vc_row css=&#8221;.vc_custom_1567687345301{background-color: #f6f6f6 !important;}&#8221;][vc_column][vc_custom_heading text=&#8221;<strong><em> Shallots are one of the easiest and most simple vegetable to grow!<\/em><\/strong>&#8221; font_container=&#8221;tag:div|font_size:18|text_align:center&#8221; use_theme_fonts=&#8221;yes&#8221;][\/vc_column][\/vc_row][vc_row css=&#8221;.vc_custom_1567686868811{background-color: #f6f6f6 !important;}&#8221;][vc_column width=&#8221;1\/4&#8243;][\/vc_column][vc_column width=&#8221;1\/2&#8243;][vc_video link=&#8221;https:\/\/youtu.be\/WMy61tM0qOw&#8221; align=&#8221;center&#8221;][\/vc_column][vc_column width=&#8221;1\/4&#8243;][\/vc_column][\/vc_row][vc_row][vc_column][vc_empty_space height=&#8221;5px&#8221;][\/vc_column][\/vc_row][vc_row css=&#8221;.vc_custom_1567687543406{background-color: #f6f6f6 !important;}&#8221;][vc_column][vc_custom_heading text=&#8221;Step-by-step instructions for growing shallots&#8221; use_theme_fonts=&#8221;yes&#8221;][\/vc_column][\/vc_row][vc_row equal_height=&#8221;yes&#8221; rtl_reverse=&#8221;yes&#8221; content_placement=&#8221;top&#8221; css_animation=&#8221;none&#8221; css=&#8221;.vc_custom_1567687738500{background-color: #f6f6f6 !important;}&#8221;][vc_column width=&#8221;1\/2&#8243;][vc_column_text]<\/p>\n<h3>Soil<\/h3>\n<p><span>Shallot plants fare best in light sandy soil, and do poorly in heavy damp soil. For clay soil, plant in raised beds in order to facilitate surface water drainage.<\/span><\/p>\n<h3>Fertilization<\/h3>\n<p><span>In well-kept vegetable gardens, shallots grow well in soil containing the remains of fertilizers used for previous crops. Avoid spreading manure just before planting. If organic fertilizers have been applied to soil, wait 5 to 6 months before planting shallots.<\/span>[\/vc_column_text][\/vc_column][vc_column width=&#8221;1\/2&#8243; css=&#8221;.vc_custom_1568895394239{background-position: center !important;background-repeat: no-repeat !important;background-size: cover !important;}&#8221;][vc_single_image image=&#8221;6088&#8243; img_size=&#8221;full&#8221; add_caption=&#8221;yes&#8221;][\/vc_column][\/vc_row][vc_row equal_height=&#8221;yes&#8221; rtl_reverse=&#8221;yes&#8221; content_placement=&#8221;top&#8221; css_animation=&#8221;none&#8221; css=&#8221;.vc_custom_1567687738500{background-color: #f6f6f6 !important;}&#8221;][vc_column width=&#8221;1\/2&#8243; css=&#8221;.vc_custom_1568895406175{background-position: center !important;background-repeat: no-repeat !important;background-size: cover !important;}&#8221;][vc_single_image image=&#8221;4405&#8243; img_size=&#8221;full&#8221; add_caption=&#8221;yes&#8221;][\/vc_column][vc_column width=&#8221;1\/2&#8243;][vc_column_text]<\/p>\n<h3>Planting<\/h3>\n<p><span>Choose a spot that has not been cultivated with plants belonging to the\u00a0<\/span><i>Allium<\/i><span>\u00a0family (garlic, onion, leek) in the last 3 to 5\u00a0years. Plant bulbs so the tip is just showing, and firm the soil around them. Depending on size, plant 12-20\u00a0cm apart in rows 25-40\u00a0cm apart.<\/span>[\/vc_column_text][\/vc_column][\/vc_row][vc_row equal_height=&#8221;yes&#8221; rtl_reverse=&#8221;yes&#8221; content_placement=&#8221;top&#8221; css_animation=&#8221;none&#8221; css=&#8221;.vc_custom_1567687738500{background-color: #f6f6f6 !important;}&#8221;][vc_column width=&#8221;1\/2&#8243;][vc_column_text]<\/p>\n<h3>Caring for plants<\/h3>\n<p><span>shallots are very ecological. Hoeing the soil around the bulbs on a regular basis without damaging them is enough to keep plants healthy. During prolonged periods of dry weather, watering the soil during the formation of bulbs is enough to keep the plants growing well. Using certified plants is a good way of preventing the spread of diseases (viruses, rot, nematodes), plus certified shallots rarely require chemical treatments against diseases.<\/span>[\/vc_column_text][\/vc_column][vc_column width=&#8221;1\/2&#8243; css=&#8221;.vc_custom_1568895427816{background-position: center !important;background-repeat: no-repeat !important;background-size: cover !important;}&#8221;][vc_single_image image=&#8221;4407&#8243; img_size=&#8221;full&#8221; add_caption=&#8221;yes&#8221;][\/vc_column][\/vc_row][vc_row][vc_column][vc_empty_space height=&#8221;5px&#8221;][\/vc_column][\/vc_row][vc_row css=&#8221;.vc_custom_1567687543406{background-color: #f6f6f6 !important;}&#8221;][vc_column][vc_custom_heading text=&#8221;The harvest of shallots&#8221; use_theme_fonts=&#8221;yes&#8221;][\/vc_column][\/vc_row][vc_row equal_height=&#8221;yes&#8221; content_placement=&#8221;top&#8221; css_animation=&#8221;none&#8221; css=&#8221;.vc_custom_1567687864024{background-color: #f6f6f6 !important;}&#8221;][vc_column width=&#8221;1\/2&#8243;][vc_single_image image=&#8221;4409&#8243; img_size=&#8221;full&#8221; add_caption=&#8221;yes&#8221;][\/vc_column][vc_column width=&#8221;1\/2&#8243;][vc_column_text]<span>Shallots can be harvested for use as green onions, or after the tops have died down as dry bulbs which are used in the same way as garlic or onions.<\/span><\/p>\n<p><strong>For use as green onions<\/strong><\/p>\n<p><span>Harvest plants as needed as soon as the bulb is formed. Certified shallots are entirely edible (leaves + bulb) when harvested for use as green onions.<\/span><\/p>\n<p><strong>Shallots harvested as dry bulbs<\/strong><\/p>\n<p><span>Harvest plants when tops have died down (half or two-thirds) and leave bulbs to dry in the sun for 2 to 3 days.<\/span>[\/vc_column_text][\/vc_column][\/vc_row][vc_row][vc_column][vc_empty_space height=&#8221;5px&#8221;][\/vc_column][\/vc_row][vc_row css=&#8221;.vc_custom_1567687543406{background-color: #f6f6f6 !important;}&#8221;][vc_column][vc_custom_heading text=&#8221;Shallot planting and harvesting calendar&#8221; use_theme_fonts=&#8221;yes&#8221;][\/vc_column][\/vc_row][vc_row equal_height=&#8221;yes&#8221; content_placement=&#8221;top&#8221; css_animation=&#8221;none&#8221; css=&#8221;.vc_custom_1567688218586{background-color: #f6f6f6 !important;}&#8221;][vc_column width=&#8221;1\/6&#8243;][\/vc_column][vc_column width=&#8221;2\/3&#8243;][vc_single_image image=&#8221;3025&#8243; img_size=&#8221;full&#8221; add_caption=&#8221;yes&#8221; alignment=&#8221;center&#8221;][\/vc_column][vc_column width=&#8221;1\/6&#8243;][\/vc_column][\/vc_row][vc_row][vc_column][vc_empty_space height=&#8221;5px&#8221;][\/vc_column][\/vc_row][vc_row css=&#8221;.vc_custom_1567687543406{background-color: #f6f6f6 !important;}&#8221;][vc_column][vc_custom_heading text=&#8221;Storing shallots&#8221; use_theme_fonts=&#8221;yes&#8221;][\/vc_column][\/vc_row][vc_row equal_height=&#8221;yes&#8221; rtl_reverse=&#8221;yes&#8221; content_placement=&#8221;top&#8221; css_animation=&#8221;none&#8221; css=&#8221;.vc_custom_1567688295445{background-color: #f6f6f6 !important;}&#8221;][vc_column width=&#8221;1\/2&#8243;][vc_column_text]<span>Store shallots in bunches, crates or braids (like garlic) in a dry ventilated room. Grey shallots can be stored up until December and pink shallots up until April-May.<\/span><\/p>\n<p class=\"intro\">Shallots keep well in a cool room.<\/p>\n<p><span>Shallot braids are a warm homely decoration for kitchens and dining rooms. Certified shallot plants with their larger and smoother bulbs are both a feast for the eye and the palate!<\/span><\/p>\n<p><span>Shop-bought shallots have sometimes been refrigerated: in which case they will rapidly start germinating, leaving only a flat empty bulb. This is not the case for home-grown certified shallots, which keep very well.<\/span>[\/vc_column_text][\/vc_column][vc_column width=&#8221;1\/2&#8243; css=&#8221;.vc_custom_1568895547860{background-position: center !important;background-repeat: no-repeat !important;background-size: cover !important;}&#8221;][vc_single_image image=&#8221;4413&#8243; img_size=&#8221;full&#8221; add_caption=&#8221;yes&#8221;][\/vc_column][\/vc_row][vc_row][vc_column][vc_btn title=&#8221;How to cook shallot?&#8221; color=&#8221;juicy-pink&#8221; align=&#8221;center&#8221; link=&#8221;url:https%3A%2F%2Fail-echalote-certifie.org%2Fen%2Fshallot-cooking-recipes%2F|title:Shallot%20Cooking%20Recipes||&#8221; el_class=&#8221;btn-toutes-varietes-echalotes&#8221; css=&#8221;.vc_custom_1572457351148{border-radius: 35px !important;}&#8221;][\/vc_column][\/vc_row]<\/p>\n","protected":false},"excerpt":{"rendered":"<p>[vc_row css=&#8221;.vc_custom_1567687345301{background-color: #f6f6f6 !important;}&#8221;][vc_column][vc_custom_heading text=&#8221; Shallots are one of the easiest and most simple vegetable to grow!&#8221; font_container=&#8221;tag:div|font_size:18|text_align:center&#8221; use_theme_fonts=&#8221;yes&#8221;][\/vc_column][\/vc_row][vc_row css=&#8221;.vc_custom_1567686868811{background-color: #f6f6f6 !important;}&#8221;][vc_column width=&#8221;1\/4&#8243;][\/vc_column][vc_column width=&#8221;1\/2&#8243;][vc_video link=&#8221;https:\/\/youtu.be\/WMy61tM0qOw&#8221; align=&#8221;center&#8221;][\/vc_column][vc_column width=&#8221;1\/4&#8243;][\/vc_column][\/vc_row][vc_row][vc_column][vc_empty_space height=&#8221;5px&#8221;][\/vc_column][\/vc_row][vc_row css=&#8221;.vc_custom_1567687543406{background-color: #f6f6f6 [&hellip;]<\/p>\n","protected":false},"author":3,"featured_media":0,"parent":0,"menu_order":0,"comment_status":"closed","ping_status":"closed","template":"","meta":{"_acf_changed":false,"footnotes":""},"categories":[],"class_list":["post-4402","page","type-page","status-publish","hentry"],"acf":[],"yoast_head":"<!-- This site is optimized with the Yoast SEO plugin v27.5 - https:\/\/yoast.com\/product\/yoast-seo-wordpress\/ -->\n<title>How to plant, grow and harvest shallot? - Le plant certifi\u00e9 d&#039;ail et d&#039;\u00e9chalote<\/title>\n<meta name=\"robots\" content=\"index, follow, max-snippet:-1, max-image-preview:large, max-video-preview:-1\" \/>\n<link rel=\"canonical\" href=\"https:\/\/ail-echalote-certifie.org\/en\/planting-growing-harvesting-storing-shallot\/\" \/>\n<meta property=\"og:locale\" content=\"en_US\" \/>\n<meta property=\"og:type\" content=\"article\" \/>\n<meta property=\"og:title\" content=\"How to plant, grow and harvest shallot? - Le plant certifi\u00e9 d&#039;ail et d&#039;\u00e9chalote\" \/>\n<meta property=\"og:description\" content=\"[vc_row css=&#8221;.vc_custom_1567687345301{background-color: #f6f6f6 !important;}&#8221;][vc_column][vc_custom_heading text=&#8221; Shallots are one of the easiest and most simple vegetable to grow!&#8221; font_container=&#8221;tag:div|font_size:18|text_align:center&#8221; use_theme_fonts=&#8221;yes&#8221;][\/vc_column][\/vc_row][vc_row css=&#8221;.vc_custom_1567686868811{background-color: #f6f6f6 !important;}&#8221;][vc_column width=&#8221;1\/4&#8243;][\/vc_column][vc_column width=&#8221;1\/2&#8243;][vc_video link=&#8221;https:\/\/youtu.be\/WMy61tM0qOw&#8221; align=&#8221;center&#8221;][\/vc_column][vc_column width=&#8221;1\/4&#8243;][\/vc_column][\/vc_row][vc_row][vc_column][vc_empty_space height=&#8221;5px&#8221;][\/vc_column][\/vc_row][vc_row css=&#8221;.vc_custom_1567687543406{background-color: #f6f6f6 [&hellip;]\" \/>\n<meta property=\"og:url\" content=\"https:\/\/ail-echalote-certifie.org\/en\/planting-growing-harvesting-storing-shallot\/\" \/>\n<meta property=\"og:site_name\" content=\"Le plant certifi\u00e9 d&#039;ail et d&#039;\u00e9chalote\" \/>\n<meta property=\"article:modified_time\" content=\"2019-10-30T17:41:36+00:00\" \/>\n<meta name=\"twitter:card\" content=\"summary_large_image\" \/>\n<meta name=\"twitter:label1\" content=\"Est. reading time\" \/>\n\t<meta name=\"twitter:data1\" content=\"5 minutes\" \/>\n<script type=\"application\/ld+json\" class=\"yoast-schema-graph\">{\"@context\":\"https:\\\/\\\/schema.org\",\"@graph\":[{\"@type\":\"WebPage\",\"@id\":\"https:\\\/\\\/ail-echalote-certifie.org\\\/en\\\/planting-growing-harvesting-storing-shallot\\\/\",\"url\":\"https:\\\/\\\/ail-echalote-certifie.org\\\/en\\\/planting-growing-harvesting-storing-shallot\\\/\",\"name\":\"How to plant, grow and harvest shallot? - Le plant certifi\u00e9 d&#039;ail et d&#039;\u00e9chalote\",\"isPartOf\":{\"@id\":\"https:\\\/\\\/ail-echalote-certifie.org\\\/en\\\/#website\"},\"datePublished\":\"2019-07-08T06:37:29+00:00\",\"dateModified\":\"2019-10-30T17:41:36+00:00\",\"breadcrumb\":{\"@id\":\"https:\\\/\\\/ail-echalote-certifie.org\\\/en\\\/planting-growing-harvesting-storing-shallot\\\/#breadcrumb\"},\"inLanguage\":\"en-US\",\"potentialAction\":[{\"@type\":\"ReadAction\",\"target\":[\"https:\\\/\\\/ail-echalote-certifie.org\\\/en\\\/planting-growing-harvesting-storing-shallot\\\/\"]}]},{\"@type\":\"BreadcrumbList\",\"@id\":\"https:\\\/\\\/ail-echalote-certifie.org\\\/en\\\/planting-growing-harvesting-storing-shallot\\\/#breadcrumb\",\"itemListElement\":[{\"@type\":\"ListItem\",\"position\":1,\"name\":\"Accueil\",\"item\":\"https:\\\/\\\/ail-echalote-certifie.org\\\/en\\\/\"},{\"@type\":\"ListItem\",\"position\":2,\"name\":\"How to plant, grow and harvest shallot?\"}]},{\"@type\":\"WebSite\",\"@id\":\"https:\\\/\\\/ail-echalote-certifie.org\\\/en\\\/#website\",\"url\":\"https:\\\/\\\/ail-echalote-certifie.org\\\/en\\\/\",\"name\":\"Le plant certifi\u00e9 d\u2019ail et d\u2019\u00e9chalote\",\"description\":\"Avec le plant certifi\u00e9, vous mettez toutes les chances de votre c\u00f4t\u00e9 !\",\"publisher\":{\"@id\":\"https:\\\/\\\/ail-echalote-certifie.org\\\/en\\\/#organization\"},\"potentialAction\":[{\"@type\":\"SearchAction\",\"target\":{\"@type\":\"EntryPoint\",\"urlTemplate\":\"https:\\\/\\\/ail-echalote-certifie.org\\\/en\\\/?s={search_term_string}\"},\"query-input\":{\"@type\":\"PropertyValueSpecification\",\"valueRequired\":true,\"valueName\":\"search_term_string\"}}],\"inLanguage\":\"en-US\"},{\"@type\":\"Organization\",\"@id\":\"https:\\\/\\\/ail-echalote-certifie.org\\\/en\\\/#organization\",\"name\":\"Le plant certifi\u00e9 d\u2019ail et d\u2019\u00e9chalote\",\"url\":\"https:\\\/\\\/ail-echalote-certifie.org\\\/en\\\/\",\"logo\":{\"@type\":\"ImageObject\",\"inLanguage\":\"en-US\",\"@id\":\"https:\\\/\\\/ail-echalote-certifie.org\\\/en\\\/#\\\/schema\\\/logo\\\/image\\\/\",\"url\":\"https:\\\/\\\/ail-echalote-certifie.org\\\/wp-content\\\/uploads\\\/2020\\\/12\\\/PROSEMAIL-RVB.png\",\"contentUrl\":\"https:\\\/\\\/ail-echalote-certifie.org\\\/wp-content\\\/uploads\\\/2020\\\/12\\\/PROSEMAIL-RVB.png\",\"width\":219,\"height\":174,\"caption\":\"Le plant certifi\u00e9 d\u2019ail et d\u2019\u00e9chalote\"},\"image\":{\"@id\":\"https:\\\/\\\/ail-echalote-certifie.org\\\/en\\\/#\\\/schema\\\/logo\\\/image\\\/\"}}]}<\/script>\n<!-- \/ Yoast SEO plugin. -->","yoast_head_json":{"title":"How to plant, grow and harvest shallot? - Le plant certifi\u00e9 d&#039;ail et d&#039;\u00e9chalote","robots":{"index":"index","follow":"follow","max-snippet":"max-snippet:-1","max-image-preview":"max-image-preview:large","max-video-preview":"max-video-preview:-1"},"canonical":"https:\/\/ail-echalote-certifie.org\/en\/planting-growing-harvesting-storing-shallot\/","og_locale":"en_US","og_type":"article","og_title":"How to plant, grow and harvest shallot? - Le plant certifi\u00e9 d&#039;ail et d&#039;\u00e9chalote","og_description":"[vc_row css=&#8221;.vc_custom_1567687345301{background-color: #f6f6f6 !important;}&#8221;][vc_column][vc_custom_heading text=&#8221; Shallots are one of the easiest and most simple vegetable to grow!&#8221; font_container=&#8221;tag:div|font_size:18|text_align:center&#8221; use_theme_fonts=&#8221;yes&#8221;][\/vc_column][\/vc_row][vc_row css=&#8221;.vc_custom_1567686868811{background-color: #f6f6f6 !important;}&#8221;][vc_column width=&#8221;1\/4&#8243;][\/vc_column][vc_column width=&#8221;1\/2&#8243;][vc_video link=&#8221;https:\/\/youtu.be\/WMy61tM0qOw&#8221; align=&#8221;center&#8221;][\/vc_column][vc_column width=&#8221;1\/4&#8243;][\/vc_column][\/vc_row][vc_row][vc_column][vc_empty_space height=&#8221;5px&#8221;][\/vc_column][\/vc_row][vc_row css=&#8221;.vc_custom_1567687543406{background-color: #f6f6f6 [&hellip;]","og_url":"https:\/\/ail-echalote-certifie.org\/en\/planting-growing-harvesting-storing-shallot\/","og_site_name":"Le plant certifi\u00e9 d&#039;ail et d&#039;\u00e9chalote","article_modified_time":"2019-10-30T17:41:36+00:00","twitter_card":"summary_large_image","twitter_misc":{"Est. reading time":"5 minutes"},"schema":{"@context":"https:\/\/schema.org","@graph":[{"@type":"WebPage","@id":"https:\/\/ail-echalote-certifie.org\/en\/planting-growing-harvesting-storing-shallot\/","url":"https:\/\/ail-echalote-certifie.org\/en\/planting-growing-harvesting-storing-shallot\/","name":"How to plant, grow and harvest shallot? - Le plant certifi\u00e9 d&#039;ail et d&#039;\u00e9chalote","isPartOf":{"@id":"https:\/\/ail-echalote-certifie.org\/en\/#website"},"datePublished":"2019-07-08T06:37:29+00:00","dateModified":"2019-10-30T17:41:36+00:00","breadcrumb":{"@id":"https:\/\/ail-echalote-certifie.org\/en\/planting-growing-harvesting-storing-shallot\/#breadcrumb"},"inLanguage":"en-US","potentialAction":[{"@type":"ReadAction","target":["https:\/\/ail-echalote-certifie.org\/en\/planting-growing-harvesting-storing-shallot\/"]}]},{"@type":"BreadcrumbList","@id":"https:\/\/ail-echalote-certifie.org\/en\/planting-growing-harvesting-storing-shallot\/#breadcrumb","itemListElement":[{"@type":"ListItem","position":1,"name":"Accueil","item":"https:\/\/ail-echalote-certifie.org\/en\/"},{"@type":"ListItem","position":2,"name":"How to plant, grow and harvest shallot?"}]},{"@type":"WebSite","@id":"https:\/\/ail-echalote-certifie.org\/en\/#website","url":"https:\/\/ail-echalote-certifie.org\/en\/","name":"Le plant certifi\u00e9 d\u2019ail et d\u2019\u00e9chalote","description":"Avec le plant certifi\u00e9, vous mettez toutes les chances de votre c\u00f4t\u00e9 !","publisher":{"@id":"https:\/\/ail-echalote-certifie.org\/en\/#organization"},"potentialAction":[{"@type":"SearchAction","target":{"@type":"EntryPoint","urlTemplate":"https:\/\/ail-echalote-certifie.org\/en\/?s={search_term_string}"},"query-input":{"@type":"PropertyValueSpecification","valueRequired":true,"valueName":"search_term_string"}}],"inLanguage":"en-US"},{"@type":"Organization","@id":"https:\/\/ail-echalote-certifie.org\/en\/#organization","name":"Le plant certifi\u00e9 d\u2019ail et d\u2019\u00e9chalote","url":"https:\/\/ail-echalote-certifie.org\/en\/","logo":{"@type":"ImageObject","inLanguage":"en-US","@id":"https:\/\/ail-echalote-certifie.org\/en\/#\/schema\/logo\/image\/","url":"https:\/\/ail-echalote-certifie.org\/wp-content\/uploads\/2020\/12\/PROSEMAIL-RVB.png","contentUrl":"https:\/\/ail-echalote-certifie.org\/wp-content\/uploads\/2020\/12\/PROSEMAIL-RVB.png","width":219,"height":174,"caption":"Le plant certifi\u00e9 d\u2019ail et d\u2019\u00e9chalote"},"image":{"@id":"https:\/\/ail-echalote-certifie.org\/en\/#\/schema\/logo\/image\/"}}]}},"_links":{"self":[{"href":"https:\/\/ail-echalote-certifie.org\/en\/wp-json\/wp\/v2\/pages\/4402","targetHints":{"allow":["GET"]}}],"collection":[{"href":"https:\/\/ail-echalote-certifie.org\/en\/wp-json\/wp\/v2\/pages"}],"about":[{"href":"https:\/\/ail-echalote-certifie.org\/en\/wp-json\/wp\/v2\/types\/page"}],"author":[{"embeddable":true,"href":"https:\/\/ail-echalote-certifie.org\/en\/wp-json\/wp\/v2\/users\/3"}],"replies":[{"embeddable":true,"href":"https:\/\/ail-echalote-certifie.org\/en\/wp-json\/wp\/v2\/comments?post=4402"}],"version-history":[{"count":25,"href":"https:\/\/ail-echalote-certifie.org\/en\/wp-json\/wp\/v2\/pages\/4402\/revisions"}],"predecessor-version":[{"id":6553,"href":"https:\/\/ail-echalote-certifie.org\/en\/wp-json\/wp\/v2\/pages\/4402\/revisions\/6553"}],"wp:attachment":[{"href":"https:\/\/ail-echalote-certifie.org\/en\/wp-json\/wp\/v2\/media?parent=4402"}],"wp:term":[{"taxonomy":"category","embeddable":true,"href":"https:\/\/ail-echalote-certifie.org\/en\/wp-json\/wp\/v2\/categories?post=4402"}],"curies":[{"name":"wp","href":"https:\/\/api.w.org\/{rel}","templated":true}]}}