{"id":3981,"date":"2019-05-27T10:20:05","date_gmt":"2019-05-27T08:20:05","guid":{"rendered":"https:\/\/ail-echalote-certifie.org\/les-varietes-francaises-d-ail\/"},"modified":"2019-10-30T18:46:18","modified_gmt":"2019-10-30T17:46:18","slug":"the-official-french-catalogue-of-garlic-varieties","status":"publish","type":"page","link":"https:\/\/ail-echalote-certifie.org\/en\/the-official-french-catalogue-of-garlic-varieties\/","title":{"rendered":"The Official French Catalogue of garlic varieties"},"content":{"rendered":"<p>[vc_row css=&#8221;.vc_custom_1567609134168{background-color: #f6f6f6 !important;}&#8221;][vc_column][vc_custom_heading text=&#8221;<strong><em>Unexpected diversity : Over 25 varieties are available to amateur gardeners.<\/em><\/strong><\/p>\n<p>These varieties are distinguished by their different characteristics: earliness, colour (bulbs and cloves), flavour and storage qualities. Gardeners should choose varieties based on planting time, local climate and storage qualities.&#8221; font_container=&#8221;tag:div|font_size:18|text_align:left&#8221; use_theme_fonts=&#8221;yes&#8221; css=&#8221;.vc_custom_1572452509220{margin-bottom: 30px !important;}&#8221;][\/vc_column][\/vc_row][vc_row][vc_column][vc_empty_space height=&#8221;5px&#8221;][\/vc_column][\/vc_row][vc_row equal_height=&#8221;yes&#8221; rtl_reverse=&#8221;yes&#8221; content_placement=&#8221;top&#8221; css_animation=&#8221;none&#8221; css=&#8221;.vc_custom_1567608910554{background-color: #f6f6f6 !important;}&#8221;][vc_column width=&#8221;1\/2&#8243;][vc_custom_heading text=&#8221;Autumn planting garlic&#8221; use_theme_fonts=&#8221;yes&#8221;][vc_empty_space height=&#8221;15px&#8221;][vc_column_text]<span>Autumn planting garlic has large cloves and starts sprouting from the end of November. It can be planted from October to mid-December.<\/span><\/p>\n<p><span>This type of garlic is best planted early and eaten freshly picked. It can also be stored, as long as it is kept in a warm dry room, for instance in the kitchen.<\/span><\/p>\n<p>There are two types of autumn garlic : white garlic and <span>purple garlic who is<\/span> more early. They are differentiated by t<span>he external tunic color.<\/span>[\/vc_column_text][\/vc_column][vc_column width=&#8221;1\/2&#8243; css=&#8221;.vc_custom_1568887738955{background-position: center !important;background-repeat: no-repeat !important;background-size: cover !important;}&#8221;][vc_single_image image=&#8221;4536&#8243; img_size=&#8221;large&#8221; add_caption=&#8221;yes&#8221; css=&#8221;.vc_custom_1570624109441{margin-top: 0px !important;padding-top: 0px !important;}&#8221;][\/vc_column][\/vc_row][vc_row equal_height=&#8221;yes&#8221; content_placement=&#8221;top&#8221; css_animation=&#8221;none&#8221; css=&#8221;.vc_custom_1567610556865{margin-top: -20px !important;background-color: #f6f6f6 !important;}&#8221;][vc_column width=&#8221;1\/2&#8243;][vc_single_image image=&#8221;6054&#8243; img_size=&#8221;large&#8221; add_caption=&#8221;yes&#8221;][\/vc_column][vc_column width=&#8221;1\/2&#8243; css=&#8221;.vc_custom_1567609331924{background-color: #f6f6f6 !important;}&#8221;][vc_custom_heading text=&#8221;Spring garlic&#8221; use_theme_fonts=&#8221;yes&#8221;][vc_empty_space height=&#8221;15px&#8221;][vc_column_text]<span>Spring garlic bulbs are smaller than Autumn garlic bulbs, and have a higher dormancy rate, which means that Spring garlic only starts sprouting from December. Which means that Spring garlic should be planted from December to the end of March.<\/span><\/p>\n<p><span>Spring garlic only reaches full maturity in July. In Mediterranean regions, Spring garlic can be planted as early as November or December and is harvested 8 to 10 days earlier.<\/span><\/p>\n<p><span>Spring garlic is in fact pink garlic: most of the time the pink hue is only visible once the cloves have been separated, as only the skin covering the cloves has that pink hue.<\/span><\/p>\n<p><span>There are two type of\u00a0 pink garlic : \u2018softneck\u2019 varieties and \u2018hardneck\u2019 varieties which can be plant on autumn.<\/span><\/p>\n<p><span>The neck is in fact the flower scape which has gone hard in the centre of the cloves.<\/span><\/p>\n<p><span>Pink garlic stores very well.<\/span>[\/vc_column_text][\/vc_column][\/vc_row][vc_row][vc_column][vc_empty_space height=&#8221;15px&#8221;][\/vc_column][\/vc_row][vc_row][vc_column][vc_column_text]<\/p>\n<h2><span>Explore the 30 <\/span>available French <span>v<\/span>arieties<\/h2>\n<p>[\/vc_column_text][vc_masonry_grid post_type=&#8221;page&#8221; max_items=&#8221;-1&#8243; show_filter=&#8221;yes&#8221; element_width=&#8221;3&#8243; orderby=&#8221;title&#8221; order=&#8221;ASC&#8221; filter_default_title=&#8221;Toutes&#8221; item=&#8221;3817&#8243; grid_id=&#8221;vc_gid:1572457576805-d929256e-9e80-1&#8243; taxonomies=&#8221;151, 1, 147, 149&#8243; filter_source=&#8221;category&#8221; el_class=&#8221;grid-ail&#8221;][\/vc_column][\/vc_row][vc_row css=&#8221;.vc_custom_1568885822716{margin-top: 30px !important;}&#8221;][vc_column][vc_btn title=&#8221;How to plant, grow and harvest garlic?&#8221; color=&#8221;juicy-pink&#8221; align=&#8221;center&#8221; link=&#8221;url:https%3A%2F%2Fail-echalote-certifie.org%2Fen%2Fplanting-growing-harvesting-storing-garlic%2F|title:Planting%2C%20Growing%2C%20Harvesting%2C%20Storing%20Garlic||&#8221; el_class=&#8221;btn-toutes-varietes-ail&#8221; css=&#8221;.vc_custom_1572457632552{border-radius: 35px !important;}&#8221;][\/vc_column][\/vc_row]<\/p>\n","protected":false},"excerpt":{"rendered":"<p>[vc_row css=&#8221;.vc_custom_1567609134168{background-color: #f6f6f6 !important;}&#8221;][vc_column][vc_custom_heading text=&#8221;Unexpected diversity : Over 25 varieties are available to amateur gardeners. These varieties are distinguished by their different characteristics: earliness, colour (bulbs and cloves), flavour and [&hellip;]<\/p>\n","protected":false},"author":3,"featured_media":0,"parent":0,"menu_order":0,"comment_status":"closed","ping_status":"closed","template":"","meta":{"_acf_changed":false,"footnotes":""},"categories":[],"class_list":["post-3981","page","type-page","status-publish","hentry"],"acf":[],"yoast_head":"<!-- This site is optimized with the Yoast SEO plugin v27.5 - https:\/\/yoast.com\/product\/yoast-seo-wordpress\/ -->\n<title>The Official French Catalogue of garlic varieties - Le plant certifi\u00e9 d&#039;ail et d&#039;\u00e9chalote<\/title>\n<meta name=\"robots\" content=\"index, follow, max-snippet:-1, max-image-preview:large, max-video-preview:-1\" \/>\n<link rel=\"canonical\" href=\"https:\/\/ail-echalote-certifie.org\/en\/the-official-french-catalogue-of-garlic-varieties\/\" \/>\n<meta property=\"og:locale\" content=\"en_US\" \/>\n<meta property=\"og:type\" content=\"article\" \/>\n<meta property=\"og:title\" content=\"The Official French Catalogue of garlic varieties - Le plant certifi\u00e9 d&#039;ail et d&#039;\u00e9chalote\" \/>\n<meta property=\"og:description\" content=\"[vc_row css=&#8221;.vc_custom_1567609134168{background-color: #f6f6f6 !important;}&#8221;][vc_column][vc_custom_heading text=&#8221;Unexpected diversity : Over 25 varieties are available to amateur gardeners. These varieties are distinguished by their different characteristics: earliness, colour (bulbs and cloves), flavour and [&hellip;]\" \/>\n<meta property=\"og:url\" content=\"https:\/\/ail-echalote-certifie.org\/en\/the-official-french-catalogue-of-garlic-varieties\/\" \/>\n<meta property=\"og:site_name\" content=\"Le plant certifi\u00e9 d&#039;ail et d&#039;\u00e9chalote\" \/>\n<meta property=\"article:modified_time\" content=\"2019-10-30T17:46:18+00:00\" \/>\n<meta name=\"twitter:card\" content=\"summary_large_image\" \/>\n<meta name=\"twitter:label1\" content=\"Est. reading time\" \/>\n\t<meta name=\"twitter:data1\" content=\"3 minutes\" \/>\n<script type=\"application\/ld+json\" class=\"yoast-schema-graph\">{\"@context\":\"https:\\\/\\\/schema.org\",\"@graph\":[{\"@type\":\"WebPage\",\"@id\":\"https:\\\/\\\/ail-echalote-certifie.org\\\/en\\\/the-official-french-catalogue-of-garlic-varieties\\\/\",\"url\":\"https:\\\/\\\/ail-echalote-certifie.org\\\/en\\\/the-official-french-catalogue-of-garlic-varieties\\\/\",\"name\":\"The Official French Catalogue of garlic varieties - Le plant certifi\u00e9 d&#039;ail et d&#039;\u00e9chalote\",\"isPartOf\":{\"@id\":\"https:\\\/\\\/ail-echalote-certifie.org\\\/en\\\/#website\"},\"datePublished\":\"2019-05-27T08:20:05+00:00\",\"dateModified\":\"2019-10-30T17:46:18+00:00\",\"breadcrumb\":{\"@id\":\"https:\\\/\\\/ail-echalote-certifie.org\\\/en\\\/the-official-french-catalogue-of-garlic-varieties\\\/#breadcrumb\"},\"inLanguage\":\"en-US\",\"potentialAction\":[{\"@type\":\"ReadAction\",\"target\":[\"https:\\\/\\\/ail-echalote-certifie.org\\\/en\\\/the-official-french-catalogue-of-garlic-varieties\\\/\"]}]},{\"@type\":\"BreadcrumbList\",\"@id\":\"https:\\\/\\\/ail-echalote-certifie.org\\\/en\\\/the-official-french-catalogue-of-garlic-varieties\\\/#breadcrumb\",\"itemListElement\":[{\"@type\":\"ListItem\",\"position\":1,\"name\":\"Accueil\",\"item\":\"https:\\\/\\\/ail-echalote-certifie.org\\\/en\\\/\"},{\"@type\":\"ListItem\",\"position\":2,\"name\":\"The Official French Catalogue of garlic varieties\"}]},{\"@type\":\"WebSite\",\"@id\":\"https:\\\/\\\/ail-echalote-certifie.org\\\/en\\\/#website\",\"url\":\"https:\\\/\\\/ail-echalote-certifie.org\\\/en\\\/\",\"name\":\"Le plant certifi\u00e9 d\u2019ail et d\u2019\u00e9chalote\",\"description\":\"Avec le plant certifi\u00e9, vous mettez toutes les chances de votre c\u00f4t\u00e9 !\",\"publisher\":{\"@id\":\"https:\\\/\\\/ail-echalote-certifie.org\\\/en\\\/#organization\"},\"potentialAction\":[{\"@type\":\"SearchAction\",\"target\":{\"@type\":\"EntryPoint\",\"urlTemplate\":\"https:\\\/\\\/ail-echalote-certifie.org\\\/en\\\/?s={search_term_string}\"},\"query-input\":{\"@type\":\"PropertyValueSpecification\",\"valueRequired\":true,\"valueName\":\"search_term_string\"}}],\"inLanguage\":\"en-US\"},{\"@type\":\"Organization\",\"@id\":\"https:\\\/\\\/ail-echalote-certifie.org\\\/en\\\/#organization\",\"name\":\"Le plant certifi\u00e9 d\u2019ail et d\u2019\u00e9chalote\",\"url\":\"https:\\\/\\\/ail-echalote-certifie.org\\\/en\\\/\",\"logo\":{\"@type\":\"ImageObject\",\"inLanguage\":\"en-US\",\"@id\":\"https:\\\/\\\/ail-echalote-certifie.org\\\/en\\\/#\\\/schema\\\/logo\\\/image\\\/\",\"url\":\"https:\\\/\\\/ail-echalote-certifie.org\\\/wp-content\\\/uploads\\\/2020\\\/12\\\/PROSEMAIL-RVB.png\",\"contentUrl\":\"https:\\\/\\\/ail-echalote-certifie.org\\\/wp-content\\\/uploads\\\/2020\\\/12\\\/PROSEMAIL-RVB.png\",\"width\":219,\"height\":174,\"caption\":\"Le plant certifi\u00e9 d\u2019ail et d\u2019\u00e9chalote\"},\"image\":{\"@id\":\"https:\\\/\\\/ail-echalote-certifie.org\\\/en\\\/#\\\/schema\\\/logo\\\/image\\\/\"}}]}<\/script>\n<!-- \/ Yoast SEO plugin. -->","yoast_head_json":{"title":"The Official French Catalogue of garlic varieties - Le plant certifi\u00e9 d&#039;ail et d&#039;\u00e9chalote","robots":{"index":"index","follow":"follow","max-snippet":"max-snippet:-1","max-image-preview":"max-image-preview:large","max-video-preview":"max-video-preview:-1"},"canonical":"https:\/\/ail-echalote-certifie.org\/en\/the-official-french-catalogue-of-garlic-varieties\/","og_locale":"en_US","og_type":"article","og_title":"The Official French Catalogue of garlic varieties - Le plant certifi\u00e9 d&#039;ail et d&#039;\u00e9chalote","og_description":"[vc_row css=&#8221;.vc_custom_1567609134168{background-color: #f6f6f6 !important;}&#8221;][vc_column][vc_custom_heading text=&#8221;Unexpected diversity : Over 25 varieties are available to amateur gardeners. These varieties are distinguished by their different characteristics: earliness, colour (bulbs and cloves), flavour and [&hellip;]","og_url":"https:\/\/ail-echalote-certifie.org\/en\/the-official-french-catalogue-of-garlic-varieties\/","og_site_name":"Le plant certifi\u00e9 d&#039;ail et d&#039;\u00e9chalote","article_modified_time":"2019-10-30T17:46:18+00:00","twitter_card":"summary_large_image","twitter_misc":{"Est. reading time":"3 minutes"},"schema":{"@context":"https:\/\/schema.org","@graph":[{"@type":"WebPage","@id":"https:\/\/ail-echalote-certifie.org\/en\/the-official-french-catalogue-of-garlic-varieties\/","url":"https:\/\/ail-echalote-certifie.org\/en\/the-official-french-catalogue-of-garlic-varieties\/","name":"The Official French Catalogue of garlic varieties - Le plant certifi\u00e9 d&#039;ail et d&#039;\u00e9chalote","isPartOf":{"@id":"https:\/\/ail-echalote-certifie.org\/en\/#website"},"datePublished":"2019-05-27T08:20:05+00:00","dateModified":"2019-10-30T17:46:18+00:00","breadcrumb":{"@id":"https:\/\/ail-echalote-certifie.org\/en\/the-official-french-catalogue-of-garlic-varieties\/#breadcrumb"},"inLanguage":"en-US","potentialAction":[{"@type":"ReadAction","target":["https:\/\/ail-echalote-certifie.org\/en\/the-official-french-catalogue-of-garlic-varieties\/"]}]},{"@type":"BreadcrumbList","@id":"https:\/\/ail-echalote-certifie.org\/en\/the-official-french-catalogue-of-garlic-varieties\/#breadcrumb","itemListElement":[{"@type":"ListItem","position":1,"name":"Accueil","item":"https:\/\/ail-echalote-certifie.org\/en\/"},{"@type":"ListItem","position":2,"name":"The Official French Catalogue of garlic varieties"}]},{"@type":"WebSite","@id":"https:\/\/ail-echalote-certifie.org\/en\/#website","url":"https:\/\/ail-echalote-certifie.org\/en\/","name":"Le plant certifi\u00e9 d\u2019ail et d\u2019\u00e9chalote","description":"Avec le plant certifi\u00e9, vous mettez toutes les chances de votre c\u00f4t\u00e9 !","publisher":{"@id":"https:\/\/ail-echalote-certifie.org\/en\/#organization"},"potentialAction":[{"@type":"SearchAction","target":{"@type":"EntryPoint","urlTemplate":"https:\/\/ail-echalote-certifie.org\/en\/?s={search_term_string}"},"query-input":{"@type":"PropertyValueSpecification","valueRequired":true,"valueName":"search_term_string"}}],"inLanguage":"en-US"},{"@type":"Organization","@id":"https:\/\/ail-echalote-certifie.org\/en\/#organization","name":"Le plant certifi\u00e9 d\u2019ail et d\u2019\u00e9chalote","url":"https:\/\/ail-echalote-certifie.org\/en\/","logo":{"@type":"ImageObject","inLanguage":"en-US","@id":"https:\/\/ail-echalote-certifie.org\/en\/#\/schema\/logo\/image\/","url":"https:\/\/ail-echalote-certifie.org\/wp-content\/uploads\/2020\/12\/PROSEMAIL-RVB.png","contentUrl":"https:\/\/ail-echalote-certifie.org\/wp-content\/uploads\/2020\/12\/PROSEMAIL-RVB.png","width":219,"height":174,"caption":"Le plant certifi\u00e9 d\u2019ail et d\u2019\u00e9chalote"},"image":{"@id":"https:\/\/ail-echalote-certifie.org\/en\/#\/schema\/logo\/image\/"}}]}},"_links":{"self":[{"href":"https:\/\/ail-echalote-certifie.org\/en\/wp-json\/wp\/v2\/pages\/3981","targetHints":{"allow":["GET"]}}],"collection":[{"href":"https:\/\/ail-echalote-certifie.org\/en\/wp-json\/wp\/v2\/pages"}],"about":[{"href":"https:\/\/ail-echalote-certifie.org\/en\/wp-json\/wp\/v2\/types\/page"}],"author":[{"embeddable":true,"href":"https:\/\/ail-echalote-certifie.org\/en\/wp-json\/wp\/v2\/users\/3"}],"replies":[{"embeddable":true,"href":"https:\/\/ail-echalote-certifie.org\/en\/wp-json\/wp\/v2\/comments?post=3981"}],"version-history":[{"count":24,"href":"https:\/\/ail-echalote-certifie.org\/en\/wp-json\/wp\/v2\/pages\/3981\/revisions"}],"predecessor-version":[{"id":6557,"href":"https:\/\/ail-echalote-certifie.org\/en\/wp-json\/wp\/v2\/pages\/3981\/revisions\/6557"}],"wp:attachment":[{"href":"https:\/\/ail-echalote-certifie.org\/en\/wp-json\/wp\/v2\/media?parent=3981"}],"wp:term":[{"taxonomy":"category","embeddable":true,"href":"https:\/\/ail-echalote-certifie.org\/en\/wp-json\/wp\/v2\/categories?post=3981"}],"curies":[{"name":"wp","href":"https:\/\/api.w.org\/{rel}","templated":true}]}}